{"id":178,"date":"2017-09-09T12:09:53","date_gmt":"2017-09-09T10:09:53","guid":{"rendered":"http:\/\/asti71.org\/?page_id=178"},"modified":"2026-04-02T11:43:54","modified_gmt":"2026-04-02T09:43:54","slug":"latelier-bricolage","status":"publish","type":"page","link":"https:\/\/asti71.org\/index.php\/nos-actions\/latelier-bricolage\/","title":{"rendered":"Atelier Jardin"},"content":{"rendered":"<div>\n<h1 align=\"left\"><span style=\"font-family: arial, helvetica, sans-serif;\">Atelier Jardin<\/span><\/h1>\n<h2 align=\"left\"><span style=\"font-family: arial, helvetica, sans-serif;\"><strong>Des parcelles de terrain ont \u00e9t\u00e9 mises \u00e0 disposition de l\u2019association afin de proposer un atelier de jardinage.<\/strong> <\/span><\/h2>\n<p><img loading=\"lazy\" decoding=\"async\" class=\"size-medium wp-image-941\" src=\"https:\/\/asti71.org\/wp-content\/uploads\/2019\/05\/P3030119-300x225.jpg\" alt=\"\" width=\"300\" height=\"225\" srcset=\"https:\/\/asti71.org\/wp-content\/uploads\/2019\/05\/P3030119-300x225.jpg 300w, https:\/\/asti71.org\/wp-content\/uploads\/2019\/05\/P3030119-768x576.jpg 768w, https:\/\/asti71.org\/wp-content\/uploads\/2019\/05\/P3030119-1024x768.jpg 1024w, https:\/\/asti71.org\/wp-content\/uploads\/2019\/05\/P3030119-148x111.jpg 148w, https:\/\/asti71.org\/wp-content\/uploads\/2019\/05\/P3030119-31x23.jpg 31w, https:\/\/asti71.org\/wp-content\/uploads\/2019\/05\/P3030119-38x29.jpg 38w, https:\/\/asti71.org\/wp-content\/uploads\/2019\/05\/P3030119-287x215.jpg 287w, https:\/\/asti71.org\/wp-content\/uploads\/2019\/05\/P3030119-110x83.jpg 110w, https:\/\/asti71.org\/wp-content\/uploads\/2019\/05\/P3030119-420x315.jpg 420w, https:\/\/asti71.org\/wp-content\/uploads\/2019\/05\/P3030119-573x430.jpg 573w\" sizes=\"auto, (max-width: 300px) 100vw, 300px\" \/><\/p>\n<p><span style=\"font-family: arial, helvetica, sans-serif;\">Les b\u00e9n\u00e9voles, accompagn\u00e9s par l\u2019ASTI, y produisent des l\u00e9gumes afin de nourrir leurs familles mais \u00e9galement dans un esprit de solidarit\u00e9 pour celles et ceux qui n\u2019ont pas la possibilit\u00e9 physique de travailler (handicap, vieillissement, etc.).Participer \u00e0 l\u2019atelier jardinage permet :<\/span><\/p>\n<ul>\n<li><span style=\"font-family: arial, helvetica, sans-serif;\">d\u2019\u00eatre actif en attendant d\u2019acc\u00e9der aux papiers n\u00e9cessaires qui permettront d\u2019acc\u00e9der \u00e0 une ind\u00e9pendance sociale et \u00e9conomique ; <\/span><\/li>\n<li><span style=\"font-family: arial, helvetica, sans-serif;\">de retrouver une dignit\u00e9 en r\u00e9alisant une production en vue d\u2019une autonomie personnelle avec un esprit de solidarit\u00e9 avec les autres ; <\/span><\/li>\n<li><span style=\"font-family: arial, helvetica, sans-serif;\">de maintenir, de r\u00e9activer et d\u2019am\u00e9liorer les comp\u00e9tences acquises dans le pays d\u2019origine ; <\/span><\/li>\n<li><span style=\"font-family: arial, helvetica, sans-serif;\">de se rendre utile \u00e0 la soci\u00e9t\u00e9 accueillante, d\u2019\u00e9changer diff\u00e9rentes pratiques de mara\u00eechage, afin de nourrir leurs familles et d\u2019en faire profiter d\u2019autres qui n\u2019ont pas les m\u00eames possibilit\u00e9s.<\/span><\/li>\n<\/ul>\n<\/div>\n<p><img loading=\"lazy\" decoding=\"async\" class=\"size-medium wp-image-951\" src=\"https:\/\/asti71.org\/wp-content\/uploads\/2019\/06\/bricolage1-300x218.jpg\" alt=\"\" width=\"300\" height=\"218\" srcset=\"https:\/\/asti71.org\/wp-content\/uploads\/2019\/06\/bricolage1-300x218.jpg 300w, https:\/\/asti71.org\/wp-content\/uploads\/2019\/06\/bricolage1-768x557.jpg 768w, https:\/\/asti71.org\/wp-content\/uploads\/2019\/06\/bricolage1-1024x743.jpg 1024w, https:\/\/asti71.org\/wp-content\/uploads\/2019\/06\/bricolage1-110x80.jpg 110w, https:\/\/asti71.org\/wp-content\/uploads\/2019\/06\/bricolage1-420x305.jpg 420w, https:\/\/asti71.org\/wp-content\/uploads\/2019\/06\/bricolage1-593x430.jpg 593w, https:\/\/asti71.org\/wp-content\/uploads\/2019\/06\/bricolage1.jpg 1900w\" sizes=\"auto, (max-width: 300px) 100vw, 300px\" \/><\/p>\n<p><img loading=\"lazy\" decoding=\"async\" class=\"size-medium wp-image-952\" src=\"https:\/\/asti71.org\/wp-content\/uploads\/2019\/06\/jardin2-300x225.jpg\" alt=\"\" width=\"300\" height=\"225\" srcset=\"https:\/\/asti71.org\/wp-content\/uploads\/2019\/06\/jardin2-300x225.jpg 300w, https:\/\/asti71.org\/wp-content\/uploads\/2019\/06\/jardin2-768x576.jpg 768w, https:\/\/asti71.org\/wp-content\/uploads\/2019\/06\/jardin2-1024x768.jpg 1024w, https:\/\/asti71.org\/wp-content\/uploads\/2019\/06\/jardin2-110x83.jpg 110w, https:\/\/asti71.org\/wp-content\/uploads\/2019\/06\/jardin2-420x315.jpg 420w, https:\/\/asti71.org\/wp-content\/uploads\/2019\/06\/jardin2-573x430.jpg 573w\" sizes=\"auto, (max-width: 300px) 100vw, 300px\" \/><\/p>\n<p>&nbsp;<\/p>\n<p>&nbsp;<\/p>\n<p>&nbsp;<\/p>\n<p>&nbsp;<\/p>\n<p>&nbsp;<\/p>\n<p>&nbsp;<\/p>\n<p>&nbsp;<\/p>\n<p>&nbsp;<\/p>\n<p><span style=\"font-family: arial, helvetica, sans-serif;\">Vous souhaitez rejoindre notre \u00e9quipe de b\u00e9n\u00e9voles concernant cet atelier, ou simplement leur poser une question, prenez contact avec nous.<\/span><\/p>\n<p><span style=\"font-family: arial, helvetica, sans-serif;\">\n<div class=\"wpcf7 no-js\" id=\"wpcf7-f530-o1\" lang=\"fr-FR\" dir=\"ltr\" data-wpcf7-id=\"530\">\n<div class=\"screen-reader-response\"><p role=\"status\" aria-live=\"polite\" aria-atomic=\"true\"><\/p> <ul><\/ul><\/div>\n<form action=\"\/index.php\/wp-json\/wp\/v2\/pages\/178#wpcf7-f530-o1\" method=\"post\" class=\"wpcf7-form init\" aria-label=\"Formulaire de contact\" novalidate=\"novalidate\" data-status=\"init\">\n<fieldset class=\"hidden-fields-container\"><input type=\"hidden\" name=\"_wpcf7\" value=\"530\" \/><input type=\"hidden\" name=\"_wpcf7_version\" value=\"6.1.5\" \/><input type=\"hidden\" name=\"_wpcf7_locale\" value=\"fr_FR\" \/><input type=\"hidden\" name=\"_wpcf7_unit_tag\" value=\"wpcf7-f530-o1\" \/><input type=\"hidden\" name=\"_wpcf7_container_post\" value=\"0\" \/><input type=\"hidden\" name=\"_wpcf7_posted_data_hash\" value=\"\" \/><input type=\"hidden\" name=\"_wpcf7cf_hidden_group_fields\" value=\"[]\" \/><input type=\"hidden\" name=\"_wpcf7cf_hidden_groups\" value=\"[]\" \/><input type=\"hidden\" name=\"_wpcf7cf_visible_groups\" value=\"[]\" \/><input type=\"hidden\" name=\"_wpcf7cf_repeaters\" value=\"[]\" \/><input type=\"hidden\" name=\"_wpcf7cf_steps\" value=\"{}\" \/><input type=\"hidden\" name=\"_wpcf7cf_options\" value=\"{&quot;form_id&quot;:530,&quot;conditions&quot;:[],&quot;settings&quot;:{&quot;animation&quot;:&quot;yes&quot;,&quot;animation_intime&quot;:200,&quot;animation_outtime&quot;:200,&quot;conditions_ui&quot;:&quot;normal&quot;,&quot;notice_dismissed&quot;:false,&quot;notice_dismissed_update-cf7-5.8&quot;:true,&quot;notice_dismissed_update-cf7-5.8.2&quot;:true}}\" \/><input type=\"hidden\" name=\"_wpcf7_recaptcha_response\" value=\"\" \/>\n<\/fieldset>\n<p><label> Votre nom<br \/>\n<span class=\"wpcf7-form-control-wrap\" data-name=\"your-name\"><input size=\"40\" maxlength=\"400\" class=\"wpcf7-form-control wpcf7-text wpcf7-validates-as-required\" aria-required=\"true\" aria-invalid=\"false\" value=\"\" type=\"text\" name=\"your-name\" \/><\/span> <\/label> *\n<\/p>\n<p><label> Votre pr\u00e9nom<br \/>\n<span class=\"wpcf7-form-control-wrap\" data-name=\"your-lastname\"><input size=\"40\" maxlength=\"400\" class=\"wpcf7-form-control wpcf7-text wpcf7-validates-as-required\" aria-required=\"true\" aria-invalid=\"false\" value=\"\" type=\"text\" name=\"your-lastname\" \/><\/span> <\/label> *\n<\/p>\n<p><label> Votre e-mail<br \/>\n<span class=\"wpcf7-form-control-wrap\" data-name=\"your-email\"><input size=\"40\" maxlength=\"400\" class=\"wpcf7-form-control wpcf7-email wpcf7-validates-as-required wpcf7-text wpcf7-validates-as-email\" aria-required=\"true\" aria-invalid=\"false\" value=\"\" type=\"email\" name=\"your-email\" \/><\/span> <\/label> *\n<\/p>\n<p><label> Votre message<br \/>\n<span class=\"wpcf7-form-control-wrap\" data-name=\"your-message\"><textarea cols=\"40\" rows=\"10\" maxlength=\"2000\" class=\"wpcf7-form-control wpcf7-textarea\" aria-invalid=\"false\" name=\"your-message\"><\/textarea><\/span> <\/label>\n<\/p>\n<p><input class=\"wpcf7-form-control wpcf7-submit has-spinner\" type=\"submit\" value=\"Envoyer\" \/>\n<\/p><p style=\"display: none !important;\" class=\"akismet-fields-container\" data-prefix=\"_wpcf7_ak_\"><label>&#916;<textarea name=\"_wpcf7_ak_hp_textarea\" cols=\"45\" rows=\"8\" maxlength=\"100\"><\/textarea><\/label><input type=\"hidden\" id=\"ak_js_1\" name=\"_wpcf7_ak_js\" value=\"89\"\/><script type=\"text\/javascript\">\n\/* <![CDATA[ *\/\ndocument.getElementById( \"ak_js_1\" ).setAttribute( \"value\", ( new Date() ).getTime() );\n\/* ]]> *\/\n<\/script>\n<\/p><div class=\"wpcf7-response-output\" aria-hidden=\"true\"><\/div>\n<\/form>\n<\/div>\n<\/span><\/p>\n<h2><\/h2>\n","protected":false},"excerpt":{"rendered":"<p>Atelier Jardin Des parcelles de terrain ont \u00e9t\u00e9 mises \u00e0 disposition de l\u2019association afin de proposer un atelier de jardinage. Les b\u00e9n\u00e9voles, accompagn\u00e9s par l\u2019ASTI, y produisent des l\u00e9gumes afin de nourrir leurs familles mais \u00e9galement dans un esprit de solidarit\u00e9 pour celles et ceux qui n\u2019ont pas la possibilit\u00e9 physique de travailler (handicap, vieillissement, [&hellip;]<\/p>\n","protected":false},"author":1,"featured_media":0,"parent":17,"menu_order":0,"comment_status":"closed","ping_status":"closed","template":"","meta":{"footnotes":""},"class_list":["post-178","page","type-page","status-publish","hentry"],"yoast_head":"<!-- This site is optimized with the Yoast SEO plugin v27.4 - https:\/\/yoast.com\/product\/yoast-seo-wordpress\/ -->\n<title>Atelier Jardin - ASTI 71<\/title>\n<meta name=\"description\" content=\"Atelier jardin de l&#039;ASTI\" \/>\n<meta name=\"robots\" content=\"index, follow, max-snippet:-1, max-image-preview:large, max-video-preview:-1\" \/>\n<link rel=\"canonical\" href=\"https:\/\/asti71.org\/index.php\/nos-actions\/latelier-bricolage\/\" \/>\n<meta property=\"og:locale\" content=\"fr_FR\" \/>\n<meta property=\"og:type\" content=\"article\" \/>\n<meta property=\"og:title\" content=\"Atelier Jardin - ASTI 71\" \/>\n<meta property=\"og:description\" content=\"Atelier jardin de l&#039;ASTI\" \/>\n<meta property=\"og:url\" content=\"https:\/\/asti71.org\/index.php\/nos-actions\/latelier-bricolage\/\" \/>\n<meta property=\"og:site_name\" content=\"ASTI 71\" \/>\n<meta property=\"article:publisher\" content=\"https:\/\/www.facebook.com\/asti.chalon\/\" \/>\n<meta property=\"article:modified_time\" content=\"2026-04-02T09:43:54+00:00\" \/>\n<meta property=\"og:image\" content=\"https:\/\/asti71.org\/wp-content\/uploads\/2019\/05\/P3030119.jpg\" \/>\n\t<meta property=\"og:image:width\" content=\"2560\" \/>\n\t<meta property=\"og:image:height\" content=\"1920\" \/>\n\t<meta property=\"og:image:type\" content=\"image\/jpeg\" \/>\n<meta name=\"twitter:card\" content=\"summary_large_image\" \/>\n<meta name=\"twitter:label1\" content=\"Dur\u00e9e de lecture estim\u00e9e\" \/>\n\t<meta name=\"twitter:data1\" content=\"2 minutes\" \/>\n<script type=\"application\/ld+json\" class=\"yoast-schema-graph\">{\"@context\":\"https:\\\/\\\/schema.org\",\"@graph\":[{\"@type\":\"WebPage\",\"@id\":\"https:\\\/\\\/asti71.org\\\/index.php\\\/nos-actions\\\/latelier-bricolage\\\/\",\"url\":\"https:\\\/\\\/asti71.org\\\/index.php\\\/nos-actions\\\/latelier-bricolage\\\/\",\"name\":\"Atelier Jardin - ASTI 71\",\"isPartOf\":{\"@id\":\"https:\\\/\\\/asti71.org\\\/#website\"},\"primaryImageOfPage\":{\"@id\":\"https:\\\/\\\/asti71.org\\\/index.php\\\/nos-actions\\\/latelier-bricolage\\\/#primaryimage\"},\"image\":{\"@id\":\"https:\\\/\\\/asti71.org\\\/index.php\\\/nos-actions\\\/latelier-bricolage\\\/#primaryimage\"},\"thumbnailUrl\":\"https:\\\/\\\/asti71.org\\\/wp-content\\\/uploads\\\/2019\\\/05\\\/P3030119-300x225.jpg\",\"datePublished\":\"2017-09-09T10:09:53+00:00\",\"dateModified\":\"2026-04-02T09:43:54+00:00\",\"description\":\"Atelier jardin de l'ASTI\",\"breadcrumb\":{\"@id\":\"https:\\\/\\\/asti71.org\\\/index.php\\\/nos-actions\\\/latelier-bricolage\\\/#breadcrumb\"},\"inLanguage\":\"fr-FR\",\"potentialAction\":[{\"@type\":\"ReadAction\",\"target\":[\"https:\\\/\\\/asti71.org\\\/index.php\\\/nos-actions\\\/latelier-bricolage\\\/\"]}]},{\"@type\":\"ImageObject\",\"inLanguage\":\"fr-FR\",\"@id\":\"https:\\\/\\\/asti71.org\\\/index.php\\\/nos-actions\\\/latelier-bricolage\\\/#primaryimage\",\"url\":\"https:\\\/\\\/asti71.org\\\/wp-content\\\/uploads\\\/2019\\\/05\\\/P3030119.jpg\",\"contentUrl\":\"https:\\\/\\\/asti71.org\\\/wp-content\\\/uploads\\\/2019\\\/05\\\/P3030119.jpg\",\"width\":2560,\"height\":1920,\"caption\":\"OLYMPUS DIGITAL CAMERA\"},{\"@type\":\"BreadcrumbList\",\"@id\":\"https:\\\/\\\/asti71.org\\\/index.php\\\/nos-actions\\\/latelier-bricolage\\\/#breadcrumb\",\"itemListElement\":[{\"@type\":\"ListItem\",\"position\":1,\"name\":\"Accueil\",\"item\":\"https:\\\/\\\/asti71.org\\\/\"},{\"@type\":\"ListItem\",\"position\":2,\"name\":\"Nos actions\",\"item\":\"https:\\\/\\\/asti71.org\\\/index.php\\\/nos-actions\\\/\"},{\"@type\":\"ListItem\",\"position\":3,\"name\":\"Atelier Jardin\"}]},{\"@type\":\"WebSite\",\"@id\":\"https:\\\/\\\/asti71.org\\\/#website\",\"url\":\"https:\\\/\\\/asti71.org\\\/\",\"name\":\"ASTI 71\",\"description\":\"\",\"publisher\":{\"@id\":\"https:\\\/\\\/asti71.org\\\/#organization\"},\"potentialAction\":[{\"@type\":\"SearchAction\",\"target\":{\"@type\":\"EntryPoint\",\"urlTemplate\":\"https:\\\/\\\/asti71.org\\\/?s={search_term_string}\"},\"query-input\":{\"@type\":\"PropertyValueSpecification\",\"valueRequired\":true,\"valueName\":\"search_term_string\"}}],\"inLanguage\":\"fr-FR\"},{\"@type\":\"Organization\",\"@id\":\"https:\\\/\\\/asti71.org\\\/#organization\",\"name\":\"ASTI 71\",\"url\":\"https:\\\/\\\/asti71.org\\\/\",\"logo\":{\"@type\":\"ImageObject\",\"inLanguage\":\"fr-FR\",\"@id\":\"https:\\\/\\\/asti71.org\\\/#\\\/schema\\\/logo\\\/image\\\/\",\"url\":\"https:\\\/\\\/asti71.org\\\/wp-content\\\/uploads\\\/2017\\\/10\\\/cropped-logo-e1508600698583.png\",\"contentUrl\":\"https:\\\/\\\/asti71.org\\\/wp-content\\\/uploads\\\/2017\\\/10\\\/cropped-logo-e1508600698583.png\",\"width\":100,\"height\":67,\"caption\":\"ASTI 71\"},\"image\":{\"@id\":\"https:\\\/\\\/asti71.org\\\/#\\\/schema\\\/logo\\\/image\\\/\"},\"sameAs\":[\"https:\\\/\\\/www.facebook.com\\\/asti.chalon\\\/\"]}]}<\/script>\n<!-- \/ Yoast SEO plugin. -->","yoast_head_json":{"title":"Atelier Jardin - ASTI 71","description":"Atelier jardin de l'ASTI","robots":{"index":"index","follow":"follow","max-snippet":"max-snippet:-1","max-image-preview":"max-image-preview:large","max-video-preview":"max-video-preview:-1"},"canonical":"https:\/\/asti71.org\/index.php\/nos-actions\/latelier-bricolage\/","og_locale":"fr_FR","og_type":"article","og_title":"Atelier Jardin - ASTI 71","og_description":"Atelier jardin de l'ASTI","og_url":"https:\/\/asti71.org\/index.php\/nos-actions\/latelier-bricolage\/","og_site_name":"ASTI 71","article_publisher":"https:\/\/www.facebook.com\/asti.chalon\/","article_modified_time":"2026-04-02T09:43:54+00:00","og_image":[{"width":2560,"height":1920,"url":"https:\/\/asti71.org\/wp-content\/uploads\/2019\/05\/P3030119.jpg","type":"image\/jpeg"}],"twitter_card":"summary_large_image","twitter_misc":{"Dur\u00e9e de lecture estim\u00e9e":"2 minutes"},"schema":{"@context":"https:\/\/schema.org","@graph":[{"@type":"WebPage","@id":"https:\/\/asti71.org\/index.php\/nos-actions\/latelier-bricolage\/","url":"https:\/\/asti71.org\/index.php\/nos-actions\/latelier-bricolage\/","name":"Atelier Jardin - ASTI 71","isPartOf":{"@id":"https:\/\/asti71.org\/#website"},"primaryImageOfPage":{"@id":"https:\/\/asti71.org\/index.php\/nos-actions\/latelier-bricolage\/#primaryimage"},"image":{"@id":"https:\/\/asti71.org\/index.php\/nos-actions\/latelier-bricolage\/#primaryimage"},"thumbnailUrl":"https:\/\/asti71.org\/wp-content\/uploads\/2019\/05\/P3030119-300x225.jpg","datePublished":"2017-09-09T10:09:53+00:00","dateModified":"2026-04-02T09:43:54+00:00","description":"Atelier jardin de l'ASTI","breadcrumb":{"@id":"https:\/\/asti71.org\/index.php\/nos-actions\/latelier-bricolage\/#breadcrumb"},"inLanguage":"fr-FR","potentialAction":[{"@type":"ReadAction","target":["https:\/\/asti71.org\/index.php\/nos-actions\/latelier-bricolage\/"]}]},{"@type":"ImageObject","inLanguage":"fr-FR","@id":"https:\/\/asti71.org\/index.php\/nos-actions\/latelier-bricolage\/#primaryimage","url":"https:\/\/asti71.org\/wp-content\/uploads\/2019\/05\/P3030119.jpg","contentUrl":"https:\/\/asti71.org\/wp-content\/uploads\/2019\/05\/P3030119.jpg","width":2560,"height":1920,"caption":"OLYMPUS DIGITAL CAMERA"},{"@type":"BreadcrumbList","@id":"https:\/\/asti71.org\/index.php\/nos-actions\/latelier-bricolage\/#breadcrumb","itemListElement":[{"@type":"ListItem","position":1,"name":"Accueil","item":"https:\/\/asti71.org\/"},{"@type":"ListItem","position":2,"name":"Nos actions","item":"https:\/\/asti71.org\/index.php\/nos-actions\/"},{"@type":"ListItem","position":3,"name":"Atelier Jardin"}]},{"@type":"WebSite","@id":"https:\/\/asti71.org\/#website","url":"https:\/\/asti71.org\/","name":"ASTI 71","description":"","publisher":{"@id":"https:\/\/asti71.org\/#organization"},"potentialAction":[{"@type":"SearchAction","target":{"@type":"EntryPoint","urlTemplate":"https:\/\/asti71.org\/?s={search_term_string}"},"query-input":{"@type":"PropertyValueSpecification","valueRequired":true,"valueName":"search_term_string"}}],"inLanguage":"fr-FR"},{"@type":"Organization","@id":"https:\/\/asti71.org\/#organization","name":"ASTI 71","url":"https:\/\/asti71.org\/","logo":{"@type":"ImageObject","inLanguage":"fr-FR","@id":"https:\/\/asti71.org\/#\/schema\/logo\/image\/","url":"https:\/\/asti71.org\/wp-content\/uploads\/2017\/10\/cropped-logo-e1508600698583.png","contentUrl":"https:\/\/asti71.org\/wp-content\/uploads\/2017\/10\/cropped-logo-e1508600698583.png","width":100,"height":67,"caption":"ASTI 71"},"image":{"@id":"https:\/\/asti71.org\/#\/schema\/logo\/image\/"},"sameAs":["https:\/\/www.facebook.com\/asti.chalon\/"]}]}},"_links":{"self":[{"href":"https:\/\/asti71.org\/index.php\/wp-json\/wp\/v2\/pages\/178","targetHints":{"allow":["GET"]}}],"collection":[{"href":"https:\/\/asti71.org\/index.php\/wp-json\/wp\/v2\/pages"}],"about":[{"href":"https:\/\/asti71.org\/index.php\/wp-json\/wp\/v2\/types\/page"}],"author":[{"embeddable":true,"href":"https:\/\/asti71.org\/index.php\/wp-json\/wp\/v2\/users\/1"}],"replies":[{"embeddable":true,"href":"https:\/\/asti71.org\/index.php\/wp-json\/wp\/v2\/comments?post=178"}],"version-history":[{"count":15,"href":"https:\/\/asti71.org\/index.php\/wp-json\/wp\/v2\/pages\/178\/revisions"}],"predecessor-version":[{"id":183,"href":"https:\/\/asti71.org\/index.php\/wp-json\/wp\/v2\/pages\/178\/revisions\/183"}],"up":[{"embeddable":true,"href":"https:\/\/asti71.org\/index.php\/wp-json\/wp\/v2\/pages\/17"}],"wp:attachment":[{"href":"https:\/\/asti71.org\/index.php\/wp-json\/wp\/v2\/media?parent=178"}],"curies":[{"name":"wp","href":"https:\/\/api.w.org\/{rel}","templated":true}]}}