{"id":2111,"date":"2025-05-13T11:10:44","date_gmt":"2025-05-13T09:10:44","guid":{"rendered":"https:\/\/asti71.org\/?page_id=2111"},"modified":"2026-01-28T15:45:37","modified_gmt":"2026-01-28T14:45:37","slug":"vu-et-entendu-dans-les-medias","status":"publish","type":"page","link":"https:\/\/asti71.org\/index.php\/vu-et-entendu-dans-les-medias\/","title":{"rendered":"Vu et entendu dans les m\u00e9dias"},"content":{"rendered":"<ul>\n<li>Article Lib\u00e9ration 28\/01\/2026<\/li>\n<\/ul>\n<p><a href=\"https:\/\/www.liberation.fr\/international\/europe\/espagne-la-regularisation-de-500-000-sans-papiers-une-avancee-qui-affole-la-droite-20260127_WNJHORDRKNAF5GLCFX32DLST4Q\/?datawallToken=GFT-0fc7a80e8d019fa62a156c3fa2bfe525\">Espagne : la r\u00e9gularisation de 500 000 sans-papiers, une avanc\u00e9e qui affole la droite<\/a><\/p>\n<ul>\n<li>Article Lib\u00e9ration 18\/11\/2025<\/li>\n<\/ul>\n<p><a href=\"https:\/\/www.liberation.fr\/societe\/immigration\/exiles-a-dunkerque-le-nouveau-calais-le-manque-dhygiene-est-alarmant-et-la-police-reste-la-seule-reponse-visible-de-letat-20251118_MBKAHWLILRHD3OW7XD73ML3V5A\/?datawallToken=GFT-e49c17bb9fe5f3afcb708bc8f70ffaf8\">Reportage Exil\u00e9s \u00e0 Dunkerque, le nouveau Calais : \u00abLe manque d\u2019hygi\u00e8ne est alarmant et la police reste la seule r\u00e9ponse visible de l\u2019Etat\u00bb<\/a><\/p>\n<ul>\n<li>Article Mediapart 30\/10\/2025<\/li>\n<\/ul>\n<p><a href=\"https:\/\/www.mediapart.fr\/journal\/france\/301025\/aide-medicale-d-etat-le-gouvernement-prepare-de-nouvelles-mesures-d-economies-drastiques?utm_source=article_offert&amp;utm_medium=email&amp;utm_campaign=TRANSAC&amp;utm_content=&amp;utm_term=&amp;xtor=EPR-1013-%5Barticle-offert%5D&amp;M_BT=17602300344819\">Mediapart :\u00a0\u00ab\u00a0Aide m\u00e9dicale d\u2019\u00c9tat\u00a0: le gouvernement pr\u00e9pare de nouvelles mesures d\u2019\u00e9conomies drastiques\u00a0\u00bb<\/a><\/p>\n<ul>\n<li>Article Le Monde du 17\/10\/2025<\/li>\n<\/ul>\n<p><a href=\"https:\/\/www.lemonde.fr\/societe\/article\/2025\/10\/16\/mineurs-etrangers-non-accompagnes-l-onu-denonce-des-violations-graves-et-systematiques-des-droits-des-enfants-par-la-france_6647180_3224.html\">Mineurs \u00e9trangers non accompagn\u00e9s : l\u2019ONU d\u00e9nonce des violations \u00ab graves et syst\u00e9matiques \u00bb des droits des enfants par la France<\/a><\/p>\n<ul>\n<li>Article de Mediapart du 08\/09\/2025<\/li>\n<\/ul>\n<p><a href=\"https:\/\/www.mediapart.fr\/journal\/france\/080925\/dematerialisation-des-cours-de-francais-une-catastrophe-pour-les-personnes-etrangeres?utm_source=article_offert&amp;utm_medium=email&amp;utm_campaign=TRANSAC&amp;utm_content=&amp;utm_term=&amp;xtor=EPR-1013-%5Barticle-offert%5D&amp;M_BT=17602300344819\">D\u00e9mat\u00e9rialisation des cours de fran\u00e7ais : \u00ab Une catastrophe pour les personnes \u00e9trang\u00e8res \u00bb<\/a><\/p>\n<ul>\n<li>Article de Mediapart sur les migrants disparus de la Manche du 06\/06\/2025<\/li>\n<\/ul>\n<p><a href=\"https:\/\/www.mediapart.fr\/journal\/france\/060625\/il-etait-drole-et-insouciant-haftom-amanuel-nima-et-les-autres-disparus-de-la-manche\">https:\/\/www.mediapart.fr\/journal\/france\/060625\/il-etait-drole-et-insouciant-haftom-amanuel-nima-et-les-autres-disparus-de-la-manche<\/a><\/p>\n<ul>\n<li>Podcast de France Culture du samedi 26 avril 2025<\/li>\n<\/ul>\n<p>Droit des \u00e9trangers\u00a0: humaniser les r\u00e9cits<br \/>\n<a href=\"https:\/\/www.radiofrance.fr\/franceculture\/podcasts\/france-culture-va-plus-loin-le-samedi\/le-droit-des-etrangers-parce-celles-et-ceux-qui-le-subissent-8933682\" target=\"_blank\" rel=\"noopener noreferrer\" data-saferedirecturl=\"https:\/\/www.google.com\/url?q=https:\/\/www.radiofrance.fr\/franceculture\/podcasts\/france-culture-va-plus-loin-le-samedi\/le-droit-des-etrangers-parce-celles-et-ceux-qui-le-subissent-8933682&amp;source=gmail&amp;ust=1747208176541000&amp;usg=AOvVaw2e3R7JxnCDWCoH6qWi979-\">https:\/\/www.radiofrance.fr\/fra<wbr \/>nceculture\/podcasts\/france-cul<wbr \/>ture-va-plus-loin-le-samedi\/<wbr \/>le-droit-des-etrangers-parce-<wbr \/>celles-et-ceux-qui-le-subissen<wbr \/>t-8933682<\/a><\/p>\n<ul>\n<li>D\u00e9sinfox-Migration : Informer sur les migrations, sans d\u00e9former <a href=\"https:\/\/desinfoxmigrations.fr\/\">https:\/\/desinfoxmigrations.fr\/<\/a><\/li>\n<\/ul>\n<p><a href=\"https:\/\/asti71.org\/wp-content\/uploads\/2025\/05\/Mythe-submersion-migratoire.png\" data-rel=\"lightbox-image-0\" data-rl_title=\"\" data-rl_caption=\"\" title=\"\"><img loading=\"lazy\" decoding=\"async\" class=\"alignnone size-medium wp-image-2135\" src=\"https:\/\/asti71.org\/wp-content\/uploads\/2025\/05\/Mythe-submersion-migratoire-209x300.png\" alt=\"\" width=\"209\" height=\"300\" srcset=\"https:\/\/asti71.org\/wp-content\/uploads\/2025\/05\/Mythe-submersion-migratoire-209x300.png 209w, https:\/\/asti71.org\/wp-content\/uploads\/2025\/05\/Mythe-submersion-migratoire-77x110.png 77w, https:\/\/asti71.org\/wp-content\/uploads\/2025\/05\/Mythe-submersion-migratoire-293x420.png 293w, https:\/\/asti71.org\/wp-content\/uploads\/2025\/05\/Mythe-submersion-migratoire-300x430.png 300w, https:\/\/asti71.org\/wp-content\/uploads\/2025\/05\/Mythe-submersion-migratoire.png 599w\" sizes=\"auto, (max-width: 209px) 100vw, 209px\" \/> \u00a0<\/a><a href=\"https:\/\/asti71.org\/wp-content\/uploads\/2025\/05\/MytheGrand-remplacement.png\" data-rel=\"lightbox-image-1\" data-rl_title=\"\" data-rl_caption=\"\" title=\"\"><img loading=\"lazy\" decoding=\"async\" class=\"alignnone size-medium wp-image-2128\" src=\"https:\/\/asti71.org\/wp-content\/uploads\/2025\/05\/MytheGrand-remplacement-181x300.png\" alt=\"\" width=\"181\" height=\"300\" srcset=\"https:\/\/asti71.org\/wp-content\/uploads\/2025\/05\/MytheGrand-remplacement-181x300.png 181w, https:\/\/asti71.org\/wp-content\/uploads\/2025\/05\/MytheGrand-remplacement-67x110.png 67w, https:\/\/asti71.org\/wp-content\/uploads\/2025\/05\/MytheGrand-remplacement-254x420.png 254w, https:\/\/asti71.org\/wp-content\/uploads\/2025\/05\/MytheGrand-remplacement-260x430.png 260w, https:\/\/asti71.org\/wp-content\/uploads\/2025\/05\/MytheGrand-remplacement.png 577w\" sizes=\"auto, (max-width: 181px) 100vw, 181px\" \/>\u00a0\u00a0<\/a> <a href=\"https:\/\/asti71.org\/wp-content\/uploads\/2025\/05\/Opinion-francais-immigration.png\" data-rel=\"lightbox-image-2\" data-rl_title=\"\" data-rl_caption=\"\" title=\"\"><img loading=\"lazy\" decoding=\"async\" class=\"alignnone size-medium wp-image-2129\" src=\"https:\/\/asti71.org\/wp-content\/uploads\/2025\/05\/Opinion-francais-immigration-184x300.png\" alt=\"\" width=\"184\" height=\"300\" srcset=\"https:\/\/asti71.org\/wp-content\/uploads\/2025\/05\/Opinion-francais-immigration-184x300.png 184w, https:\/\/asti71.org\/wp-content\/uploads\/2025\/05\/Opinion-francais-immigration-67x110.png 67w, https:\/\/asti71.org\/wp-content\/uploads\/2025\/05\/Opinion-francais-immigration-257x420.png 257w, https:\/\/asti71.org\/wp-content\/uploads\/2025\/05\/Opinion-francais-immigration-263x430.png 263w, https:\/\/asti71.org\/wp-content\/uploads\/2025\/05\/Opinion-francais-immigration.png 579w\" sizes=\"auto, (max-width: 184px) 100vw, 184px\" \/><\/a><a href=\"https:\/\/asti71.org\/wp-content\/uploads\/2025\/05\/Migration-insecurite.png\" data-rel=\"lightbox-image-3\" data-rl_title=\"\" data-rl_caption=\"\" title=\"\"> \u00a0<img loading=\"lazy\" decoding=\"async\" class=\"alignnone size-medium wp-image-2133\" src=\"https:\/\/asti71.org\/wp-content\/uploads\/2025\/05\/Migration-insecurite-182x300.png\" alt=\"\" width=\"182\" height=\"300\" srcset=\"https:\/\/asti71.org\/wp-content\/uploads\/2025\/05\/Migration-insecurite-182x300.png 182w, https:\/\/asti71.org\/wp-content\/uploads\/2025\/05\/Migration-insecurite-67x110.png 67w, https:\/\/asti71.org\/wp-content\/uploads\/2025\/05\/Migration-insecurite-255x420.png 255w, https:\/\/asti71.org\/wp-content\/uploads\/2025\/05\/Migration-insecurite-262x430.png 262w, https:\/\/asti71.org\/wp-content\/uploads\/2025\/05\/Migration-insecurite.png 579w\" sizes=\"auto, (max-width: 182px) 100vw, 182px\" \/><\/a><\/p>\n<p><a href=\"https:\/\/asti71.org\/wp-content\/uploads\/2025\/05\/Poids-immigration.png\" data-rel=\"lightbox-image-4\" data-rl_title=\"\" data-rl_caption=\"\" title=\"\"><img loading=\"lazy\" decoding=\"async\" class=\"alignnone size-medium wp-image-2130\" src=\"https:\/\/asti71.org\/wp-content\/uploads\/2025\/05\/Poids-immigration-182x300.png\" alt=\"\" width=\"182\" height=\"300\" srcset=\"https:\/\/asti71.org\/wp-content\/uploads\/2025\/05\/Poids-immigration-182x300.png 182w, https:\/\/asti71.org\/wp-content\/uploads\/2025\/05\/Poids-immigration-67x110.png 67w, https:\/\/asti71.org\/wp-content\/uploads\/2025\/05\/Poids-immigration-255x420.png 255w, https:\/\/asti71.org\/wp-content\/uploads\/2025\/05\/Poids-immigration-261x430.png 261w, https:\/\/asti71.org\/wp-content\/uploads\/2025\/05\/Poids-immigration.png 578w\" sizes=\"auto, (max-width: 182px) 100vw, 182px\" \/><\/a> <a href=\"https:\/\/asti71.org\/wp-content\/uploads\/2025\/05\/Eloignement.png\" data-rel=\"lightbox-image-5\" data-rl_title=\"\" data-rl_caption=\"\" title=\"\">\u00a0 <img loading=\"lazy\" decoding=\"async\" class=\"alignnone size-medium wp-image-2131\" src=\"https:\/\/asti71.org\/wp-content\/uploads\/2025\/05\/Eloignement-182x300.png\" alt=\"\" width=\"182\" height=\"300\" srcset=\"https:\/\/asti71.org\/wp-content\/uploads\/2025\/05\/Eloignement-182x300.png 182w, https:\/\/asti71.org\/wp-content\/uploads\/2025\/05\/Eloignement-67x110.png 67w, https:\/\/asti71.org\/wp-content\/uploads\/2025\/05\/Eloignement-255x420.png 255w, https:\/\/asti71.org\/wp-content\/uploads\/2025\/05\/Eloignement-261x430.png 261w, https:\/\/asti71.org\/wp-content\/uploads\/2025\/05\/Eloignement.png 573w\" sizes=\"auto, (max-width: 182px) 100vw, 182px\" \/><\/a> <a href=\"https:\/\/asti71.org\/wp-content\/uploads\/2025\/05\/Mots-migration.png\" data-rel=\"lightbox-image-6\" data-rl_title=\"\" data-rl_caption=\"\" title=\"\">\u00a0 <img loading=\"lazy\" decoding=\"async\" class=\"alignnone size-medium wp-image-2134\" src=\"https:\/\/asti71.org\/wp-content\/uploads\/2025\/05\/Mots-migration-182x300.png\" alt=\"\" width=\"182\" height=\"300\" srcset=\"https:\/\/asti71.org\/wp-content\/uploads\/2025\/05\/Mots-migration-182x300.png 182w, https:\/\/asti71.org\/wp-content\/uploads\/2025\/05\/Mots-migration-67x110.png 67w, https:\/\/asti71.org\/wp-content\/uploads\/2025\/05\/Mots-migration-255x420.png 255w, https:\/\/asti71.org\/wp-content\/uploads\/2025\/05\/Mots-migration-261x430.png 261w, https:\/\/asti71.org\/wp-content\/uploads\/2025\/05\/Mots-migration.png 578w\" sizes=\"auto, (max-width: 182px) 100vw, 182px\" \/><\/a><a href=\"https:\/\/asti71.org\/wp-content\/uploads\/2025\/05\/Migration-femmes.png\" data-rel=\"lightbox-image-7\" data-rl_title=\"\" data-rl_caption=\"\" title=\"\"> \u00a0<img loading=\"lazy\" decoding=\"async\" class=\"alignnone size-medium wp-image-2132\" src=\"https:\/\/asti71.org\/wp-content\/uploads\/2025\/05\/Migration-femmes-182x300.png\" alt=\"\" width=\"182\" height=\"300\" srcset=\"https:\/\/asti71.org\/wp-content\/uploads\/2025\/05\/Migration-femmes-182x300.png 182w, https:\/\/asti71.org\/wp-content\/uploads\/2025\/05\/Migration-femmes-67x110.png 67w, https:\/\/asti71.org\/wp-content\/uploads\/2025\/05\/Migration-femmes-254x420.png 254w, https:\/\/asti71.org\/wp-content\/uploads\/2025\/05\/Migration-femmes-260x430.png 260w, https:\/\/asti71.org\/wp-content\/uploads\/2025\/05\/Migration-femmes.png 578w\" sizes=\"auto, (max-width: 182px) 100vw, 182px\" \/><\/a><\/p>\n","protected":false},"excerpt":{"rendered":"<p>Article Lib\u00e9ration 28\/01\/2026 Espagne : la r\u00e9gularisation de 500 000 sans-papiers, une avanc\u00e9e qui affole la droite Article Lib\u00e9ration 18\/11\/2025 Reportage Exil\u00e9s \u00e0 Dunkerque, le nouveau Calais : \u00abLe manque d\u2019hygi\u00e8ne est alarmant et la police reste la seule r\u00e9ponse visible de l\u2019Etat\u00bb Article Mediapart 30\/10\/2025 Mediapart :\u00a0\u00ab\u00a0Aide m\u00e9dicale d\u2019\u00c9tat\u00a0: le gouvernement pr\u00e9pare de nouvelles [&hellip;]<\/p>\n","protected":false},"author":1,"featured_media":0,"parent":0,"menu_order":0,"comment_status":"closed","ping_status":"closed","template":"","meta":{"footnotes":""},"class_list":["post-2111","page","type-page","status-publish","hentry"],"yoast_head":"<!-- This site is optimized with the Yoast SEO plugin v27.3 - https:\/\/yoast.com\/product\/yoast-seo-wordpress\/ -->\n<title>Vu et entendu dans les m\u00e9dias - ASTI 71<\/title>\n<meta name=\"description\" content=\"Vu et entendu dans les m\u00e9dias : retrouver l&#039;actualit\u00e9 li\u00e9e \u00e0 la migration\" \/>\n<meta name=\"robots\" content=\"index, follow, max-snippet:-1, max-image-preview:large, max-video-preview:-1\" \/>\n<link rel=\"canonical\" href=\"https:\/\/asti71.org\/index.php\/vu-et-entendu-dans-les-medias\/\" \/>\n<meta property=\"og:locale\" content=\"fr_FR\" \/>\n<meta property=\"og:type\" content=\"article\" \/>\n<meta property=\"og:title\" content=\"Vu et entendu dans les m\u00e9dias - ASTI 71\" \/>\n<meta property=\"og:description\" content=\"Vu et entendu dans les m\u00e9dias : retrouver l&#039;actualit\u00e9 li\u00e9e \u00e0 la migration\" \/>\n<meta property=\"og:url\" content=\"https:\/\/asti71.org\/index.php\/vu-et-entendu-dans-les-medias\/\" \/>\n<meta property=\"og:site_name\" content=\"ASTI 71\" \/>\n<meta property=\"article:publisher\" content=\"https:\/\/www.facebook.com\/asti.chalon\/\" \/>\n<meta property=\"article:modified_time\" content=\"2026-01-28T14:45:37+00:00\" \/>\n<meta property=\"og:image\" content=\"https:\/\/asti71.org\/wp-content\/uploads\/2025\/05\/Mythe-submersion-migratoire.png\" \/>\n\t<meta property=\"og:image:width\" content=\"599\" \/>\n\t<meta property=\"og:image:height\" content=\"858\" \/>\n\t<meta property=\"og:image:type\" content=\"image\/png\" \/>\n<meta name=\"twitter:card\" content=\"summary_large_image\" \/>\n<meta name=\"twitter:label1\" content=\"Dur\u00e9e de lecture estim\u00e9e\" \/>\n\t<meta name=\"twitter:data1\" content=\"3 minutes\" \/>\n<script type=\"application\/ld+json\" class=\"yoast-schema-graph\">{\"@context\":\"https:\\\/\\\/schema.org\",\"@graph\":[{\"@type\":\"WebPage\",\"@id\":\"https:\\\/\\\/asti71.org\\\/index.php\\\/vu-et-entendu-dans-les-medias\\\/\",\"url\":\"https:\\\/\\\/asti71.org\\\/index.php\\\/vu-et-entendu-dans-les-medias\\\/\",\"name\":\"Vu et entendu dans les m\u00e9dias - ASTI 71\",\"isPartOf\":{\"@id\":\"https:\\\/\\\/asti71.org\\\/#website\"},\"primaryImageOfPage\":{\"@id\":\"https:\\\/\\\/asti71.org\\\/index.php\\\/vu-et-entendu-dans-les-medias\\\/#primaryimage\"},\"image\":{\"@id\":\"https:\\\/\\\/asti71.org\\\/index.php\\\/vu-et-entendu-dans-les-medias\\\/#primaryimage\"},\"thumbnailUrl\":\"https:\\\/\\\/asti71.org\\\/wp-content\\\/uploads\\\/2025\\\/05\\\/Mythe-submersion-migratoire-209x300.png\",\"datePublished\":\"2025-05-13T09:10:44+00:00\",\"dateModified\":\"2026-01-28T14:45:37+00:00\",\"description\":\"Vu et entendu dans les m\u00e9dias : retrouver l'actualit\u00e9 li\u00e9e \u00e0 la migration\",\"breadcrumb\":{\"@id\":\"https:\\\/\\\/asti71.org\\\/index.php\\\/vu-et-entendu-dans-les-medias\\\/#breadcrumb\"},\"inLanguage\":\"fr-FR\",\"potentialAction\":[{\"@type\":\"ReadAction\",\"target\":[\"https:\\\/\\\/asti71.org\\\/index.php\\\/vu-et-entendu-dans-les-medias\\\/\"]}]},{\"@type\":\"ImageObject\",\"inLanguage\":\"fr-FR\",\"@id\":\"https:\\\/\\\/asti71.org\\\/index.php\\\/vu-et-entendu-dans-les-medias\\\/#primaryimage\",\"url\":\"https:\\\/\\\/asti71.org\\\/wp-content\\\/uploads\\\/2025\\\/05\\\/Mythe-submersion-migratoire.png\",\"contentUrl\":\"https:\\\/\\\/asti71.org\\\/wp-content\\\/uploads\\\/2025\\\/05\\\/Mythe-submersion-migratoire.png\",\"width\":599,\"height\":858},{\"@type\":\"BreadcrumbList\",\"@id\":\"https:\\\/\\\/asti71.org\\\/index.php\\\/vu-et-entendu-dans-les-medias\\\/#breadcrumb\",\"itemListElement\":[{\"@type\":\"ListItem\",\"position\":1,\"name\":\"Accueil\",\"item\":\"https:\\\/\\\/asti71.org\\\/\"},{\"@type\":\"ListItem\",\"position\":2,\"name\":\"Vu et entendu dans les m\u00e9dias\"}]},{\"@type\":\"WebSite\",\"@id\":\"https:\\\/\\\/asti71.org\\\/#website\",\"url\":\"https:\\\/\\\/asti71.org\\\/\",\"name\":\"ASTI 71\",\"description\":\"\",\"publisher\":{\"@id\":\"https:\\\/\\\/asti71.org\\\/#organization\"},\"potentialAction\":[{\"@type\":\"SearchAction\",\"target\":{\"@type\":\"EntryPoint\",\"urlTemplate\":\"https:\\\/\\\/asti71.org\\\/?s={search_term_string}\"},\"query-input\":{\"@type\":\"PropertyValueSpecification\",\"valueRequired\":true,\"valueName\":\"search_term_string\"}}],\"inLanguage\":\"fr-FR\"},{\"@type\":\"Organization\",\"@id\":\"https:\\\/\\\/asti71.org\\\/#organization\",\"name\":\"ASTI 71\",\"url\":\"https:\\\/\\\/asti71.org\\\/\",\"logo\":{\"@type\":\"ImageObject\",\"inLanguage\":\"fr-FR\",\"@id\":\"https:\\\/\\\/asti71.org\\\/#\\\/schema\\\/logo\\\/image\\\/\",\"url\":\"https:\\\/\\\/asti71.org\\\/wp-content\\\/uploads\\\/2017\\\/10\\\/cropped-logo-e1508600698583.png\",\"contentUrl\":\"https:\\\/\\\/asti71.org\\\/wp-content\\\/uploads\\\/2017\\\/10\\\/cropped-logo-e1508600698583.png\",\"width\":100,\"height\":67,\"caption\":\"ASTI 71\"},\"image\":{\"@id\":\"https:\\\/\\\/asti71.org\\\/#\\\/schema\\\/logo\\\/image\\\/\"},\"sameAs\":[\"https:\\\/\\\/www.facebook.com\\\/asti.chalon\\\/\"]}]}<\/script>\n<!-- \/ Yoast SEO plugin. -->","yoast_head_json":{"title":"Vu et entendu dans les m\u00e9dias - ASTI 71","description":"Vu et entendu dans les m\u00e9dias : retrouver l'actualit\u00e9 li\u00e9e \u00e0 la migration","robots":{"index":"index","follow":"follow","max-snippet":"max-snippet:-1","max-image-preview":"max-image-preview:large","max-video-preview":"max-video-preview:-1"},"canonical":"https:\/\/asti71.org\/index.php\/vu-et-entendu-dans-les-medias\/","og_locale":"fr_FR","og_type":"article","og_title":"Vu et entendu dans les m\u00e9dias - ASTI 71","og_description":"Vu et entendu dans les m\u00e9dias : retrouver l'actualit\u00e9 li\u00e9e \u00e0 la migration","og_url":"https:\/\/asti71.org\/index.php\/vu-et-entendu-dans-les-medias\/","og_site_name":"ASTI 71","article_publisher":"https:\/\/www.facebook.com\/asti.chalon\/","article_modified_time":"2026-01-28T14:45:37+00:00","og_image":[{"width":599,"height":858,"url":"https:\/\/asti71.org\/wp-content\/uploads\/2025\/05\/Mythe-submersion-migratoire.png","type":"image\/png"}],"twitter_card":"summary_large_image","twitter_misc":{"Dur\u00e9e de lecture estim\u00e9e":"3 minutes"},"schema":{"@context":"https:\/\/schema.org","@graph":[{"@type":"WebPage","@id":"https:\/\/asti71.org\/index.php\/vu-et-entendu-dans-les-medias\/","url":"https:\/\/asti71.org\/index.php\/vu-et-entendu-dans-les-medias\/","name":"Vu et entendu dans les m\u00e9dias - ASTI 71","isPartOf":{"@id":"https:\/\/asti71.org\/#website"},"primaryImageOfPage":{"@id":"https:\/\/asti71.org\/index.php\/vu-et-entendu-dans-les-medias\/#primaryimage"},"image":{"@id":"https:\/\/asti71.org\/index.php\/vu-et-entendu-dans-les-medias\/#primaryimage"},"thumbnailUrl":"https:\/\/asti71.org\/wp-content\/uploads\/2025\/05\/Mythe-submersion-migratoire-209x300.png","datePublished":"2025-05-13T09:10:44+00:00","dateModified":"2026-01-28T14:45:37+00:00","description":"Vu et entendu dans les m\u00e9dias : retrouver l'actualit\u00e9 li\u00e9e \u00e0 la migration","breadcrumb":{"@id":"https:\/\/asti71.org\/index.php\/vu-et-entendu-dans-les-medias\/#breadcrumb"},"inLanguage":"fr-FR","potentialAction":[{"@type":"ReadAction","target":["https:\/\/asti71.org\/index.php\/vu-et-entendu-dans-les-medias\/"]}]},{"@type":"ImageObject","inLanguage":"fr-FR","@id":"https:\/\/asti71.org\/index.php\/vu-et-entendu-dans-les-medias\/#primaryimage","url":"https:\/\/asti71.org\/wp-content\/uploads\/2025\/05\/Mythe-submersion-migratoire.png","contentUrl":"https:\/\/asti71.org\/wp-content\/uploads\/2025\/05\/Mythe-submersion-migratoire.png","width":599,"height":858},{"@type":"BreadcrumbList","@id":"https:\/\/asti71.org\/index.php\/vu-et-entendu-dans-les-medias\/#breadcrumb","itemListElement":[{"@type":"ListItem","position":1,"name":"Accueil","item":"https:\/\/asti71.org\/"},{"@type":"ListItem","position":2,"name":"Vu et entendu dans les m\u00e9dias"}]},{"@type":"WebSite","@id":"https:\/\/asti71.org\/#website","url":"https:\/\/asti71.org\/","name":"ASTI 71","description":"","publisher":{"@id":"https:\/\/asti71.org\/#organization"},"potentialAction":[{"@type":"SearchAction","target":{"@type":"EntryPoint","urlTemplate":"https:\/\/asti71.org\/?s={search_term_string}"},"query-input":{"@type":"PropertyValueSpecification","valueRequired":true,"valueName":"search_term_string"}}],"inLanguage":"fr-FR"},{"@type":"Organization","@id":"https:\/\/asti71.org\/#organization","name":"ASTI 71","url":"https:\/\/asti71.org\/","logo":{"@type":"ImageObject","inLanguage":"fr-FR","@id":"https:\/\/asti71.org\/#\/schema\/logo\/image\/","url":"https:\/\/asti71.org\/wp-content\/uploads\/2017\/10\/cropped-logo-e1508600698583.png","contentUrl":"https:\/\/asti71.org\/wp-content\/uploads\/2017\/10\/cropped-logo-e1508600698583.png","width":100,"height":67,"caption":"ASTI 71"},"image":{"@id":"https:\/\/asti71.org\/#\/schema\/logo\/image\/"},"sameAs":["https:\/\/www.facebook.com\/asti.chalon\/"]}]}},"_links":{"self":[{"href":"https:\/\/asti71.org\/index.php\/wp-json\/wp\/v2\/pages\/2111","targetHints":{"allow":["GET"]}}],"collection":[{"href":"https:\/\/asti71.org\/index.php\/wp-json\/wp\/v2\/pages"}],"about":[{"href":"https:\/\/asti71.org\/index.php\/wp-json\/wp\/v2\/types\/page"}],"author":[{"embeddable":true,"href":"https:\/\/asti71.org\/index.php\/wp-json\/wp\/v2\/users\/1"}],"replies":[{"embeddable":true,"href":"https:\/\/asti71.org\/index.php\/wp-json\/wp\/v2\/comments?post=2111"}],"version-history":[{"count":15,"href":"https:\/\/asti71.org\/index.php\/wp-json\/wp\/v2\/pages\/2111\/revisions"}],"predecessor-version":[{"id":2276,"href":"https:\/\/asti71.org\/index.php\/wp-json\/wp\/v2\/pages\/2111\/revisions\/2276"}],"wp:attachment":[{"href":"https:\/\/asti71.org\/index.php\/wp-json\/wp\/v2\/media?parent=2111"}],"curies":[{"name":"wp","href":"https:\/\/api.w.org\/{rel}","templated":true}]}}