{"id":213,"date":"2017-10-20T22:21:53","date_gmt":"2017-10-20T20:21:53","guid":{"rendered":"http:\/\/asti71.org\/?page_id=213"},"modified":"2017-11-11T08:25:04","modified_gmt":"2017-11-11T07:25:04","slug":"dons-de-materiel","status":"publish","type":"page","link":"https:\/\/asti71.org\/index.php\/nous-soutenir\/dons-de-materiel\/","title":{"rendered":"Dons de mat\u00e9riel"},"content":{"rendered":"<h2><span style=\"font-family: arial,helvetica,sans-serif;\">L&rsquo;Asti peut avoir besoin ponctuellement de don mat\u00e9riel.<\/span><\/h2>\n<p><span style=\"font-family: arial,helvetica,sans-serif;\">Cependant nous n&rsquo;avons pas la possibilit\u00e9 d&rsquo;accumuler des objets. Ainsi nous n&rsquo;acceptons les dons que si nous savons imm\u00e9diatement \u00e0 qui les donner. De plus, il est important que les objets soient propres et en bon \u00e9tat. Donc, si vous souhaitez faire un don mat\u00e9riel merci de vous reporter aux onglets des diff\u00e9rents ateliers. Chaque coordinateur d&rsquo;atelier y exprime ses besoins du moment, vous pourrez donc voir si vous \u00eates \u00e0 m\u00eame d&rsquo;y r\u00e9pondre.<\/span><\/p>\n<p><span style=\"font-family: arial,helvetica,sans-serif;\">Vous pouvez \u00e9galement proposer un don en \u00e9crivant directement au coordinateur de l&rsquo;atelier concern\u00e9.<\/span><\/p>\n","protected":false},"excerpt":{"rendered":"<p>L&rsquo;Asti peut avoir besoin ponctuellement de don mat\u00e9riel. Cependant nous n&rsquo;avons pas la possibilit\u00e9 d&rsquo;accumuler des objets. Ainsi nous n&rsquo;acceptons les dons que si nous savons imm\u00e9diatement \u00e0 qui les donner. De plus, il est important que les objets soient propres et en bon \u00e9tat. Donc, si vous souhaitez faire un don mat\u00e9riel merci de [&hellip;]<\/p>\n","protected":false},"author":1,"featured_media":0,"parent":20,"menu_order":0,"comment_status":"closed","ping_status":"closed","template":"","meta":{"footnotes":""},"class_list":["post-213","page","type-page","status-publish","hentry"],"yoast_head":"<!-- This site is optimized with the Yoast SEO plugin v27.3 - https:\/\/yoast.com\/product\/yoast-seo-wordpress\/ -->\n<title>Dons de mat\u00e9riel - ASTI 71<\/title>\n<meta name=\"robots\" content=\"index, follow, max-snippet:-1, max-image-preview:large, max-video-preview:-1\" \/>\n<link rel=\"canonical\" href=\"https:\/\/asti71.org\/index.php\/nous-soutenir\/dons-de-materiel\/\" \/>\n<meta property=\"og:locale\" content=\"fr_FR\" \/>\n<meta property=\"og:type\" content=\"article\" \/>\n<meta property=\"og:title\" content=\"Dons de mat\u00e9riel - ASTI 71\" \/>\n<meta property=\"og:description\" content=\"L&rsquo;Asti peut avoir besoin ponctuellement de don mat\u00e9riel. Cependant nous n&rsquo;avons pas la possibilit\u00e9 d&rsquo;accumuler des objets. Ainsi nous n&rsquo;acceptons les dons que si nous savons imm\u00e9diatement \u00e0 qui les donner. De plus, il est important que les objets soient propres et en bon \u00e9tat. Donc, si vous souhaitez faire un don mat\u00e9riel merci de [&hellip;]\" \/>\n<meta property=\"og:url\" content=\"https:\/\/asti71.org\/index.php\/nous-soutenir\/dons-de-materiel\/\" \/>\n<meta property=\"og:site_name\" content=\"ASTI 71\" \/>\n<meta property=\"article:publisher\" content=\"https:\/\/www.facebook.com\/asti.chalon\/\" \/>\n<meta property=\"article:modified_time\" content=\"2017-11-11T07:25:04+00:00\" \/>\n<meta name=\"twitter:card\" content=\"summary_large_image\" \/>\n<meta name=\"twitter:label1\" content=\"Dur\u00e9e de lecture estim\u00e9e\" \/>\n\t<meta name=\"twitter:data1\" content=\"1 minute\" \/>\n<script type=\"application\/ld+json\" class=\"yoast-schema-graph\">{\"@context\":\"https:\\\/\\\/schema.org\",\"@graph\":[{\"@type\":\"WebPage\",\"@id\":\"https:\\\/\\\/asti71.org\\\/index.php\\\/nous-soutenir\\\/dons-de-materiel\\\/\",\"url\":\"https:\\\/\\\/asti71.org\\\/index.php\\\/nous-soutenir\\\/dons-de-materiel\\\/\",\"name\":\"Dons de mat\u00e9riel - ASTI 71\",\"isPartOf\":{\"@id\":\"https:\\\/\\\/asti71.org\\\/#website\"},\"datePublished\":\"2017-10-20T20:21:53+00:00\",\"dateModified\":\"2017-11-11T07:25:04+00:00\",\"breadcrumb\":{\"@id\":\"https:\\\/\\\/asti71.org\\\/index.php\\\/nous-soutenir\\\/dons-de-materiel\\\/#breadcrumb\"},\"inLanguage\":\"fr-FR\",\"potentialAction\":[{\"@type\":\"ReadAction\",\"target\":[\"https:\\\/\\\/asti71.org\\\/index.php\\\/nous-soutenir\\\/dons-de-materiel\\\/\"]}]},{\"@type\":\"BreadcrumbList\",\"@id\":\"https:\\\/\\\/asti71.org\\\/index.php\\\/nous-soutenir\\\/dons-de-materiel\\\/#breadcrumb\",\"itemListElement\":[{\"@type\":\"ListItem\",\"position\":1,\"name\":\"Accueil\",\"item\":\"https:\\\/\\\/asti71.org\\\/\"},{\"@type\":\"ListItem\",\"position\":2,\"name\":\"Nous soutenir\",\"item\":\"https:\\\/\\\/asti71.org\\\/index.php\\\/nous-soutenir\\\/\"},{\"@type\":\"ListItem\",\"position\":3,\"name\":\"Dons de mat\u00e9riel\"}]},{\"@type\":\"WebSite\",\"@id\":\"https:\\\/\\\/asti71.org\\\/#website\",\"url\":\"https:\\\/\\\/asti71.org\\\/\",\"name\":\"ASTI 71\",\"description\":\"\",\"publisher\":{\"@id\":\"https:\\\/\\\/asti71.org\\\/#organization\"},\"potentialAction\":[{\"@type\":\"SearchAction\",\"target\":{\"@type\":\"EntryPoint\",\"urlTemplate\":\"https:\\\/\\\/asti71.org\\\/?s={search_term_string}\"},\"query-input\":{\"@type\":\"PropertyValueSpecification\",\"valueRequired\":true,\"valueName\":\"search_term_string\"}}],\"inLanguage\":\"fr-FR\"},{\"@type\":\"Organization\",\"@id\":\"https:\\\/\\\/asti71.org\\\/#organization\",\"name\":\"ASTI 71\",\"url\":\"https:\\\/\\\/asti71.org\\\/\",\"logo\":{\"@type\":\"ImageObject\",\"inLanguage\":\"fr-FR\",\"@id\":\"https:\\\/\\\/asti71.org\\\/#\\\/schema\\\/logo\\\/image\\\/\",\"url\":\"https:\\\/\\\/asti71.org\\\/wp-content\\\/uploads\\\/2017\\\/10\\\/cropped-logo-e1508600698583.png\",\"contentUrl\":\"https:\\\/\\\/asti71.org\\\/wp-content\\\/uploads\\\/2017\\\/10\\\/cropped-logo-e1508600698583.png\",\"width\":100,\"height\":67,\"caption\":\"ASTI 71\"},\"image\":{\"@id\":\"https:\\\/\\\/asti71.org\\\/#\\\/schema\\\/logo\\\/image\\\/\"},\"sameAs\":[\"https:\\\/\\\/www.facebook.com\\\/asti.chalon\\\/\"]}]}<\/script>\n<!-- \/ Yoast SEO plugin. -->","yoast_head_json":{"title":"Dons de mat\u00e9riel - ASTI 71","robots":{"index":"index","follow":"follow","max-snippet":"max-snippet:-1","max-image-preview":"max-image-preview:large","max-video-preview":"max-video-preview:-1"},"canonical":"https:\/\/asti71.org\/index.php\/nous-soutenir\/dons-de-materiel\/","og_locale":"fr_FR","og_type":"article","og_title":"Dons de mat\u00e9riel - ASTI 71","og_description":"L&rsquo;Asti peut avoir besoin ponctuellement de don mat\u00e9riel. Cependant nous n&rsquo;avons pas la possibilit\u00e9 d&rsquo;accumuler des objets. Ainsi nous n&rsquo;acceptons les dons que si nous savons imm\u00e9diatement \u00e0 qui les donner. De plus, il est important que les objets soient propres et en bon \u00e9tat. Donc, si vous souhaitez faire un don mat\u00e9riel merci de [&hellip;]","og_url":"https:\/\/asti71.org\/index.php\/nous-soutenir\/dons-de-materiel\/","og_site_name":"ASTI 71","article_publisher":"https:\/\/www.facebook.com\/asti.chalon\/","article_modified_time":"2017-11-11T07:25:04+00:00","twitter_card":"summary_large_image","twitter_misc":{"Dur\u00e9e de lecture estim\u00e9e":"1 minute"},"schema":{"@context":"https:\/\/schema.org","@graph":[{"@type":"WebPage","@id":"https:\/\/asti71.org\/index.php\/nous-soutenir\/dons-de-materiel\/","url":"https:\/\/asti71.org\/index.php\/nous-soutenir\/dons-de-materiel\/","name":"Dons de mat\u00e9riel - ASTI 71","isPartOf":{"@id":"https:\/\/asti71.org\/#website"},"datePublished":"2017-10-20T20:21:53+00:00","dateModified":"2017-11-11T07:25:04+00:00","breadcrumb":{"@id":"https:\/\/asti71.org\/index.php\/nous-soutenir\/dons-de-materiel\/#breadcrumb"},"inLanguage":"fr-FR","potentialAction":[{"@type":"ReadAction","target":["https:\/\/asti71.org\/index.php\/nous-soutenir\/dons-de-materiel\/"]}]},{"@type":"BreadcrumbList","@id":"https:\/\/asti71.org\/index.php\/nous-soutenir\/dons-de-materiel\/#breadcrumb","itemListElement":[{"@type":"ListItem","position":1,"name":"Accueil","item":"https:\/\/asti71.org\/"},{"@type":"ListItem","position":2,"name":"Nous soutenir","item":"https:\/\/asti71.org\/index.php\/nous-soutenir\/"},{"@type":"ListItem","position":3,"name":"Dons de mat\u00e9riel"}]},{"@type":"WebSite","@id":"https:\/\/asti71.org\/#website","url":"https:\/\/asti71.org\/","name":"ASTI 71","description":"","publisher":{"@id":"https:\/\/asti71.org\/#organization"},"potentialAction":[{"@type":"SearchAction","target":{"@type":"EntryPoint","urlTemplate":"https:\/\/asti71.org\/?s={search_term_string}"},"query-input":{"@type":"PropertyValueSpecification","valueRequired":true,"valueName":"search_term_string"}}],"inLanguage":"fr-FR"},{"@type":"Organization","@id":"https:\/\/asti71.org\/#organization","name":"ASTI 71","url":"https:\/\/asti71.org\/","logo":{"@type":"ImageObject","inLanguage":"fr-FR","@id":"https:\/\/asti71.org\/#\/schema\/logo\/image\/","url":"https:\/\/asti71.org\/wp-content\/uploads\/2017\/10\/cropped-logo-e1508600698583.png","contentUrl":"https:\/\/asti71.org\/wp-content\/uploads\/2017\/10\/cropped-logo-e1508600698583.png","width":100,"height":67,"caption":"ASTI 71"},"image":{"@id":"https:\/\/asti71.org\/#\/schema\/logo\/image\/"},"sameAs":["https:\/\/www.facebook.com\/asti.chalon\/"]}]}},"_links":{"self":[{"href":"https:\/\/asti71.org\/index.php\/wp-json\/wp\/v2\/pages\/213","targetHints":{"allow":["GET"]}}],"collection":[{"href":"https:\/\/asti71.org\/index.php\/wp-json\/wp\/v2\/pages"}],"about":[{"href":"https:\/\/asti71.org\/index.php\/wp-json\/wp\/v2\/types\/page"}],"author":[{"embeddable":true,"href":"https:\/\/asti71.org\/index.php\/wp-json\/wp\/v2\/users\/1"}],"replies":[{"embeddable":true,"href":"https:\/\/asti71.org\/index.php\/wp-json\/wp\/v2\/comments?post=213"}],"version-history":[{"count":3,"href":"https:\/\/asti71.org\/index.php\/wp-json\/wp\/v2\/pages\/213\/revisions"}],"predecessor-version":[{"id":487,"href":"https:\/\/asti71.org\/index.php\/wp-json\/wp\/v2\/pages\/213\/revisions\/487"}],"up":[{"embeddable":true,"href":"https:\/\/asti71.org\/index.php\/wp-json\/wp\/v2\/pages\/20"}],"wp:attachment":[{"href":"https:\/\/asti71.org\/index.php\/wp-json\/wp\/v2\/media?parent=213"}],"curies":[{"name":"wp","href":"https:\/\/api.w.org\/{rel}","templated":true}]}}