{"id":26,"date":"2017-08-17T10:48:23","date_gmt":"2017-08-17T08:48:23","guid":{"rendered":"http:\/\/asti71.org\/?page_id=26"},"modified":"2025-10-31T12:09:30","modified_gmt":"2025-10-31T11:09:30","slug":"nos-partenaires","status":"publish","type":"page","link":"https:\/\/asti71.org\/index.php\/nos-partenaires\/","title":{"rendered":"Nos partenaires"},"content":{"rendered":"<h2><span style=\"font-family: georgia, palatino, serif;\">L&rsquo;ASTI m\u00e8ne ses missions en collaborant avec de nombreux acteurs locaux ou nationaux.<\/span><br \/>\n<span style=\"font-family: georgia, palatino, serif;\"> Ces collaborations se concr\u00e9tisent par des actions communes sur le terrain et\/ou un partenariat financier public\/priv\u00e9 indispensable pour la vie de l&rsquo;association.<\/span><\/h2>\n<p><strong><span style=\"font-family: georgia, palatino, serif; font-size: 12pt;\">Partenaires actuels :<\/span><\/strong><\/p>\n<ul>\n<li><span style=\"font-family: georgia, palatino, serif; font-size: 12pt;\">Accompagnants au commissariat<\/span><\/li>\n<li><span style=\"font-family: georgia, palatino, serif; font-size: 12pt;\"><a href=\"https:\/\/accueilenchemin.fr\/\">Accueil en Chemin<\/a><\/span><\/li>\n<li><span style=\"font-family: georgia, palatino, serif; font-size: 12pt;\"><a href=\"https:\/\/www.adoma.cdc-habitat.fr\/adoma\/Accueil\/p-730-Vivez-l-habitat-solidaire.htm\">Adoma<\/a><\/span><\/li>\n<li><span style=\"font-family: georgia, palatino, serif; font-size: 12pt;\"><a href=\"https:\/\/lepont.asso.fr\/\">Association Le Pont<\/a><\/span><\/li>\n<li><span style=\"font-family: georgia, palatino, serif; font-size: 12pt;\"><a href=\"http:\/\/ba21.banquealimentaire.org\/\">Banque alimentaire de Bourgogne<\/a><\/span><\/li>\n<li><span style=\"font-family: georgia, palatino, serif; font-size: 12pt;\">Collectif Chalon Solidarit\u00e9 Migrants<\/span><\/li>\n<li><span style=\"font-family: georgia, palatino, serif; font-size: 12pt;\">Collectif Chalonnais pour la Solidarit\u00e9 Internationale<\/span><\/li>\n<li><span style=\"font-family: georgia, palatino, serif; font-size: 12pt;\"><a href=\"http:\/\/emmaus-france.org\/\">Emma\u00fcs<\/a><\/span><\/li>\n<li><span style=\"font-family: georgia, palatino, serif; font-size: 12pt;\"><a href=\"https:\/\/www.festivaldessolidarites.org\/\">Festival des Solidarit\u00e9s<\/a><\/span><\/li>\n<li><span style=\"font-family: georgia, palatino, serif; font-size: 12pt;\"><a href=\"http:\/\/frateformation.net\/\">Frate Formation<\/a><\/span><\/li>\n<li><span style=\"font-family: georgia, palatino, serif; font-size: 12pt;\"><a href=\"https:\/\/www.habitat-humanisme.org\/aivs\/isba-immobiliere-sociale-de-bourgogne\/\">ISBA<\/a><\/span><\/li>\n<li><span style=\"font-family: georgia, palatino, serif; font-size: 12pt;\"><a href=\"http:\/\/www.bricotheque-chalon.fr\/\">La Bricoth\u00e8que<\/a><\/span><\/li>\n<li><span style=\"font-family: georgia, palatino, serif; font-size: 12pt;\"><a href=\"http:\/\/www.lacimade.org\/regions\/franche-comte-bourgogne\/\">La Cimade 71<\/a><\/span><\/li>\n<li>La Pomme Verte<\/li>\n<li><span style=\"font-family: georgia, palatino, serif; font-size: 12pt;\"><a href=\"https:\/\/lepont.asso.fr\/\">Le Pont<\/a><\/span><\/li>\n<li><span style=\"font-family: georgia, palatino, serif; font-size: 12pt;\"><a href=\"https:\/\/www.ldh-france.org\/\">Ligue des droits de l&rsquo;Homme<\/a><\/span><\/li>\n<li><a href=\"https:\/\/saoneetloire.cidff.info\/\">CIDFF71<\/a><\/li>\n<li><span style=\"font-family: georgia, palatino, serif; font-size: 12pt;\"><a href=\"https:\/\/www.missionlocaleduchalonnais.fr\/illetrisme\/\">CLEFS71<\/a><\/span><\/li>\n<li><span style=\"font-family: georgia, palatino, serif; font-size: 12pt;\"><a href=\"https:\/\/www.chalon.fr\/services\/les-maisons-de-quartier-530.html\">Maisons de quartier Aub\u00e9pins, Stade\/Fontaine au Loup<\/a><\/span><\/li>\n<li><span style=\"font-family: georgia, palatino, serif; font-size: 12pt;\"><a href=\"https:\/\/www.facebook.com\/open.cafe.association.entraide.chalon.71\/\">Open Caf\u00e9<\/a><\/span><\/li>\n<li>Planning Familial 71<\/li>\n<li><span style=\"font-family: georgia, palatino, serif; font-size: 12pt;\"><a href=\"http:\/\/regie-de-quartiers-ouest-chalonnais.com\/blog\/\">R\u00e9gie de quartier de l&rsquo;ouest chalonnais<\/a><\/span><\/li>\n<li><span style=\"font-family: georgia, palatino, serif; font-size: 12pt;\"><a href=\"http:\/\/www.educationsansfrontieres.org\/\">RESF<\/a><\/span><\/li>\n<li><span style=\"font-family: georgia, palatino, serif; font-size: 12pt;\"><a href=\"https:\/\/www.restosducoeur.org\/centres-departementaux\/ad71-centre-dactivites-chalon-sur-saone\/\">Restos du C\u0153ur<\/a><\/span><\/li>\n<li><span style=\"font-family: georgia, palatino, serif; font-size: 12pt;\"><a href=\"https:\/\/www.sauvegarde71.org\/\">Sauvegarde 71<\/a><\/span><\/li>\n<li><span style=\"font-family: georgia, palatino, serif; font-size: 12pt;\"><a href=\"http:\/\/bourgogne.secours-catholique.org\/\">Secours Catholique<\/a><\/span><\/li>\n<li><span style=\"font-family: georgia, palatino, serif; font-size: 12pt;\"><a href=\"https:\/\/www.secourspopulaire.fr\/secours-populaire\/153\">Secours Populaire<\/a><\/span><\/li>\n<li><span style=\"font-family: georgia, palatino, serif; font-size: 12pt;\"><a href=\"https:\/\/www.uniscite.fr\/\">Unis-Cit\u00e9<\/a><\/span><\/li>\n<\/ul>\n<h4><span style=\"font-family: georgia, palatino, serif; font-size: 12pt;\">Partenaires financiers pour nos ateliers d&rsquo;apprentissage du fran\u00e7ais et l&rsquo;accompagnement \u00e0 la scolarit\u00e9 :<\/span><\/h4>\n<ul>\n<li><span style=\"font-family: georgia, palatino, serif; font-size: 12pt;\"><a href=\"http:\/\/www.caf.fr\/\">CAF 71<\/a><\/span><\/li>\n<li><span style=\"font-family: georgia, palatino, serif; font-size: 12pt;\"><a href=\"https:\/\/agence-cohesion-territoires.gouv.fr\/\">Agence Nationale de la Coh\u00e9sion des Territoires (ANCT)<\/a><\/span><\/li>\n<li><span style=\"font-family: georgia, palatino, serif; font-size: 12pt;\"><a href=\"http:\/\/bourgogne-franche-comte.drdjscs.gouv.fr\/\">Direction R\u00e9gionale de la Jeunesse et des Sports, de la Coh\u00e9sion Sociale de Bourgogne Franche-Comt\u00e9 (DRDJSCS)<\/a><\/span><\/li>\n<li><span style=\"font-family: georgia, palatino, serif; font-size: 12pt;\"><a href=\"http:\/\/www.legrandchalon.fr\/\">Grand Chalon<\/a><\/span><\/li>\n<li><span style=\"font-family: georgia, palatino, serif; font-size: 12pt;\"><a href=\"https:\/\/www.bourgognefranchecomte.fr\/\">R\u00e9gion Bourgogne Franche-Comt\u00e9<\/a><\/span><\/li>\n<li><span style=\"font-family: georgia, palatino, serif; font-size: 12pt;\"><a href=\"http:\/\/www.chalon.fr\/fr\/je-suis\/nouveau-chalonnais\/se-reperer\/vos-services-publics-du-quotidien.html\">Ville de Chalon-sur-Sa\u00f4ne, direction de la coh\u00e9sion sociale<\/a><\/span><\/li>\n<\/ul>\n<h4><span style=\"font-family: georgia, palatino, serif; font-size: 12pt;\">Partenaires financiers pour les h\u00e9bergements :<\/span><\/h4>\n<ul>\n<li><span style=\"font-family: georgia, palatino, serif; font-size: 12pt;\"><a href=\"https:\/\/www.emmauschalon.fr\/\">Emma\u00fcs Chalon sur Sa\u00f4ne<\/a><\/span><\/li>\n<li><a href=\"https:\/\/www.lespetitespierres.org\/\">Les Petites Pierres<\/a><\/li>\n<li><span style=\"font-family: georgia, palatino, serif; font-size: 12pt;\"><a href=\"https:\/\/www.fondation-mcs.org\/\">Fondation Maison Colin Seguin<\/a><\/span><\/li>\n<li><span style=\"font-family: georgia, palatino, serif; font-size: 12pt;\"><a href=\"https:\/\/riacefrance.org\/\">Fond de dotation RIACE<\/a><\/span><\/li>\n<li><span style=\"font-family: georgia, palatino, serif; font-size: 12pt;\"><a href=\"https:\/\/www.fondationcaritasfrance.org\/\">Fondation Caritas<\/a><\/span><\/li>\n<li><span style=\"font-family: georgia, palatino, serif; font-size: 12pt;\"><a href=\"http:\/\/www.fondationmonoprix.fr\/\">Fondation Monoprix<\/a><\/span><\/li>\n<li><span style=\"font-family: georgia, palatino, serif; font-size: 12pt;\"><a href=\"http:\/\/www.logement-bourgogne.com\/author\/habitat-et-humanisme-saone-et-loire\/\">Habitat et humanisme<\/a><\/span><\/li>\n<li><span style=\"font-family: georgia, palatino, serif;\"><a href=\"https:\/\/www.fondationcastorama.com\/\">Fondation Castorama<\/a><\/span><\/li>\n<li><a href=\"https:\/\/fondation.ca-centrest.fr\/\">Fondation Cr\u00e9dit Agricole Centre Est<\/a><\/li>\n<li><span style=\"font-family: georgia, palatino, serif; font-size: 12pt;\">Et surtout, de tr\u00e8s g\u00e9n\u00e9reux donateurs, merci \u00e0 vous !<\/span><\/li>\n<\/ul>\n","protected":false},"excerpt":{"rendered":"<p>L&rsquo;ASTI m\u00e8ne ses missions en collaborant avec de nombreux acteurs locaux ou nationaux. Ces collaborations se concr\u00e9tisent par des actions communes sur le terrain et\/ou un partenariat financier public\/priv\u00e9 indispensable pour la vie de l&rsquo;association. Partenaires actuels : Accompagnants au commissariat Accueil en Chemin Adoma Association Le Pont Banque alimentaire de Bourgogne Collectif Chalon Solidarit\u00e9 [&hellip;]<\/p>\n","protected":false},"author":1,"featured_media":0,"parent":0,"menu_order":11,"comment_status":"closed","ping_status":"closed","template":"","meta":{"footnotes":""},"class_list":["post-26","page","type-page","status-publish","hentry"],"yoast_head":"<!-- This site is optimized with the Yoast SEO plugin v27.5 - https:\/\/yoast.com\/product\/yoast-seo-wordpress\/ -->\n<title>Nos partenaires - ASTI 71<\/title>\n<meta name=\"description\" content=\"Associations, financeurs, fondations, retrouvez dans cette rubrique ceux avec qui nous travaillons pour aider les migrants\" \/>\n<meta name=\"robots\" content=\"index, follow, max-snippet:-1, max-image-preview:large, max-video-preview:-1\" \/>\n<link rel=\"canonical\" href=\"https:\/\/asti71.org\/index.php\/nos-partenaires\/\" \/>\n<meta property=\"og:locale\" content=\"fr_FR\" \/>\n<meta property=\"og:type\" content=\"article\" \/>\n<meta property=\"og:title\" content=\"Nos partenaires - ASTI 71\" \/>\n<meta property=\"og:description\" content=\"Associations, financeurs, fondations, retrouvez dans cette rubrique ceux avec qui nous travaillons pour aider les migrants\" \/>\n<meta property=\"og:url\" content=\"https:\/\/asti71.org\/index.php\/nos-partenaires\/\" \/>\n<meta property=\"og:site_name\" content=\"ASTI 71\" \/>\n<meta property=\"article:publisher\" content=\"https:\/\/www.facebook.com\/asti.chalon\/\" \/>\n<meta property=\"article:modified_time\" content=\"2025-10-31T11:09:30+00:00\" \/>\n<meta name=\"twitter:card\" content=\"summary_large_image\" \/>\n<meta name=\"twitter:label1\" content=\"Dur\u00e9e de lecture estim\u00e9e\" \/>\n\t<meta name=\"twitter:data1\" content=\"2 minutes\" \/>\n<script type=\"application\/ld+json\" class=\"yoast-schema-graph\">{\"@context\":\"https:\\\/\\\/schema.org\",\"@graph\":[{\"@type\":\"WebPage\",\"@id\":\"https:\\\/\\\/asti71.org\\\/index.php\\\/nos-partenaires\\\/\",\"url\":\"https:\\\/\\\/asti71.org\\\/index.php\\\/nos-partenaires\\\/\",\"name\":\"Nos partenaires - ASTI 71\",\"isPartOf\":{\"@id\":\"https:\\\/\\\/asti71.org\\\/#website\"},\"datePublished\":\"2017-08-17T08:48:23+00:00\",\"dateModified\":\"2025-10-31T11:09:30+00:00\",\"description\":\"Associations, financeurs, fondations, retrouvez dans cette rubrique ceux avec qui nous travaillons pour aider les migrants\",\"breadcrumb\":{\"@id\":\"https:\\\/\\\/asti71.org\\\/index.php\\\/nos-partenaires\\\/#breadcrumb\"},\"inLanguage\":\"fr-FR\",\"potentialAction\":[{\"@type\":\"ReadAction\",\"target\":[\"https:\\\/\\\/asti71.org\\\/index.php\\\/nos-partenaires\\\/\"]}]},{\"@type\":\"BreadcrumbList\",\"@id\":\"https:\\\/\\\/asti71.org\\\/index.php\\\/nos-partenaires\\\/#breadcrumb\",\"itemListElement\":[{\"@type\":\"ListItem\",\"position\":1,\"name\":\"Accueil\",\"item\":\"https:\\\/\\\/asti71.org\\\/\"},{\"@type\":\"ListItem\",\"position\":2,\"name\":\"Nos partenaires\"}]},{\"@type\":\"WebSite\",\"@id\":\"https:\\\/\\\/asti71.org\\\/#website\",\"url\":\"https:\\\/\\\/asti71.org\\\/\",\"name\":\"ASTI 71\",\"description\":\"\",\"publisher\":{\"@id\":\"https:\\\/\\\/asti71.org\\\/#organization\"},\"potentialAction\":[{\"@type\":\"SearchAction\",\"target\":{\"@type\":\"EntryPoint\",\"urlTemplate\":\"https:\\\/\\\/asti71.org\\\/?s={search_term_string}\"},\"query-input\":{\"@type\":\"PropertyValueSpecification\",\"valueRequired\":true,\"valueName\":\"search_term_string\"}}],\"inLanguage\":\"fr-FR\"},{\"@type\":\"Organization\",\"@id\":\"https:\\\/\\\/asti71.org\\\/#organization\",\"name\":\"ASTI 71\",\"url\":\"https:\\\/\\\/asti71.org\\\/\",\"logo\":{\"@type\":\"ImageObject\",\"inLanguage\":\"fr-FR\",\"@id\":\"https:\\\/\\\/asti71.org\\\/#\\\/schema\\\/logo\\\/image\\\/\",\"url\":\"https:\\\/\\\/asti71.org\\\/wp-content\\\/uploads\\\/2017\\\/10\\\/cropped-logo-e1508600698583.png\",\"contentUrl\":\"https:\\\/\\\/asti71.org\\\/wp-content\\\/uploads\\\/2017\\\/10\\\/cropped-logo-e1508600698583.png\",\"width\":100,\"height\":67,\"caption\":\"ASTI 71\"},\"image\":{\"@id\":\"https:\\\/\\\/asti71.org\\\/#\\\/schema\\\/logo\\\/image\\\/\"},\"sameAs\":[\"https:\\\/\\\/www.facebook.com\\\/asti.chalon\\\/\"]}]}<\/script>\n<!-- \/ Yoast SEO plugin. -->","yoast_head_json":{"title":"Nos partenaires - ASTI 71","description":"Associations, financeurs, fondations, retrouvez dans cette rubrique ceux avec qui nous travaillons pour aider les migrants","robots":{"index":"index","follow":"follow","max-snippet":"max-snippet:-1","max-image-preview":"max-image-preview:large","max-video-preview":"max-video-preview:-1"},"canonical":"https:\/\/asti71.org\/index.php\/nos-partenaires\/","og_locale":"fr_FR","og_type":"article","og_title":"Nos partenaires - ASTI 71","og_description":"Associations, financeurs, fondations, retrouvez dans cette rubrique ceux avec qui nous travaillons pour aider les migrants","og_url":"https:\/\/asti71.org\/index.php\/nos-partenaires\/","og_site_name":"ASTI 71","article_publisher":"https:\/\/www.facebook.com\/asti.chalon\/","article_modified_time":"2025-10-31T11:09:30+00:00","twitter_card":"summary_large_image","twitter_misc":{"Dur\u00e9e de lecture estim\u00e9e":"2 minutes"},"schema":{"@context":"https:\/\/schema.org","@graph":[{"@type":"WebPage","@id":"https:\/\/asti71.org\/index.php\/nos-partenaires\/","url":"https:\/\/asti71.org\/index.php\/nos-partenaires\/","name":"Nos partenaires - ASTI 71","isPartOf":{"@id":"https:\/\/asti71.org\/#website"},"datePublished":"2017-08-17T08:48:23+00:00","dateModified":"2025-10-31T11:09:30+00:00","description":"Associations, financeurs, fondations, retrouvez dans cette rubrique ceux avec qui nous travaillons pour aider les migrants","breadcrumb":{"@id":"https:\/\/asti71.org\/index.php\/nos-partenaires\/#breadcrumb"},"inLanguage":"fr-FR","potentialAction":[{"@type":"ReadAction","target":["https:\/\/asti71.org\/index.php\/nos-partenaires\/"]}]},{"@type":"BreadcrumbList","@id":"https:\/\/asti71.org\/index.php\/nos-partenaires\/#breadcrumb","itemListElement":[{"@type":"ListItem","position":1,"name":"Accueil","item":"https:\/\/asti71.org\/"},{"@type":"ListItem","position":2,"name":"Nos partenaires"}]},{"@type":"WebSite","@id":"https:\/\/asti71.org\/#website","url":"https:\/\/asti71.org\/","name":"ASTI 71","description":"","publisher":{"@id":"https:\/\/asti71.org\/#organization"},"potentialAction":[{"@type":"SearchAction","target":{"@type":"EntryPoint","urlTemplate":"https:\/\/asti71.org\/?s={search_term_string}"},"query-input":{"@type":"PropertyValueSpecification","valueRequired":true,"valueName":"search_term_string"}}],"inLanguage":"fr-FR"},{"@type":"Organization","@id":"https:\/\/asti71.org\/#organization","name":"ASTI 71","url":"https:\/\/asti71.org\/","logo":{"@type":"ImageObject","inLanguage":"fr-FR","@id":"https:\/\/asti71.org\/#\/schema\/logo\/image\/","url":"https:\/\/asti71.org\/wp-content\/uploads\/2017\/10\/cropped-logo-e1508600698583.png","contentUrl":"https:\/\/asti71.org\/wp-content\/uploads\/2017\/10\/cropped-logo-e1508600698583.png","width":100,"height":67,"caption":"ASTI 71"},"image":{"@id":"https:\/\/asti71.org\/#\/schema\/logo\/image\/"},"sameAs":["https:\/\/www.facebook.com\/asti.chalon\/"]}]}},"_links":{"self":[{"href":"https:\/\/asti71.org\/index.php\/wp-json\/wp\/v2\/pages\/26","targetHints":{"allow":["GET"]}}],"collection":[{"href":"https:\/\/asti71.org\/index.php\/wp-json\/wp\/v2\/pages"}],"about":[{"href":"https:\/\/asti71.org\/index.php\/wp-json\/wp\/v2\/types\/page"}],"author":[{"embeddable":true,"href":"https:\/\/asti71.org\/index.php\/wp-json\/wp\/v2\/users\/1"}],"replies":[{"embeddable":true,"href":"https:\/\/asti71.org\/index.php\/wp-json\/wp\/v2\/comments?post=26"}],"version-history":[{"count":29,"href":"https:\/\/asti71.org\/index.php\/wp-json\/wp\/v2\/pages\/26\/revisions"}],"predecessor-version":[{"id":2101,"href":"https:\/\/asti71.org\/index.php\/wp-json\/wp\/v2\/pages\/26\/revisions\/2101"}],"wp:attachment":[{"href":"https:\/\/asti71.org\/index.php\/wp-json\/wp\/v2\/media?parent=26"}],"curies":[{"name":"wp","href":"https:\/\/api.w.org\/{rel}","templated":true}]}}