{"id":29,"date":"2017-08-17T10:48:59","date_gmt":"2017-08-17T08:48:59","guid":{"rendered":"http:\/\/asti71.org\/?page_id=29"},"modified":"2026-04-02T16:47:57","modified_gmt":"2026-04-02T14:47:57","slug":"devenir-benevole","status":"publish","type":"page","link":"https:\/\/asti71.org\/index.php\/agir-avec-nous\/devenir-benevole\/","title":{"rendered":"Devenir b\u00e9n\u00e9vole"},"content":{"rendered":"<h2><span style=\"font-family: arial,helvetica,sans-serif;\">Rejoignez notre r\u00e9seau de b\u00e9n\u00e9voles.<\/span><\/h2>\n<p><span style=\"font-family: arial,helvetica,sans-serif;\">Le b\u00e9n\u00e9volat est un engagement libre et non r\u00e9tribu\u00e9 de personnes qui agissent, pour d\u2019autres et pour un int\u00e9r\u00eat commun, dans le cadre des buts d\u00e9finis par les statuts de l&rsquo;Association \u00e0 savoir\u00a0:<\/span><\/p>\n<ul>\n<li><span style=\"font-family: arial,helvetica,sans-serif;\">agir pour la promotion humaine et sociale des personnes migrantes et de leurs familles r\u00e9sidant en France, dans le respect de leur culture ethnique en excluant toute discrimination d&rsquo;origine, de nationalit\u00e9, et d&rsquo;opinion politique, philosophique ou religieuse<\/span><\/li>\n<li><span style=\"font-family: arial,helvetica,sans-serif;\">collaborer avec toutes les personnes physiques ou morales, nationales ou \u00e9trang\u00e8res dans toutes actions visant \u00e0 l&rsquo;am\u00e9lioration, sous tous ses aspects des conditions de vie des immigr\u00e9s dans la communaut\u00e9 fran\u00e7aise<\/span><\/li>\n<li><span style=\"font-family: arial,helvetica,sans-serif;\">assurer aupr\u00e8s des Pouvoirs Publics toutes interventions jug\u00e9es utiles localement<\/span><\/li>\n<li><span style=\"font-family: arial,helvetica,sans-serif;\">agir localement en vue de sensibiliser l&rsquo;opinion publique \u00e0 la situation des immigr\u00e9s et d&rsquo;obtenir son appui dans les interventions entreprises \u00e0 cet \u00e9gard<\/span><\/li>\n<li><span style=\"font-family: arial,helvetica,sans-serif;\">lutter contre toutes les formes de discrimination comme pr\u00e9vu dans la loi<\/span><\/li>\n<li><span style=\"font-family: arial,helvetica,sans-serif;\">\u00eatre sous forme adapt\u00e9e en lien avec des personnes immigr\u00e9es, cela \u00e9tant n\u00e9cessaire \u00e0 une connaissance de leur vie et de leurs probl\u00e8mes<\/span><\/li>\n<\/ul>\n<p><span style=\"font-family: arial,helvetica,sans-serif;\">Devenir b\u00e9n\u00e9vole \u00e0 l&rsquo;ASTI, c\u2019est faire le choix de partager ses savoirs et savoirs-faire au profit de l\u2019Association ou des personnes qui y sont accompagn\u00e9es.<\/span><\/p>\n<p><span style=\"font-family: arial,helvetica,sans-serif;\">L\u2019Association reconna\u00eet la place sp\u00e9cifique qu\u2019occupe le b\u00e9n\u00e9vole en tant qu\u2019acteur de soutien et\/ou force de proposition, et croit en son action.<\/span><\/p>\n<p><span style=\"font-family: arial,helvetica,sans-serif;\">Aujourd\u2019hui encore, la disponibilit\u00e9 et l\u2019engagement des b\u00e9n\u00e9voles contribuent au soutien de nombreuses personnes en difficult\u00e9(s) dans leur parcours d&rsquo;immigration.<\/span><\/p>\n<h4><span style=\"font-family: arial,helvetica,sans-serif;\">\u00catre b\u00e9n\u00e9vole \u00e0 l&rsquo;ASTI 71, c&rsquo;est :<br \/>\n<\/span><\/h4>\n<ul>\n<li><span style=\"font-family: arial,helvetica,sans-serif;\">inscrire son action dans le respect des objectifs de l&rsquo;Association et de ses valeurs\u00a0: solidarit\u00e9 et engagement pour l\u2019\u00e9galit\u00e9 entre toutes et tous sans distinction d&rsquo;origine, de culture, de genre, de religion<\/span><\/li>\n<li><span style=\"font-family: arial,helvetica,sans-serif;\">respecter l&rsquo;organisation et le fonctionnement de l&rsquo;Association<\/span><\/li>\n<li><span style=\"font-family: arial,helvetica,sans-serif;\">collaborer avec les salari\u00e9s dans l&rsquo;\u00e9coute et la discr\u00e9tion<\/span><\/li>\n<li><span style=\"font-family: arial,helvetica,sans-serif;\">collaborer avec tous les b\u00e9n\u00e9voles et le Conseil d&rsquo; Administration dans un esprit d&rsquo;\u00e9quipe et de solidarit\u00e9<\/span><\/li>\n<li><span style=\"font-family: arial,helvetica,sans-serif;\">exercer son activit\u00e9 de fa\u00e7on discr\u00e8te, dans le respect de la la\u00efcit\u00e9 et des convictions de chacun<\/span><\/li>\n<li><span style=\"font-family: arial,helvetica,sans-serif;\">respecter, tant en interne qu&rsquo;\u00e0 l&rsquo;externe de l&rsquo;Association, la confidentialit\u00e9 des propos et des informations recueillies<\/span><\/li>\n<li><span style=\"font-family: arial,helvetica,sans-serif;\">agir dans le respect des valeurs, des droits, de la culture, des choix et des croyances des personnes accompagn\u00e9es \u00a0quelque soit l&rsquo;atelier<\/span><\/li>\n<\/ul>\n<h4><span style=\"font-family: arial,helvetica,sans-serif;\">Pour soutenir le b\u00e9n\u00e9vole, L\u2019Association ASTI 71 s&rsquo;engage \u00e0\u00a0:<\/span><\/h4>\n<ul>\n<li><span style=\"font-family: arial,helvetica,sans-serif;\">accueillir et consid\u00e9rer le b\u00e9n\u00e9vole comme un collaborateur \u00e0 part enti\u00e8re dans le cadre des missions qui lui sont confi\u00e9es et qu\u2019il accepte de porter ; mettre ainsi \u00e0 sa disposition les statuts de l&rsquo;Association et la pr\u00e9sente charte<\/span><\/li>\n<li><span style=\"font-family: arial,helvetica,sans-serif;\">donner \u00e0 chaque b\u00e9n\u00e9vole, une information claire sur les valeurs, les missions et le fonctionnement de l\u2019Association et de chaque atelier<\/span><\/li>\n<li><span style=\"font-family: arial,helvetica,sans-serif;\">d\u00e9finir les activit\u00e9s et responsabilit\u00e9s de chaque b\u00e9n\u00e9vole<\/span><\/li>\n<li><span style=\"font-family: arial,helvetica,sans-serif;\">faciliter les rencontres n\u00e9cessaires avec les autres b\u00e9n\u00e9voles et membres du Conseil d&rsquo;Administration<\/span><\/li>\n<li><span style=\"font-family: arial,helvetica,sans-serif;\">proposer de soutenir l&rsquo;ASTI\/la FASTI en s&rsquo;acquittant d&rsquo;une cotisation annuelle.<\/span><\/li>\n<\/ul>\n<h4><span style=\"font-family: arial,helvetica,sans-serif;\"><strong>Vous souhaitez\u00a0vous engager<\/strong><\/span><\/h4>\n<ul>\n<li><span style=\"font-family: arial,helvetica,sans-serif;\">Dans l\u2019accompagnement \u00e0 la scolarit\u00e9 aupr\u00e8s des \u00e9l\u00e8ves de classes primaire ou coll\u00e9giens, l\u2019atelier a besoin de vous ! Visitez la page en <strong><a href=\"http:\/\/asti71.org\/index.php\/nos-actions\/accompagnement-scolaire\/\">cliquant ici<\/a><\/strong> et remplissez le formulaire.<br \/>\n<\/span><\/li>\n<li><span style=\"font-family: arial,helvetica,sans-serif;\">Dans l\u2019atelier d\u2019apprentissage du fran\u00e7ais des personnes migrantes, l\u2019atelier Bienvenue en fran\u00e7ais a besoin de vous ! Visitez la page en <strong><a href=\"http:\/\/asti71.org\/index.php\/nos-actions\/bienvenue-en-francais\/\">cliquant ici<\/a><\/strong> et remplissez le formulaire.<br \/>\n<\/span><\/li>\n<li><span style=\"font-family: arial,helvetica,sans-serif;\">Dans l\u2019atelier \u00e0 destination des femmes immigr\u00e9es, l\u2019atelier Femmes du monde a besoin de vous ! Visitez la page en <a href=\"http:\/\/asti71.org\/index.php\/nos-actions\/latelier-femmes-du-monde\/\"><strong>cliquant ici<\/strong><\/a> et remplissez le formulaire.<br \/>\n<\/span><\/li>\n<li><span style=\"font-family: arial,helvetica,sans-serif;\">Dans l\u2019accompagnement et la gestion de l\u2019atelier jardin, l\u2019ASTI a besoin de vous\u00a0! Visitez la page en <strong><a href=\"http:\/\/asti71.org\/index.php\/nos-actions\/le-jardin\/\">cliquant ici<\/a><\/strong> et remplissez le formulaire.<br \/>\n<\/span><\/li>\n<li><span style=\"font-family: arial,helvetica,sans-serif;\">Dans l\u2019accompagnement et la gestion de l\u2019atelier bricolage, l\u2019ASTI a besoin de vous\u00a0! Visitez la page en <a href=\"http:\/\/asti71.org\/index.php\/nos-actions\/latelier-bricolage\/\"><strong>cliquant ici<\/strong><\/a> et remplissez le formulaire.<br \/>\n<\/span><\/li>\n<li><span style=\"font-family: arial,helvetica,sans-serif;\">Dans l\u2019accompagnement juridique, l\u2019ASTI a besoin de vous\u00a0! Visitez la page en <strong><a href=\"http:\/\/asti71.org\/index.php\/nos-actions\/la-permanence-juridique\/\">cliquant ici<\/a><\/strong> et remplissez le formulaire.<br \/>\n<\/span><\/li>\n<li><span style=\"font-family: arial,helvetica,sans-serif;\">Dans l\u2019accompagnement et le soutien quotidien aupr\u00e8s des familles accompagn\u00e9es et\/ou h\u00e9berg\u00e9es de l\u2019ASTI, nous avons besoin de vous\u00a0! Visitez la page en <strong><a href=\"http:\/\/asti71.org\/index.php\/nos-actions\/hebergement\/\">cliquant ici<\/a><\/strong> et remplissez le formulaire.<strong><br \/>\n<\/strong><\/span><\/li>\n<li><span style=\"font-family: arial, helvetica, sans-serif;\">Dans la commission Arts et Cultures, l&rsquo;ASTI a besoin de vous ! Visitez la page en <strong><a href=\"https:\/\/asti71.org\/index.php\/nos-actions\/commission-arts-et-cultures\/\">cliquant ici<\/a><\/strong> et remplissez le formulaire.<\/span><\/li>\n<\/ul>\n<h4><span style=\"font-family: arial,helvetica,sans-serif;\">L\u2019\u00e9quipe des b\u00e9n\u00e9voles d\u00e9j\u00e0 en place vous fera le meilleur accueil et se rendra disponible pour vous expliquer le fonctionnement de l\u2019ASTI et ses besoins.<\/span><\/h4>\n<h4><span style=\"font-family: arial,helvetica,sans-serif;\">Merci.<br \/>\n<\/span><\/h4>\n","protected":false},"excerpt":{"rendered":"<p>Rejoignez notre r\u00e9seau de b\u00e9n\u00e9voles. Le b\u00e9n\u00e9volat est un engagement libre et non r\u00e9tribu\u00e9 de personnes qui agissent, pour d\u2019autres et pour un int\u00e9r\u00eat commun, dans le cadre des buts d\u00e9finis par les statuts de l&rsquo;Association \u00e0 savoir\u00a0: agir pour la promotion humaine et sociale des personnes migrantes et de leurs familles r\u00e9sidant en France, [&hellip;]<\/p>\n","protected":false},"author":1,"featured_media":0,"parent":23,"menu_order":0,"comment_status":"closed","ping_status":"closed","template":"","meta":{"footnotes":""},"class_list":["post-29","page","type-page","status-publish","hentry"],"yoast_head":"<!-- This site is optimized with the Yoast SEO plugin v27.5 - https:\/\/yoast.com\/product\/yoast-seo-wordpress\/ -->\n<title>Devenir b\u00e9n\u00e9vole - ASTI 71<\/title>\n<meta name=\"description\" content=\"Rejoignez notre r\u00e9seau de b\u00e9n\u00e9voles. Le b\u00e9n\u00e9volat est un engagement libre et non r\u00e9tribu\u00e9 de personnes qui agissent, pour d\u2019autres et pour un int\u00e9r\u00eat commun. Devenir b\u00e9n\u00e9vole \u00e0 l&#039;ASTI, c\u2019est faire le choix de partager ses savoirs et savoirs-faire au profit de l\u2019Association ou des personnes qui y sont accompagn\u00e9es.L\u2019Association reconna\u00eet la place sp\u00e9cifique qu\u2019occupe le b\u00e9n\u00e9vole en tant qu\u2019acteur de soutien et\/ou force de proposition, et croit en son action.Aujourd\u2019hui encore, la disponibilit\u00e9 et l\u2019engagement des b\u00e9n\u00e9voles contribuent au soutien de nombreuses personnes en difficult\u00e9(s) dans leur parcours d&#039;immigration.\" \/>\n<meta name=\"robots\" content=\"index, follow, max-snippet:-1, max-image-preview:large, max-video-preview:-1\" \/>\n<link rel=\"canonical\" href=\"https:\/\/asti71.org\/index.php\/agir-avec-nous\/devenir-benevole\/\" \/>\n<meta property=\"og:locale\" content=\"fr_FR\" \/>\n<meta property=\"og:type\" content=\"article\" \/>\n<meta property=\"og:title\" content=\"Devenir b\u00e9n\u00e9vole - ASTI 71\" \/>\n<meta property=\"og:description\" content=\"Rejoignez notre r\u00e9seau de b\u00e9n\u00e9voles. Le b\u00e9n\u00e9volat est un engagement libre et non r\u00e9tribu\u00e9 de personnes qui agissent, pour d\u2019autres et pour un int\u00e9r\u00eat commun. Devenir b\u00e9n\u00e9vole \u00e0 l&#039;ASTI, c\u2019est faire le choix de partager ses savoirs et savoirs-faire au profit de l\u2019Association ou des personnes qui y sont accompagn\u00e9es.L\u2019Association reconna\u00eet la place sp\u00e9cifique qu\u2019occupe le b\u00e9n\u00e9vole en tant qu\u2019acteur de soutien et\/ou force de proposition, et croit en son action.Aujourd\u2019hui encore, la disponibilit\u00e9 et l\u2019engagement des b\u00e9n\u00e9voles contribuent au soutien de nombreuses personnes en difficult\u00e9(s) dans leur parcours d&#039;immigration.\" \/>\n<meta property=\"og:url\" content=\"https:\/\/asti71.org\/index.php\/agir-avec-nous\/devenir-benevole\/\" \/>\n<meta property=\"og:site_name\" content=\"ASTI 71\" \/>\n<meta property=\"article:publisher\" content=\"https:\/\/www.facebook.com\/asti.chalon\/\" \/>\n<meta property=\"article:modified_time\" content=\"2026-04-02T14:47:57+00:00\" \/>\n<meta name=\"twitter:card\" content=\"summary_large_image\" \/>\n<meta name=\"twitter:label1\" content=\"Dur\u00e9e de lecture estim\u00e9e\" \/>\n\t<meta name=\"twitter:data1\" content=\"4 minutes\" \/>\n<script type=\"application\/ld+json\" class=\"yoast-schema-graph\">{\"@context\":\"https:\\\/\\\/schema.org\",\"@graph\":[{\"@type\":\"WebPage\",\"@id\":\"https:\\\/\\\/asti71.org\\\/index.php\\\/agir-avec-nous\\\/devenir-benevole\\\/\",\"url\":\"https:\\\/\\\/asti71.org\\\/index.php\\\/agir-avec-nous\\\/devenir-benevole\\\/\",\"name\":\"Devenir b\u00e9n\u00e9vole - ASTI 71\",\"isPartOf\":{\"@id\":\"https:\\\/\\\/asti71.org\\\/#website\"},\"datePublished\":\"2017-08-17T08:48:59+00:00\",\"dateModified\":\"2026-04-02T14:47:57+00:00\",\"description\":\"Rejoignez notre r\u00e9seau de b\u00e9n\u00e9voles. Le b\u00e9n\u00e9volat est un engagement libre et non r\u00e9tribu\u00e9 de personnes qui agissent, pour d\u2019autres et pour un int\u00e9r\u00eat commun. Devenir b\u00e9n\u00e9vole \u00e0 l'ASTI, c\u2019est faire le choix de partager ses savoirs et savoirs-faire au profit de l\u2019Association ou des personnes qui y sont accompagn\u00e9es.L\u2019Association reconna\u00eet la place sp\u00e9cifique qu\u2019occupe le b\u00e9n\u00e9vole en tant qu\u2019acteur de soutien et\\\/ou force de proposition, et croit en son action.Aujourd\u2019hui encore, la disponibilit\u00e9 et l\u2019engagement des b\u00e9n\u00e9voles contribuent au soutien de nombreuses personnes en difficult\u00e9(s) dans leur parcours d'immigration.\",\"breadcrumb\":{\"@id\":\"https:\\\/\\\/asti71.org\\\/index.php\\\/agir-avec-nous\\\/devenir-benevole\\\/#breadcrumb\"},\"inLanguage\":\"fr-FR\",\"potentialAction\":[{\"@type\":\"ReadAction\",\"target\":[\"https:\\\/\\\/asti71.org\\\/index.php\\\/agir-avec-nous\\\/devenir-benevole\\\/\"]}]},{\"@type\":\"BreadcrumbList\",\"@id\":\"https:\\\/\\\/asti71.org\\\/index.php\\\/agir-avec-nous\\\/devenir-benevole\\\/#breadcrumb\",\"itemListElement\":[{\"@type\":\"ListItem\",\"position\":1,\"name\":\"Accueil\",\"item\":\"https:\\\/\\\/asti71.org\\\/\"},{\"@type\":\"ListItem\",\"position\":2,\"name\":\"Agir avec nous\",\"item\":\"https:\\\/\\\/asti71.org\\\/index.php\\\/agir-avec-nous\\\/\"},{\"@type\":\"ListItem\",\"position\":3,\"name\":\"Devenir b\u00e9n\u00e9vole\"}]},{\"@type\":\"WebSite\",\"@id\":\"https:\\\/\\\/asti71.org\\\/#website\",\"url\":\"https:\\\/\\\/asti71.org\\\/\",\"name\":\"ASTI 71\",\"description\":\"\",\"publisher\":{\"@id\":\"https:\\\/\\\/asti71.org\\\/#organization\"},\"potentialAction\":[{\"@type\":\"SearchAction\",\"target\":{\"@type\":\"EntryPoint\",\"urlTemplate\":\"https:\\\/\\\/asti71.org\\\/?s={search_term_string}\"},\"query-input\":{\"@type\":\"PropertyValueSpecification\",\"valueRequired\":true,\"valueName\":\"search_term_string\"}}],\"inLanguage\":\"fr-FR\"},{\"@type\":\"Organization\",\"@id\":\"https:\\\/\\\/asti71.org\\\/#organization\",\"name\":\"ASTI 71\",\"url\":\"https:\\\/\\\/asti71.org\\\/\",\"logo\":{\"@type\":\"ImageObject\",\"inLanguage\":\"fr-FR\",\"@id\":\"https:\\\/\\\/asti71.org\\\/#\\\/schema\\\/logo\\\/image\\\/\",\"url\":\"https:\\\/\\\/asti71.org\\\/wp-content\\\/uploads\\\/2017\\\/10\\\/cropped-logo-e1508600698583.png\",\"contentUrl\":\"https:\\\/\\\/asti71.org\\\/wp-content\\\/uploads\\\/2017\\\/10\\\/cropped-logo-e1508600698583.png\",\"width\":100,\"height\":67,\"caption\":\"ASTI 71\"},\"image\":{\"@id\":\"https:\\\/\\\/asti71.org\\\/#\\\/schema\\\/logo\\\/image\\\/\"},\"sameAs\":[\"https:\\\/\\\/www.facebook.com\\\/asti.chalon\\\/\"]}]}<\/script>\n<!-- \/ Yoast SEO plugin. -->","yoast_head_json":{"title":"Devenir b\u00e9n\u00e9vole - ASTI 71","description":"Rejoignez notre r\u00e9seau de b\u00e9n\u00e9voles. Le b\u00e9n\u00e9volat est un engagement libre et non r\u00e9tribu\u00e9 de personnes qui agissent, pour d\u2019autres et pour un int\u00e9r\u00eat commun. Devenir b\u00e9n\u00e9vole \u00e0 l'ASTI, c\u2019est faire le choix de partager ses savoirs et savoirs-faire au profit de l\u2019Association ou des personnes qui y sont accompagn\u00e9es.L\u2019Association reconna\u00eet la place sp\u00e9cifique qu\u2019occupe le b\u00e9n\u00e9vole en tant qu\u2019acteur de soutien et\/ou force de proposition, et croit en son action.Aujourd\u2019hui encore, la disponibilit\u00e9 et l\u2019engagement des b\u00e9n\u00e9voles contribuent au soutien de nombreuses personnes en difficult\u00e9(s) dans leur parcours d'immigration.","robots":{"index":"index","follow":"follow","max-snippet":"max-snippet:-1","max-image-preview":"max-image-preview:large","max-video-preview":"max-video-preview:-1"},"canonical":"https:\/\/asti71.org\/index.php\/agir-avec-nous\/devenir-benevole\/","og_locale":"fr_FR","og_type":"article","og_title":"Devenir b\u00e9n\u00e9vole - ASTI 71","og_description":"Rejoignez notre r\u00e9seau de b\u00e9n\u00e9voles. Le b\u00e9n\u00e9volat est un engagement libre et non r\u00e9tribu\u00e9 de personnes qui agissent, pour d\u2019autres et pour un int\u00e9r\u00eat commun. Devenir b\u00e9n\u00e9vole \u00e0 l'ASTI, c\u2019est faire le choix de partager ses savoirs et savoirs-faire au profit de l\u2019Association ou des personnes qui y sont accompagn\u00e9es.L\u2019Association reconna\u00eet la place sp\u00e9cifique qu\u2019occupe le b\u00e9n\u00e9vole en tant qu\u2019acteur de soutien et\/ou force de proposition, et croit en son action.Aujourd\u2019hui encore, la disponibilit\u00e9 et l\u2019engagement des b\u00e9n\u00e9voles contribuent au soutien de nombreuses personnes en difficult\u00e9(s) dans leur parcours d'immigration.","og_url":"https:\/\/asti71.org\/index.php\/agir-avec-nous\/devenir-benevole\/","og_site_name":"ASTI 71","article_publisher":"https:\/\/www.facebook.com\/asti.chalon\/","article_modified_time":"2026-04-02T14:47:57+00:00","twitter_card":"summary_large_image","twitter_misc":{"Dur\u00e9e de lecture estim\u00e9e":"4 minutes"},"schema":{"@context":"https:\/\/schema.org","@graph":[{"@type":"WebPage","@id":"https:\/\/asti71.org\/index.php\/agir-avec-nous\/devenir-benevole\/","url":"https:\/\/asti71.org\/index.php\/agir-avec-nous\/devenir-benevole\/","name":"Devenir b\u00e9n\u00e9vole - ASTI 71","isPartOf":{"@id":"https:\/\/asti71.org\/#website"},"datePublished":"2017-08-17T08:48:59+00:00","dateModified":"2026-04-02T14:47:57+00:00","description":"Rejoignez notre r\u00e9seau de b\u00e9n\u00e9voles. Le b\u00e9n\u00e9volat est un engagement libre et non r\u00e9tribu\u00e9 de personnes qui agissent, pour d\u2019autres et pour un int\u00e9r\u00eat commun. Devenir b\u00e9n\u00e9vole \u00e0 l'ASTI, c\u2019est faire le choix de partager ses savoirs et savoirs-faire au profit de l\u2019Association ou des personnes qui y sont accompagn\u00e9es.L\u2019Association reconna\u00eet la place sp\u00e9cifique qu\u2019occupe le b\u00e9n\u00e9vole en tant qu\u2019acteur de soutien et\/ou force de proposition, et croit en son action.Aujourd\u2019hui encore, la disponibilit\u00e9 et l\u2019engagement des b\u00e9n\u00e9voles contribuent au soutien de nombreuses personnes en difficult\u00e9(s) dans leur parcours d'immigration.","breadcrumb":{"@id":"https:\/\/asti71.org\/index.php\/agir-avec-nous\/devenir-benevole\/#breadcrumb"},"inLanguage":"fr-FR","potentialAction":[{"@type":"ReadAction","target":["https:\/\/asti71.org\/index.php\/agir-avec-nous\/devenir-benevole\/"]}]},{"@type":"BreadcrumbList","@id":"https:\/\/asti71.org\/index.php\/agir-avec-nous\/devenir-benevole\/#breadcrumb","itemListElement":[{"@type":"ListItem","position":1,"name":"Accueil","item":"https:\/\/asti71.org\/"},{"@type":"ListItem","position":2,"name":"Agir avec nous","item":"https:\/\/asti71.org\/index.php\/agir-avec-nous\/"},{"@type":"ListItem","position":3,"name":"Devenir b\u00e9n\u00e9vole"}]},{"@type":"WebSite","@id":"https:\/\/asti71.org\/#website","url":"https:\/\/asti71.org\/","name":"ASTI 71","description":"","publisher":{"@id":"https:\/\/asti71.org\/#organization"},"potentialAction":[{"@type":"SearchAction","target":{"@type":"EntryPoint","urlTemplate":"https:\/\/asti71.org\/?s={search_term_string}"},"query-input":{"@type":"PropertyValueSpecification","valueRequired":true,"valueName":"search_term_string"}}],"inLanguage":"fr-FR"},{"@type":"Organization","@id":"https:\/\/asti71.org\/#organization","name":"ASTI 71","url":"https:\/\/asti71.org\/","logo":{"@type":"ImageObject","inLanguage":"fr-FR","@id":"https:\/\/asti71.org\/#\/schema\/logo\/image\/","url":"https:\/\/asti71.org\/wp-content\/uploads\/2017\/10\/cropped-logo-e1508600698583.png","contentUrl":"https:\/\/asti71.org\/wp-content\/uploads\/2017\/10\/cropped-logo-e1508600698583.png","width":100,"height":67,"caption":"ASTI 71"},"image":{"@id":"https:\/\/asti71.org\/#\/schema\/logo\/image\/"},"sameAs":["https:\/\/www.facebook.com\/asti.chalon\/"]}]}},"_links":{"self":[{"href":"https:\/\/asti71.org\/index.php\/wp-json\/wp\/v2\/pages\/29","targetHints":{"allow":["GET"]}}],"collection":[{"href":"https:\/\/asti71.org\/index.php\/wp-json\/wp\/v2\/pages"}],"about":[{"href":"https:\/\/asti71.org\/index.php\/wp-json\/wp\/v2\/types\/page"}],"author":[{"embeddable":true,"href":"https:\/\/asti71.org\/index.php\/wp-json\/wp\/v2\/users\/1"}],"replies":[{"embeddable":true,"href":"https:\/\/asti71.org\/index.php\/wp-json\/wp\/v2\/comments?post=29"}],"version-history":[{"count":9,"href":"https:\/\/asti71.org\/index.php\/wp-json\/wp\/v2\/pages\/29\/revisions"}],"predecessor-version":[{"id":401,"href":"https:\/\/asti71.org\/index.php\/wp-json\/wp\/v2\/pages\/29\/revisions\/401"}],"up":[{"embeddable":true,"href":"https:\/\/asti71.org\/index.php\/wp-json\/wp\/v2\/pages\/23"}],"wp:attachment":[{"href":"https:\/\/asti71.org\/index.php\/wp-json\/wp\/v2\/media?parent=29"}],"curies":[{"name":"wp","href":"https:\/\/api.w.org\/{rel}","templated":true}]}}