{"id":37,"date":"2017-08-17T10:50:10","date_gmt":"2017-08-17T08:50:10","guid":{"rendered":"http:\/\/asti71.org\/?page_id=37"},"modified":"2025-10-31T12:14:48","modified_gmt":"2025-10-31T11:14:48","slug":"notre-equipe","status":"publish","type":"page","link":"https:\/\/asti71.org\/index.php\/lasti\/notre-equipe\/","title":{"rendered":"Notre \u00e9quipe"},"content":{"rendered":"<h4><span style=\"font-family: arial, helvetica, sans-serif; font-size: 12pt;\">L\u2019ASTI de Chalon a \u00e9t\u00e9 cr\u00e9\u00e9e en 1968. Au fil des ann\u00e9es et des \u00e9v\u00e9nements, l\u2019ASTI n\u2019a cess\u00e9 de m\u00fbrir, de s\u2019enrichir, de s\u2019ouvrir et d\u2019\u00e9voluer.<\/span><\/h4>\n<h4><span style=\"font-family: arial, helvetica, sans-serif; font-size: 12pt;\">Aujourd\u2019hui, ce sont plus de 70 b\u00e9n\u00e9voles, 210 adh\u00e9rents et une personne salari\u00e9e qui font vivre l\u2019association et ses diff\u00e9rents ateliers.<\/span><\/h4>\n<h4><span style=\"font-family: arial, helvetica, sans-serif; font-size: 12pt;\">Bureau :<\/span><\/h4>\n<ul>\n<li><span style=\"font-family: arial, helvetica, sans-serif; font-size: 12pt;\">St\u00e9phane BOYER, pr\u00e9sident<\/span><\/li>\n<li><span style=\"font-family: arial, helvetica, sans-serif; font-size: 12pt;\">Gilles BAILLY, vice-pr\u00e9sident<\/span><\/li>\n<li><span style=\"font-family: arial, helvetica, sans-serif; font-size: 12pt;\">G\u00e9rard MENAND, tr\u00e9sorier<\/span><\/li>\n<li><span style=\"font-family: arial, helvetica, sans-serif; font-size: 12pt;\">Emmanuel JOLIVET, secr\u00e9taire<\/span><\/li>\n<\/ul>\n<h4><span style=\"font-family: arial, helvetica, sans-serif; font-size: 12pt;\">Membres du Conseil d&rsquo;Administration :<\/span><\/h4>\n<ul>\n<li><span style=\"font-family: arial, helvetica, sans-serif; font-size: 12pt;\">Isabelle CUSEY SAGNOL<\/span><\/li>\n<li><span style=\"font-family: arial, helvetica, sans-serif; font-size: 12pt;\">Luan DERRI<\/span><\/li>\n<li><span style=\"font-family: arial, helvetica, sans-serif; font-size: 12pt;\">Fran\u00e7oise GUILLOTEAU<\/span><\/li>\n<li><span style=\"font-family: arial, helvetica, sans-serif; font-size: 12pt;\">Nicolette LAVOYER<\/span><\/li>\n<li><span style=\"font-family: arial, helvetica, sans-serif; font-size: 12pt;\">Marie TERMEULEN<\/span><\/li>\n<li><span style=\"font-family: arial, helvetica, sans-serif; font-size: 12pt;\">Annie VIELLES<\/span><\/li>\n<\/ul>\n<h4><span style=\"font-family: arial, helvetica, sans-serif; font-size: 12pt;\">Salari\u00e9 :<\/span><\/h4>\n<p><span style=\"font-family: arial, helvetica, sans-serif; font-size: 12pt;\">Aur\u00e9lie FOURNIER est la coordinatrice de l&rsquo;ASTI. Elle prend en charge l\u2019accueil, le secr\u00e9tariat, coordonne les diff\u00e9rentes activit\u00e9s de l&rsquo;ASTI et accompagne les personnes h\u00e9berg\u00e9es par l&rsquo;ASTI qui ont des titres de s\u00e9jour pour l&rsquo;ouverture des droits et l&rsquo;insertion professionnelle afin de leur permettre d&rsquo;acc\u00e9der \u00e0 un logement autonome.<\/span><\/p>\n<h4><span style=\"font-family: arial, helvetica, sans-serif; font-size: 12pt;\"><strong>Gr\u00e2ce \u00e0 des b\u00e9n\u00e9voles, deux antennes de l&rsquo;ASTI Chalon se sont cr\u00e9\u00e9es :<\/strong><\/span><\/h4>\n<ul>\n<li><span style=\"font-family: arial, helvetica, sans-serif; font-size: 12pt;\">une <strong>antenne \u00e0 M\u00e2con<\/strong> avec un local au 65 rue Chatillon 71000 M\u00e2con. Permanences juridiques sur rendez-vous au 07 49 22 45 60<\/span><\/li>\n<li><span style=\"font-family: arial, helvetica, sans-serif; font-size: 12pt;\">une <strong>antenne en Bresse<\/strong> qui accompagne des personnes migrantes sur le territoire de la Bresse louhannaise <a href=\"mailto:asti.antenne.bresse@gmail.com\">asti.antenne.bresse@gmail.com<\/a><\/span><\/li>\n<\/ul>\n","protected":false},"excerpt":{"rendered":"<p>L\u2019ASTI de Chalon a \u00e9t\u00e9 cr\u00e9\u00e9e en 1968. Au fil des ann\u00e9es et des \u00e9v\u00e9nements, l\u2019ASTI n\u2019a cess\u00e9 de m\u00fbrir, de s\u2019enrichir, de s\u2019ouvrir et d\u2019\u00e9voluer. Aujourd\u2019hui, ce sont plus de 70 b\u00e9n\u00e9voles, 210 adh\u00e9rents et une personne salari\u00e9e qui font vivre l\u2019association et ses diff\u00e9rents ateliers. Bureau : St\u00e9phane BOYER, pr\u00e9sident Gilles BAILLY, vice-pr\u00e9sident [&hellip;]<\/p>\n","protected":false},"author":1,"featured_media":0,"parent":14,"menu_order":0,"comment_status":"closed","ping_status":"closed","template":"","meta":{"footnotes":""},"class_list":["post-37","page","type-page","status-publish","hentry"],"yoast_head":"<!-- This site is optimized with the Yoast SEO plugin v27.3 - https:\/\/yoast.com\/product\/yoast-seo-wordpress\/ -->\n<title>Notre \u00e9quipe - ASTI 71<\/title>\n<meta name=\"description\" content=\"Aujourd\u2019hui, ce sont plus de 70 b\u00e9n\u00e9voles, 210 adh\u00e9rents et une personne salari\u00e9e qui font vivre l\u2019association et ses diff\u00e9rents ateliers.\" \/>\n<meta name=\"robots\" content=\"index, follow, max-snippet:-1, max-image-preview:large, max-video-preview:-1\" \/>\n<link rel=\"canonical\" href=\"https:\/\/asti71.org\/index.php\/lasti\/notre-equipe\/\" \/>\n<meta property=\"og:locale\" content=\"fr_FR\" \/>\n<meta property=\"og:type\" content=\"article\" \/>\n<meta property=\"og:title\" content=\"Notre \u00e9quipe - ASTI 71\" \/>\n<meta property=\"og:description\" content=\"Aujourd\u2019hui, ce sont plus de 70 b\u00e9n\u00e9voles, 210 adh\u00e9rents et une personne salari\u00e9e qui font vivre l\u2019association et ses diff\u00e9rents ateliers.\" \/>\n<meta property=\"og:url\" content=\"https:\/\/asti71.org\/index.php\/lasti\/notre-equipe\/\" \/>\n<meta property=\"og:site_name\" content=\"ASTI 71\" \/>\n<meta property=\"article:publisher\" content=\"https:\/\/www.facebook.com\/asti.chalon\/\" \/>\n<meta property=\"article:modified_time\" content=\"2025-10-31T11:14:48+00:00\" \/>\n<meta name=\"twitter:card\" content=\"summary_large_image\" \/>\n<meta name=\"twitter:label1\" content=\"Dur\u00e9e de lecture estim\u00e9e\" \/>\n\t<meta name=\"twitter:data1\" content=\"1 minute\" \/>\n<script type=\"application\/ld+json\" class=\"yoast-schema-graph\">{\"@context\":\"https:\\\/\\\/schema.org\",\"@graph\":[{\"@type\":\"WebPage\",\"@id\":\"https:\\\/\\\/asti71.org\\\/index.php\\\/lasti\\\/notre-equipe\\\/\",\"url\":\"https:\\\/\\\/asti71.org\\\/index.php\\\/lasti\\\/notre-equipe\\\/\",\"name\":\"Notre \u00e9quipe - ASTI 71\",\"isPartOf\":{\"@id\":\"https:\\\/\\\/asti71.org\\\/#website\"},\"datePublished\":\"2017-08-17T08:50:10+00:00\",\"dateModified\":\"2025-10-31T11:14:48+00:00\",\"description\":\"Aujourd\u2019hui, ce sont plus de 70 b\u00e9n\u00e9voles, 210 adh\u00e9rents et une personne salari\u00e9e qui font vivre l\u2019association et ses diff\u00e9rents ateliers.\",\"breadcrumb\":{\"@id\":\"https:\\\/\\\/asti71.org\\\/index.php\\\/lasti\\\/notre-equipe\\\/#breadcrumb\"},\"inLanguage\":\"fr-FR\",\"potentialAction\":[{\"@type\":\"ReadAction\",\"target\":[\"https:\\\/\\\/asti71.org\\\/index.php\\\/lasti\\\/notre-equipe\\\/\"]}]},{\"@type\":\"BreadcrumbList\",\"@id\":\"https:\\\/\\\/asti71.org\\\/index.php\\\/lasti\\\/notre-equipe\\\/#breadcrumb\",\"itemListElement\":[{\"@type\":\"ListItem\",\"position\":1,\"name\":\"Accueil\",\"item\":\"https:\\\/\\\/asti71.org\\\/\"},{\"@type\":\"ListItem\",\"position\":2,\"name\":\"L&rsquo;ASTI\",\"item\":\"https:\\\/\\\/asti71.org\\\/index.php\\\/lasti\\\/\"},{\"@type\":\"ListItem\",\"position\":3,\"name\":\"Notre \u00e9quipe\"}]},{\"@type\":\"WebSite\",\"@id\":\"https:\\\/\\\/asti71.org\\\/#website\",\"url\":\"https:\\\/\\\/asti71.org\\\/\",\"name\":\"ASTI 71\",\"description\":\"\",\"publisher\":{\"@id\":\"https:\\\/\\\/asti71.org\\\/#organization\"},\"potentialAction\":[{\"@type\":\"SearchAction\",\"target\":{\"@type\":\"EntryPoint\",\"urlTemplate\":\"https:\\\/\\\/asti71.org\\\/?s={search_term_string}\"},\"query-input\":{\"@type\":\"PropertyValueSpecification\",\"valueRequired\":true,\"valueName\":\"search_term_string\"}}],\"inLanguage\":\"fr-FR\"},{\"@type\":\"Organization\",\"@id\":\"https:\\\/\\\/asti71.org\\\/#organization\",\"name\":\"ASTI 71\",\"url\":\"https:\\\/\\\/asti71.org\\\/\",\"logo\":{\"@type\":\"ImageObject\",\"inLanguage\":\"fr-FR\",\"@id\":\"https:\\\/\\\/asti71.org\\\/#\\\/schema\\\/logo\\\/image\\\/\",\"url\":\"https:\\\/\\\/asti71.org\\\/wp-content\\\/uploads\\\/2017\\\/10\\\/cropped-logo-e1508600698583.png\",\"contentUrl\":\"https:\\\/\\\/asti71.org\\\/wp-content\\\/uploads\\\/2017\\\/10\\\/cropped-logo-e1508600698583.png\",\"width\":100,\"height\":67,\"caption\":\"ASTI 71\"},\"image\":{\"@id\":\"https:\\\/\\\/asti71.org\\\/#\\\/schema\\\/logo\\\/image\\\/\"},\"sameAs\":[\"https:\\\/\\\/www.facebook.com\\\/asti.chalon\\\/\"]}]}<\/script>\n<!-- \/ Yoast SEO plugin. -->","yoast_head_json":{"title":"Notre \u00e9quipe - ASTI 71","description":"Aujourd\u2019hui, ce sont plus de 70 b\u00e9n\u00e9voles, 210 adh\u00e9rents et une personne salari\u00e9e qui font vivre l\u2019association et ses diff\u00e9rents ateliers.","robots":{"index":"index","follow":"follow","max-snippet":"max-snippet:-1","max-image-preview":"max-image-preview:large","max-video-preview":"max-video-preview:-1"},"canonical":"https:\/\/asti71.org\/index.php\/lasti\/notre-equipe\/","og_locale":"fr_FR","og_type":"article","og_title":"Notre \u00e9quipe - ASTI 71","og_description":"Aujourd\u2019hui, ce sont plus de 70 b\u00e9n\u00e9voles, 210 adh\u00e9rents et une personne salari\u00e9e qui font vivre l\u2019association et ses diff\u00e9rents ateliers.","og_url":"https:\/\/asti71.org\/index.php\/lasti\/notre-equipe\/","og_site_name":"ASTI 71","article_publisher":"https:\/\/www.facebook.com\/asti.chalon\/","article_modified_time":"2025-10-31T11:14:48+00:00","twitter_card":"summary_large_image","twitter_misc":{"Dur\u00e9e de lecture estim\u00e9e":"1 minute"},"schema":{"@context":"https:\/\/schema.org","@graph":[{"@type":"WebPage","@id":"https:\/\/asti71.org\/index.php\/lasti\/notre-equipe\/","url":"https:\/\/asti71.org\/index.php\/lasti\/notre-equipe\/","name":"Notre \u00e9quipe - ASTI 71","isPartOf":{"@id":"https:\/\/asti71.org\/#website"},"datePublished":"2017-08-17T08:50:10+00:00","dateModified":"2025-10-31T11:14:48+00:00","description":"Aujourd\u2019hui, ce sont plus de 70 b\u00e9n\u00e9voles, 210 adh\u00e9rents et une personne salari\u00e9e qui font vivre l\u2019association et ses diff\u00e9rents ateliers.","breadcrumb":{"@id":"https:\/\/asti71.org\/index.php\/lasti\/notre-equipe\/#breadcrumb"},"inLanguage":"fr-FR","potentialAction":[{"@type":"ReadAction","target":["https:\/\/asti71.org\/index.php\/lasti\/notre-equipe\/"]}]},{"@type":"BreadcrumbList","@id":"https:\/\/asti71.org\/index.php\/lasti\/notre-equipe\/#breadcrumb","itemListElement":[{"@type":"ListItem","position":1,"name":"Accueil","item":"https:\/\/asti71.org\/"},{"@type":"ListItem","position":2,"name":"L&rsquo;ASTI","item":"https:\/\/asti71.org\/index.php\/lasti\/"},{"@type":"ListItem","position":3,"name":"Notre \u00e9quipe"}]},{"@type":"WebSite","@id":"https:\/\/asti71.org\/#website","url":"https:\/\/asti71.org\/","name":"ASTI 71","description":"","publisher":{"@id":"https:\/\/asti71.org\/#organization"},"potentialAction":[{"@type":"SearchAction","target":{"@type":"EntryPoint","urlTemplate":"https:\/\/asti71.org\/?s={search_term_string}"},"query-input":{"@type":"PropertyValueSpecification","valueRequired":true,"valueName":"search_term_string"}}],"inLanguage":"fr-FR"},{"@type":"Organization","@id":"https:\/\/asti71.org\/#organization","name":"ASTI 71","url":"https:\/\/asti71.org\/","logo":{"@type":"ImageObject","inLanguage":"fr-FR","@id":"https:\/\/asti71.org\/#\/schema\/logo\/image\/","url":"https:\/\/asti71.org\/wp-content\/uploads\/2017\/10\/cropped-logo-e1508600698583.png","contentUrl":"https:\/\/asti71.org\/wp-content\/uploads\/2017\/10\/cropped-logo-e1508600698583.png","width":100,"height":67,"caption":"ASTI 71"},"image":{"@id":"https:\/\/asti71.org\/#\/schema\/logo\/image\/"},"sameAs":["https:\/\/www.facebook.com\/asti.chalon\/"]}]}},"_links":{"self":[{"href":"https:\/\/asti71.org\/index.php\/wp-json\/wp\/v2\/pages\/37","targetHints":{"allow":["GET"]}}],"collection":[{"href":"https:\/\/asti71.org\/index.php\/wp-json\/wp\/v2\/pages"}],"about":[{"href":"https:\/\/asti71.org\/index.php\/wp-json\/wp\/v2\/types\/page"}],"author":[{"embeddable":true,"href":"https:\/\/asti71.org\/index.php\/wp-json\/wp\/v2\/users\/1"}],"replies":[{"embeddable":true,"href":"https:\/\/asti71.org\/index.php\/wp-json\/wp\/v2\/comments?post=37"}],"version-history":[{"count":17,"href":"https:\/\/asti71.org\/index.php\/wp-json\/wp\/v2\/pages\/37\/revisions"}],"predecessor-version":[{"id":2033,"href":"https:\/\/asti71.org\/index.php\/wp-json\/wp\/v2\/pages\/37\/revisions\/2033"}],"up":[{"embeddable":true,"href":"https:\/\/asti71.org\/index.php\/wp-json\/wp\/v2\/pages\/14"}],"wp:attachment":[{"href":"https:\/\/asti71.org\/index.php\/wp-json\/wp\/v2\/media?parent=37"}],"curies":[{"name":"wp","href":"https:\/\/api.w.org\/{rel}","templated":true}]}}