{"id":479,"date":"2017-11-11T08:11:52","date_gmt":"2017-11-11T07:11:52","guid":{"rendered":"http:\/\/asti71.org\/?page_id=479"},"modified":"2026-04-09T16:46:44","modified_gmt":"2026-04-09T14:46:44","slug":"notre-asti","status":"publish","type":"page","link":"https:\/\/asti71.org\/index.php\/lasti\/notre-asti\/","title":{"rendered":"Notre ASTI"},"content":{"rendered":"<h2><span style=\"font-family: arial,helvetica,sans-serif;\">Notre histoire<\/span><\/h2>\n<p><span style=\"font-family: arial,helvetica,sans-serif;\">L&rsquo;Asti de Chalon-sur-Sa\u00f4ne est n\u00e9e en 1968.<\/span><\/p>\n<p><span style=\"font-family: arial,helvetica,sans-serif;\">\u00c0 l&rsquo;instar des premi\u00e8res Asti, port\u00e9e par la gauche chr\u00e9tienne et le PSU, son \u00e9lan de solidarit\u00e9 initial s&rsquo;est port\u00e9 vers les hommes maghr\u00e9bins venus reconstruire la France. Ces derniers \u00e9tant mal accueillis (conditions de logement indigentes, pas d&rsquo;accompagnement au niveau de la sant\u00e9&#8230;), il s&rsquo;agissait d&rsquo;abord de leur apporter une aide pour le quotidien et peu \u00e0 peu juridique.<\/span><\/p>\n<h2><span style=\"font-family: arial,helvetica,sans-serif;\">L&rsquo;Asti71 aujourd&rsquo;hui<\/span><\/h2>\n<p><span style=\"font-family: arial,helvetica,sans-serif;\">L&rsquo;Asti comprend 5 ateliers : l&rsquo;<a href=\"https:\/\/asti71.org\/index.php\/nos-actions\/accompagnement-scolaire\/\">accompagnement \u00e0 la scolarit\u00e9<\/a>, deux ateliers d&rsquo;apprentissage du fran\u00e7ais <a href=\"https:\/\/asti71.org\/index.php\/nos-actions\/bienvenue-en-francais\/\">Bienvenue en fran\u00e7ais<\/a> et <a href=\"https:\/\/asti71.org\/index.php\/nos-actions\/latelier-femmes-du-monde\/\">Femmes du monde<\/a>, une <a href=\"https:\/\/asti71.org\/index.php\/nos-actions\/la-permanence-juridique\/\">permanence administrative et juridique<\/a>, un <a href=\"https:\/\/asti71.org\/index.php\/nos-actions\/latelier-bricolage\/\">jardin potager<\/a> et un <a href=\"https:\/\/asti71.org\/index.php\/nos-actions\/hebergement\/\">p\u00f4le h\u00e9bergement<\/a>.<\/span><\/p>\n<p><a href=\"https:\/\/asti71.org\/wp-content\/uploads\/2025\/05\/Activites-ASTI-3.png\" data-rel=\"lightbox-image-0\" data-rl_title=\"\" data-rl_caption=\"\" title=\"\"><img loading=\"lazy\" decoding=\"async\" class=\"alignnone wp-image-2093 size-full\" src=\"https:\/\/asti71.org\/wp-content\/uploads\/2025\/05\/Activites-ASTI-3.png\" alt=\"\" width=\"827\" height=\"470\" srcset=\"https:\/\/asti71.org\/wp-content\/uploads\/2025\/05\/Activites-ASTI-3.png 827w, https:\/\/asti71.org\/wp-content\/uploads\/2025\/05\/Activites-ASTI-3-300x170.png 300w, https:\/\/asti71.org\/wp-content\/uploads\/2025\/05\/Activites-ASTI-3-768x436.png 768w, https:\/\/asti71.org\/wp-content\/uploads\/2025\/05\/Activites-ASTI-3-110x63.png 110w, https:\/\/asti71.org\/wp-content\/uploads\/2025\/05\/Activites-ASTI-3-420x239.png 420w, https:\/\/asti71.org\/wp-content\/uploads\/2025\/05\/Activites-ASTI-3-757x430.png 757w\" sizes=\"auto, (max-width: 827px) 100vw, 827px\" \/><\/a><\/p>\n<p><span style=\"font-family: arial,helvetica,sans-serif;\">Aujourd&rsquo;hui les b\u00e9n\u00e9ficiaires de l&rsquo;Asti sont \u00e0 la fois les enfants et petits-enfants de cette premi\u00e8re vague d&rsquo;immigration maghr\u00e9bine et turque mais \u00e9galement les migrants du XXIe si\u00e8cle qui viennent principalement d&rsquo;Europe centrale, d&rsquo;Afrique noire, du Caucase et du Moyen-Orient. Ces derniers fuient, selon les r\u00e9gions, les guerres, la mis\u00e8re ( souvent li\u00e9e aux instabilit\u00e9s politiques), des r\u00e9gimes d&rsquo;oppression, des mafias, des drames \u00e9cologiques&#8230;<\/span><\/p>\n<h2><span style=\"font-family: arial,helvetica,sans-serif;\">Un accompagnement \u00e0 plusieurs dimensions<\/span><\/h2>\n<p><span style=\"font-family: arial,helvetica,sans-serif;\">D&rsquo;abord une dimension humanitaire car il s&rsquo;agit tout simplement d&rsquo;apporter de l&rsquo;aide, sous diverses formes, \u00e0 ces personnes fragilis\u00e9es par leur pr\u00e9carit\u00e9 actuelle et par les difficult\u00e9s subies dans leur pays d&rsquo;origine.<\/span><\/p>\n<p><span style=\"font-family: arial,helvetica,sans-serif;\">Il y a aussi une dimension politique au sens profond du terme,\u00a0 puisque l&rsquo;Asti cherche \u00e0 agir\u00a0 pour faire changer les lois, les pratiques administratives et le regard port\u00e9 sur les personnes migrantes.<\/span><\/p>\n<div id=\"m_-8026505049885806470gmail-m_-3067191465128373yMail_cursorElementTracker_1509707921080\" dir=\"ltr\">\n<p><span style=\"font-family: arial,helvetica,sans-serif;\">Enfin, une dimension li\u00e9e \u00e0 l&rsquo;interculturalit\u00e9 que nous essayons de faire vivre en impliquant les migrants dans l&rsquo;association. Ainsi deux d&rsquo;entre eux si\u00e8gent au conseil d&rsquo;administration, certains sont responsables\u00a0 d&rsquo;ateliers,\u00a0d&rsquo;autres proposent m\u00eame des activit\u00e9s.<\/span><\/p>\n<\/div>\n","protected":false},"excerpt":{"rendered":"<p>Notre histoire L&rsquo;Asti de Chalon-sur-Sa\u00f4ne est n\u00e9e en 1968. \u00c0 l&rsquo;instar des premi\u00e8res Asti, port\u00e9e par la gauche chr\u00e9tienne et le PSU, son \u00e9lan de solidarit\u00e9 initial s&rsquo;est port\u00e9 vers les hommes maghr\u00e9bins venus reconstruire la France. Ces derniers \u00e9tant mal accueillis (conditions de logement indigentes, pas d&rsquo;accompagnement au niveau de la sant\u00e9&#8230;), il s&rsquo;agissait [&hellip;]<\/p>\n","protected":false},"author":1,"featured_media":0,"parent":14,"menu_order":0,"comment_status":"closed","ping_status":"closed","template":"","meta":{"footnotes":""},"class_list":["post-479","page","type-page","status-publish","hentry"],"yoast_head":"<!-- This site is optimized with the Yoast SEO plugin v27.3 - https:\/\/yoast.com\/product\/yoast-seo-wordpress\/ -->\n<title>Notre ASTI - ASTI 71<\/title>\n<meta name=\"description\" content=\"Notre histoire, l&#039;Asti aujourd&#039;hui, un accompagnement \u00e0 plusieurs dimensions\" \/>\n<meta name=\"robots\" content=\"index, follow, max-snippet:-1, max-image-preview:large, max-video-preview:-1\" \/>\n<link rel=\"canonical\" href=\"https:\/\/asti71.org\/index.php\/lasti\/notre-asti\/\" \/>\n<meta property=\"og:locale\" content=\"fr_FR\" \/>\n<meta property=\"og:type\" content=\"article\" \/>\n<meta property=\"og:title\" content=\"Notre ASTI - ASTI 71\" \/>\n<meta property=\"og:description\" content=\"Notre histoire, l&#039;Asti aujourd&#039;hui, un accompagnement \u00e0 plusieurs dimensions\" \/>\n<meta property=\"og:url\" content=\"https:\/\/asti71.org\/index.php\/lasti\/notre-asti\/\" \/>\n<meta property=\"og:site_name\" content=\"ASTI 71\" \/>\n<meta property=\"article:publisher\" content=\"https:\/\/www.facebook.com\/asti.chalon\/\" \/>\n<meta property=\"article:modified_time\" content=\"2026-04-09T14:46:44+00:00\" \/>\n<meta property=\"og:image\" content=\"https:\/\/asti71.org\/wp-content\/uploads\/2025\/05\/Activites-ASTI-3.png\" \/>\n\t<meta property=\"og:image:width\" content=\"827\" \/>\n\t<meta property=\"og:image:height\" content=\"470\" \/>\n\t<meta property=\"og:image:type\" content=\"image\/png\" \/>\n<meta name=\"twitter:card\" content=\"summary_large_image\" \/>\n<meta name=\"twitter:label1\" content=\"Dur\u00e9e de lecture estim\u00e9e\" \/>\n\t<meta name=\"twitter:data1\" content=\"2 minutes\" \/>\n<script type=\"application\/ld+json\" class=\"yoast-schema-graph\">{\"@context\":\"https:\\\/\\\/schema.org\",\"@graph\":[{\"@type\":\"WebPage\",\"@id\":\"https:\\\/\\\/asti71.org\\\/index.php\\\/lasti\\\/notre-asti\\\/\",\"url\":\"https:\\\/\\\/asti71.org\\\/index.php\\\/lasti\\\/notre-asti\\\/\",\"name\":\"Notre ASTI - ASTI 71\",\"isPartOf\":{\"@id\":\"https:\\\/\\\/asti71.org\\\/#website\"},\"primaryImageOfPage\":{\"@id\":\"https:\\\/\\\/asti71.org\\\/index.php\\\/lasti\\\/notre-asti\\\/#primaryimage\"},\"image\":{\"@id\":\"https:\\\/\\\/asti71.org\\\/index.php\\\/lasti\\\/notre-asti\\\/#primaryimage\"},\"thumbnailUrl\":\"https:\\\/\\\/asti71.org\\\/wp-content\\\/uploads\\\/2025\\\/05\\\/Activites-ASTI-3.png\",\"datePublished\":\"2017-11-11T07:11:52+00:00\",\"dateModified\":\"2026-04-09T14:46:44+00:00\",\"description\":\"Notre histoire, l'Asti aujourd'hui, un accompagnement \u00e0 plusieurs dimensions\",\"breadcrumb\":{\"@id\":\"https:\\\/\\\/asti71.org\\\/index.php\\\/lasti\\\/notre-asti\\\/#breadcrumb\"},\"inLanguage\":\"fr-FR\",\"potentialAction\":[{\"@type\":\"ReadAction\",\"target\":[\"https:\\\/\\\/asti71.org\\\/index.php\\\/lasti\\\/notre-asti\\\/\"]}]},{\"@type\":\"ImageObject\",\"inLanguage\":\"fr-FR\",\"@id\":\"https:\\\/\\\/asti71.org\\\/index.php\\\/lasti\\\/notre-asti\\\/#primaryimage\",\"url\":\"https:\\\/\\\/asti71.org\\\/wp-content\\\/uploads\\\/2025\\\/05\\\/Activites-ASTI-3.png\",\"contentUrl\":\"https:\\\/\\\/asti71.org\\\/wp-content\\\/uploads\\\/2025\\\/05\\\/Activites-ASTI-3.png\",\"width\":827,\"height\":470},{\"@type\":\"BreadcrumbList\",\"@id\":\"https:\\\/\\\/asti71.org\\\/index.php\\\/lasti\\\/notre-asti\\\/#breadcrumb\",\"itemListElement\":[{\"@type\":\"ListItem\",\"position\":1,\"name\":\"Accueil\",\"item\":\"https:\\\/\\\/asti71.org\\\/\"},{\"@type\":\"ListItem\",\"position\":2,\"name\":\"L&rsquo;ASTI\",\"item\":\"https:\\\/\\\/asti71.org\\\/index.php\\\/lasti\\\/\"},{\"@type\":\"ListItem\",\"position\":3,\"name\":\"Notre ASTI\"}]},{\"@type\":\"WebSite\",\"@id\":\"https:\\\/\\\/asti71.org\\\/#website\",\"url\":\"https:\\\/\\\/asti71.org\\\/\",\"name\":\"ASTI 71\",\"description\":\"\",\"publisher\":{\"@id\":\"https:\\\/\\\/asti71.org\\\/#organization\"},\"potentialAction\":[{\"@type\":\"SearchAction\",\"target\":{\"@type\":\"EntryPoint\",\"urlTemplate\":\"https:\\\/\\\/asti71.org\\\/?s={search_term_string}\"},\"query-input\":{\"@type\":\"PropertyValueSpecification\",\"valueRequired\":true,\"valueName\":\"search_term_string\"}}],\"inLanguage\":\"fr-FR\"},{\"@type\":\"Organization\",\"@id\":\"https:\\\/\\\/asti71.org\\\/#organization\",\"name\":\"ASTI 71\",\"url\":\"https:\\\/\\\/asti71.org\\\/\",\"logo\":{\"@type\":\"ImageObject\",\"inLanguage\":\"fr-FR\",\"@id\":\"https:\\\/\\\/asti71.org\\\/#\\\/schema\\\/logo\\\/image\\\/\",\"url\":\"https:\\\/\\\/asti71.org\\\/wp-content\\\/uploads\\\/2017\\\/10\\\/cropped-logo-e1508600698583.png\",\"contentUrl\":\"https:\\\/\\\/asti71.org\\\/wp-content\\\/uploads\\\/2017\\\/10\\\/cropped-logo-e1508600698583.png\",\"width\":100,\"height\":67,\"caption\":\"ASTI 71\"},\"image\":{\"@id\":\"https:\\\/\\\/asti71.org\\\/#\\\/schema\\\/logo\\\/image\\\/\"},\"sameAs\":[\"https:\\\/\\\/www.facebook.com\\\/asti.chalon\\\/\"]}]}<\/script>\n<!-- \/ Yoast SEO plugin. -->","yoast_head_json":{"title":"Notre ASTI - ASTI 71","description":"Notre histoire, l'Asti aujourd'hui, un accompagnement \u00e0 plusieurs dimensions","robots":{"index":"index","follow":"follow","max-snippet":"max-snippet:-1","max-image-preview":"max-image-preview:large","max-video-preview":"max-video-preview:-1"},"canonical":"https:\/\/asti71.org\/index.php\/lasti\/notre-asti\/","og_locale":"fr_FR","og_type":"article","og_title":"Notre ASTI - ASTI 71","og_description":"Notre histoire, l'Asti aujourd'hui, un accompagnement \u00e0 plusieurs dimensions","og_url":"https:\/\/asti71.org\/index.php\/lasti\/notre-asti\/","og_site_name":"ASTI 71","article_publisher":"https:\/\/www.facebook.com\/asti.chalon\/","article_modified_time":"2026-04-09T14:46:44+00:00","og_image":[{"width":827,"height":470,"url":"https:\/\/asti71.org\/wp-content\/uploads\/2025\/05\/Activites-ASTI-3.png","type":"image\/png"}],"twitter_card":"summary_large_image","twitter_misc":{"Dur\u00e9e de lecture estim\u00e9e":"2 minutes"},"schema":{"@context":"https:\/\/schema.org","@graph":[{"@type":"WebPage","@id":"https:\/\/asti71.org\/index.php\/lasti\/notre-asti\/","url":"https:\/\/asti71.org\/index.php\/lasti\/notre-asti\/","name":"Notre ASTI - ASTI 71","isPartOf":{"@id":"https:\/\/asti71.org\/#website"},"primaryImageOfPage":{"@id":"https:\/\/asti71.org\/index.php\/lasti\/notre-asti\/#primaryimage"},"image":{"@id":"https:\/\/asti71.org\/index.php\/lasti\/notre-asti\/#primaryimage"},"thumbnailUrl":"https:\/\/asti71.org\/wp-content\/uploads\/2025\/05\/Activites-ASTI-3.png","datePublished":"2017-11-11T07:11:52+00:00","dateModified":"2026-04-09T14:46:44+00:00","description":"Notre histoire, l'Asti aujourd'hui, un accompagnement \u00e0 plusieurs dimensions","breadcrumb":{"@id":"https:\/\/asti71.org\/index.php\/lasti\/notre-asti\/#breadcrumb"},"inLanguage":"fr-FR","potentialAction":[{"@type":"ReadAction","target":["https:\/\/asti71.org\/index.php\/lasti\/notre-asti\/"]}]},{"@type":"ImageObject","inLanguage":"fr-FR","@id":"https:\/\/asti71.org\/index.php\/lasti\/notre-asti\/#primaryimage","url":"https:\/\/asti71.org\/wp-content\/uploads\/2025\/05\/Activites-ASTI-3.png","contentUrl":"https:\/\/asti71.org\/wp-content\/uploads\/2025\/05\/Activites-ASTI-3.png","width":827,"height":470},{"@type":"BreadcrumbList","@id":"https:\/\/asti71.org\/index.php\/lasti\/notre-asti\/#breadcrumb","itemListElement":[{"@type":"ListItem","position":1,"name":"Accueil","item":"https:\/\/asti71.org\/"},{"@type":"ListItem","position":2,"name":"L&rsquo;ASTI","item":"https:\/\/asti71.org\/index.php\/lasti\/"},{"@type":"ListItem","position":3,"name":"Notre ASTI"}]},{"@type":"WebSite","@id":"https:\/\/asti71.org\/#website","url":"https:\/\/asti71.org\/","name":"ASTI 71","description":"","publisher":{"@id":"https:\/\/asti71.org\/#organization"},"potentialAction":[{"@type":"SearchAction","target":{"@type":"EntryPoint","urlTemplate":"https:\/\/asti71.org\/?s={search_term_string}"},"query-input":{"@type":"PropertyValueSpecification","valueRequired":true,"valueName":"search_term_string"}}],"inLanguage":"fr-FR"},{"@type":"Organization","@id":"https:\/\/asti71.org\/#organization","name":"ASTI 71","url":"https:\/\/asti71.org\/","logo":{"@type":"ImageObject","inLanguage":"fr-FR","@id":"https:\/\/asti71.org\/#\/schema\/logo\/image\/","url":"https:\/\/asti71.org\/wp-content\/uploads\/2017\/10\/cropped-logo-e1508600698583.png","contentUrl":"https:\/\/asti71.org\/wp-content\/uploads\/2017\/10\/cropped-logo-e1508600698583.png","width":100,"height":67,"caption":"ASTI 71"},"image":{"@id":"https:\/\/asti71.org\/#\/schema\/logo\/image\/"},"sameAs":["https:\/\/www.facebook.com\/asti.chalon\/"]}]}},"_links":{"self":[{"href":"https:\/\/asti71.org\/index.php\/wp-json\/wp\/v2\/pages\/479","targetHints":{"allow":["GET"]}}],"collection":[{"href":"https:\/\/asti71.org\/index.php\/wp-json\/wp\/v2\/pages"}],"about":[{"href":"https:\/\/asti71.org\/index.php\/wp-json\/wp\/v2\/types\/page"}],"author":[{"embeddable":true,"href":"https:\/\/asti71.org\/index.php\/wp-json\/wp\/v2\/users\/1"}],"replies":[{"embeddable":true,"href":"https:\/\/asti71.org\/index.php\/wp-json\/wp\/v2\/comments?post=479"}],"version-history":[{"count":19,"href":"https:\/\/asti71.org\/index.php\/wp-json\/wp\/v2\/pages\/479\/revisions"}],"predecessor-version":[{"id":2549,"href":"https:\/\/asti71.org\/index.php\/wp-json\/wp\/v2\/pages\/479\/revisions\/2549"}],"up":[{"embeddable":true,"href":"https:\/\/asti71.org\/index.php\/wp-json\/wp\/v2\/pages\/14"}],"wp:attachment":[{"href":"https:\/\/asti71.org\/index.php\/wp-json\/wp\/v2\/media?parent=479"}],"curies":[{"name":"wp","href":"https:\/\/api.w.org\/{rel}","templated":true}]}}