{"id":493,"date":"2017-11-11T08:38:48","date_gmt":"2017-11-11T07:38:48","guid":{"rendered":"http:\/\/asti71.org\/?page_id=493"},"modified":"2026-02-04T16:48:50","modified_gmt":"2026-02-04T15:48:50","slug":"les-migrants-en-france","status":"publish","type":"page","link":"https:\/\/asti71.org\/index.php\/les-migrants-en-france\/","title":{"rendered":"Les migrants en France"},"content":{"rendered":"<h2 id=\"m_2036679360344433558m_6192188609715752413yMail_cursorElementTracker_1508836387674\"><span style=\"font-family: arial,helvetica,sans-serif;\">Une demande d&rsquo;asile c&rsquo;est quoi ?<\/span><\/h2>\n<div id=\"m_2036679360344433558m_6192188609715752413yMail_cursorElementTracker_1508837983423\"><span style=\"font-family: arial,helvetica,sans-serif;\">Quand un migrant en arrive en France pour demander l&rsquo;asile, il va devoir expliquer les pers\u00e9cutions subies dans son pays et prouver qu&rsquo;un retour serait tr\u00e8s dangereux. <\/span><span style=\"font-family: arial,helvetica,sans-serif;\">La premi\u00e8re instance qui \u00e9tudie sa demande s&rsquo;appelle l&rsquo;Office fran\u00e7ais des R\u00e9fugi\u00e9s et Apatrides (OFPRA).<\/span><\/div>\n<div id=\"m_2036679360344433558m_6192188609715752413yMail_cursorElementTracker_1510376790484\"><span style=\"font-family: arial,helvetica,sans-serif;\">Si la r\u00e9ponse est n\u00e9gative, le demandeur peut s&rsquo;adresser \u00e0 la Cour Nationale du Droit d&rsquo;Asile.\u00a0<\/span><\/div>\n<div id=\"m_2036679360344433558m_6192188609715752413yMail_cursorElementTracker_1510376880535\"><span style=\"font-family: arial,helvetica,sans-serif;\">Il y a deux types de r\u00e9ponse positive : <\/span><span style=\"font-family: arial,helvetica,sans-serif;\">l&rsquo;obtention du statut de r\u00e9fugi\u00e9 (10 ann\u00e9es de droit au s\u00e9jour en France) ou la protection subsidiaire (1 an de droit au s\u00e9jour).<\/span><\/div>\n<div><\/div>\n<div>\n<h2 id=\"m_2036679360344433558m_6192188609715752413yMail_cursorElementTracker_1508836710701\"><span style=\"font-family: arial,helvetica,sans-serif;\">\u00ab\u00a0Dublin\u00a0\u00bb k\u00e9zako?\u00a0<\/span><\/h2>\n<div id=\"m_2036679360344433558m_6192188609715752413yMail_cursorElementTracker_1509709951471\"><span style=\"font-family: arial,helvetica,sans-serif;\">Vous avez peut-\u00eatre entendu parler de personnes \u00ab\u00a0Dublin\u00a0\u00bb ?<br \/>\n<\/span><\/div>\n<div id=\"m_2036679360344433558m_6192188609715752413yMail_cursorElementTracker_1510376323052\"><span style=\"font-family: arial,helvetica,sans-serif;\">Qu&rsquo;est-ce que \u00e7a signifie ?<\/span><\/div>\n<div id=\"m_2036679360344433558m_6192188609715752413yMail_cursorElementTracker_1509709971285\"><span style=\"font-family: arial,helvetica,sans-serif;\">Imaginez, <\/span><span style=\"font-family: arial,helvetica,sans-serif;\">un migrant arrive d&rsquo;Afrique en Europe, <\/span><span style=\"font-family: arial,helvetica,sans-serif;\">il passe par l&rsquo;Italie, il y donne ses empreintes lors d&rsquo;un contr\u00f4le de police.<\/span><\/div>\n<div id=\"m_2036679360344433558m_6192188609715752413yMail_cursorElementTracker_1510375890903\"><span style=\"font-family: arial,helvetica,sans-serif;\">Lorsqu&rsquo;il arrive en France pour demander l&rsquo;asile, il redonne ses empreintes et l\u00e0 le syst\u00e8me informatique rep\u00e8re son passage par Italie.\u00a0<\/span><\/div>\n<div id=\"m_2036679360344433558m_6192188609715752413yMail_cursorElementTracker_1510376339526\"><span style=\"font-family: arial,helvetica,sans-serif;\">La France prononce alors son expulsion vers l&rsquo;Italie, on dit qu&rsquo;il est \u00ab\u00a0Dublin\u00a0\u00bb.<\/span><\/div>\n<div id=\"m_2036679360344433558m_6192188609715752413yMail_cursorElementTracker_1510376092671\"><span style=\"font-family: arial,helvetica,sans-serif;\">Du nom de cette loi europ\u00e9enne vot\u00e9e \u00e0 Dublin qui consid\u00e8re que le migrant ne doit pas choisir son pays d&rsquo;accueil, mais qu&rsquo;il doit demander l&rsquo;asile dans le premier pays o\u00f9 il passe.<\/span><\/div>\n<div id=\"m_2036679360344433558m_6192188609715752413yMail_cursorElementTracker_1510376537828\"><\/div>\n<h2 id=\"m_2036679360344433558m_6192188609715752413yMail_cursorElementTracker_1508836810698\"><span style=\"font-family: arial,helvetica,sans-serif;\">OQTF, qu&rsquo;est-ce que c&rsquo;est ?\u00a0<\/span><\/h2>\n<div id=\"m_2036679360344433558m_6192188609715752413yMail_cursorElementTracker_1510376266425\"><span style=\"font-family: arial,helvetica,sans-serif;\">Beaucoup de sigles barbares sur le parcours du migrant !\u00a0<\/span><span style=\"font-family: arial,helvetica,sans-serif;\">Celui-ci revient tr\u00e8s souvent, il signifie Obligation de Quitter le Territoire Fran\u00e7ais.<\/span><\/div>\n<div id=\"m_2036679360344433558m_6192188609715752413yMail_cursorElementTracker_1508836830676\"><span style=\"font-family: arial,helvetica,sans-serif;\">C&rsquo;est donc un document que le migrant re\u00e7oit et qui lui dit qu&rsquo;il doit partir.\u00a0<\/span><span style=\"font-family: arial,helvetica,sans-serif;\">Souvent, cette OQTF arrive juste apr\u00e8s la r\u00e9ponse n\u00e9gative de la demande d&rsquo;asile.<\/span><\/div>\n<\/div>\n<div><\/div>\n<div>\n<h2>D\u00e9sinfox-Migration : Informer sur les migrations, sans d\u00e9former\u00a0<a href=\"https:\/\/desinfoxmigrations.fr\/\">https:\/\/desinfoxmigrations.fr\/<\/a><\/h2>\n<p><a class=\"swipebox\" title=\"\" href=\"https:\/\/asti71.org\/wp-content\/uploads\/2025\/05\/Mythe-submersion-migratoire.png\" data-rel=\"lightbox-image-bGlnaHRib3gtaW1hZ2UtMA==\" data-rl_title=\"\" data-rl_caption=\"\" data-rl_title=\"\" data-rl_caption=\"\"><img loading=\"lazy\" decoding=\"async\" class=\"alignnone size-medium wp-image-2135\" src=\"https:\/\/asti71.org\/wp-content\/uploads\/2025\/05\/Mythe-submersion-migratoire-209x300.png\" sizes=\"auto, (max-width: 209px) 100vw, 209px\" srcset=\"https:\/\/asti71.org\/wp-content\/uploads\/2025\/05\/Mythe-submersion-migratoire-209x300.png 209w, https:\/\/asti71.org\/wp-content\/uploads\/2025\/05\/Mythe-submersion-migratoire-77x110.png 77w, https:\/\/asti71.org\/wp-content\/uploads\/2025\/05\/Mythe-submersion-migratoire-293x420.png 293w, https:\/\/asti71.org\/wp-content\/uploads\/2025\/05\/Mythe-submersion-migratoire-300x430.png 300w, https:\/\/asti71.org\/wp-content\/uploads\/2025\/05\/Mythe-submersion-migratoire.png 599w\" alt=\"\" width=\"209\" height=\"300\" \/>\u00a0\u00a0<\/a><a class=\"swipebox\" title=\"\" href=\"https:\/\/asti71.org\/wp-content\/uploads\/2025\/05\/MytheGrand-remplacement.png\" data-rel=\"lightbox-image-bGlnaHRib3gtaW1hZ2UtMQ==\" data-rl_title=\"\" data-rl_caption=\"\" data-rl_title=\"\" data-rl_caption=\"\"><img loading=\"lazy\" decoding=\"async\" class=\"alignnone size-medium wp-image-2128\" src=\"https:\/\/asti71.org\/wp-content\/uploads\/2025\/05\/MytheGrand-remplacement-181x300.png\" sizes=\"auto, (max-width: 181px) 100vw, 181px\" srcset=\"https:\/\/asti71.org\/wp-content\/uploads\/2025\/05\/MytheGrand-remplacement-181x300.png 181w, https:\/\/asti71.org\/wp-content\/uploads\/2025\/05\/MytheGrand-remplacement-67x110.png 67w, https:\/\/asti71.org\/wp-content\/uploads\/2025\/05\/MytheGrand-remplacement-254x420.png 254w, https:\/\/asti71.org\/wp-content\/uploads\/2025\/05\/MytheGrand-remplacement-260x430.png 260w, https:\/\/asti71.org\/wp-content\/uploads\/2025\/05\/MytheGrand-remplacement.png 577w\" alt=\"\" width=\"181\" height=\"300\" \/>\u00a0\u00a0<\/a>\u00a0<a class=\"swipebox\" title=\"\" href=\"https:\/\/asti71.org\/wp-content\/uploads\/2025\/05\/Opinion-francais-immigration.png\" data-rel=\"lightbox-image-bGlnaHRib3gtaW1hZ2UtMg==\" data-rl_title=\"\" data-rl_caption=\"\" data-rl_title=\"\" data-rl_caption=\"\"><img loading=\"lazy\" decoding=\"async\" class=\"alignnone size-medium wp-image-2129\" src=\"https:\/\/asti71.org\/wp-content\/uploads\/2025\/05\/Opinion-francais-immigration-184x300.png\" sizes=\"auto, (max-width: 184px) 100vw, 184px\" srcset=\"https:\/\/asti71.org\/wp-content\/uploads\/2025\/05\/Opinion-francais-immigration-184x300.png 184w, https:\/\/asti71.org\/wp-content\/uploads\/2025\/05\/Opinion-francais-immigration-67x110.png 67w, https:\/\/asti71.org\/wp-content\/uploads\/2025\/05\/Opinion-francais-immigration-257x420.png 257w, https:\/\/asti71.org\/wp-content\/uploads\/2025\/05\/Opinion-francais-immigration-263x430.png 263w, https:\/\/asti71.org\/wp-content\/uploads\/2025\/05\/Opinion-francais-immigration.png 579w\" alt=\"\" width=\"184\" height=\"300\" \/><\/a><a class=\"swipebox\" title=\"\" href=\"https:\/\/asti71.org\/wp-content\/uploads\/2025\/05\/Migration-insecurite.png\" data-rel=\"lightbox-image-bGlnaHRib3gtaW1hZ2UtMw==\" data-rl_title=\"\" data-rl_caption=\"\" data-rl_title=\"\" data-rl_caption=\"\">\u00a0\u00a0<img loading=\"lazy\" decoding=\"async\" class=\"alignnone size-medium wp-image-2133\" src=\"https:\/\/asti71.org\/wp-content\/uploads\/2025\/05\/Migration-insecurite-182x300.png\" sizes=\"auto, (max-width: 182px) 100vw, 182px\" srcset=\"https:\/\/asti71.org\/wp-content\/uploads\/2025\/05\/Migration-insecurite-182x300.png 182w, https:\/\/asti71.org\/wp-content\/uploads\/2025\/05\/Migration-insecurite-67x110.png 67w, https:\/\/asti71.org\/wp-content\/uploads\/2025\/05\/Migration-insecurite-255x420.png 255w, https:\/\/asti71.org\/wp-content\/uploads\/2025\/05\/Migration-insecurite-262x430.png 262w, https:\/\/asti71.org\/wp-content\/uploads\/2025\/05\/Migration-insecurite.png 579w\" alt=\"\" width=\"182\" height=\"300\" \/><\/a><\/p>\n<p><a class=\"swipebox\" title=\"\" href=\"https:\/\/asti71.org\/wp-content\/uploads\/2025\/05\/Poids-immigration.png\" data-rel=\"lightbox-image-bGlnaHRib3gtaW1hZ2UtNA==\" data-rl_title=\"\" data-rl_caption=\"\" data-rl_title=\"\" data-rl_caption=\"\"><img loading=\"lazy\" decoding=\"async\" class=\"alignnone size-medium wp-image-2130\" src=\"https:\/\/asti71.org\/wp-content\/uploads\/2025\/05\/Poids-immigration-182x300.png\" sizes=\"auto, (max-width: 182px) 100vw, 182px\" srcset=\"https:\/\/asti71.org\/wp-content\/uploads\/2025\/05\/Poids-immigration-182x300.png 182w, https:\/\/asti71.org\/wp-content\/uploads\/2025\/05\/Poids-immigration-67x110.png 67w, https:\/\/asti71.org\/wp-content\/uploads\/2025\/05\/Poids-immigration-255x420.png 255w, https:\/\/asti71.org\/wp-content\/uploads\/2025\/05\/Poids-immigration-261x430.png 261w, https:\/\/asti71.org\/wp-content\/uploads\/2025\/05\/Poids-immigration.png 578w\" alt=\"\" width=\"182\" height=\"300\" \/><\/a>\u00a0<a class=\"swipebox\" title=\"\" href=\"https:\/\/asti71.org\/wp-content\/uploads\/2025\/05\/Eloignement.png\" data-rel=\"lightbox-image-bGlnaHRib3gtaW1hZ2UtNQ==\" data-rl_title=\"\" data-rl_caption=\"\" data-rl_title=\"\" data-rl_caption=\"\">\u00a0\u00a0<img loading=\"lazy\" decoding=\"async\" class=\"alignnone size-medium wp-image-2131\" src=\"https:\/\/asti71.org\/wp-content\/uploads\/2025\/05\/Eloignement-182x300.png\" sizes=\"auto, (max-width: 182px) 100vw, 182px\" srcset=\"https:\/\/asti71.org\/wp-content\/uploads\/2025\/05\/Eloignement-182x300.png 182w, https:\/\/asti71.org\/wp-content\/uploads\/2025\/05\/Eloignement-67x110.png 67w, https:\/\/asti71.org\/wp-content\/uploads\/2025\/05\/Eloignement-255x420.png 255w, https:\/\/asti71.org\/wp-content\/uploads\/2025\/05\/Eloignement-261x430.png 261w, https:\/\/asti71.org\/wp-content\/uploads\/2025\/05\/Eloignement.png 573w\" alt=\"\" width=\"182\" height=\"300\" \/><\/a>\u00a0<a class=\"swipebox\" title=\"\" href=\"https:\/\/asti71.org\/wp-content\/uploads\/2025\/05\/Mots-migration.png\" data-rel=\"lightbox-image-bGlnaHRib3gtaW1hZ2UtNg==\" data-rl_title=\"\" data-rl_caption=\"\" data-rl_title=\"\" data-rl_caption=\"\">\u00a0\u00a0<img loading=\"lazy\" decoding=\"async\" class=\"alignnone size-medium wp-image-2134\" src=\"https:\/\/asti71.org\/wp-content\/uploads\/2025\/05\/Mots-migration-182x300.png\" sizes=\"auto, (max-width: 182px) 100vw, 182px\" srcset=\"https:\/\/asti71.org\/wp-content\/uploads\/2025\/05\/Mots-migration-182x300.png 182w, https:\/\/asti71.org\/wp-content\/uploads\/2025\/05\/Mots-migration-67x110.png 67w, https:\/\/asti71.org\/wp-content\/uploads\/2025\/05\/Mots-migration-255x420.png 255w, https:\/\/asti71.org\/wp-content\/uploads\/2025\/05\/Mots-migration-261x430.png 261w, https:\/\/asti71.org\/wp-content\/uploads\/2025\/05\/Mots-migration.png 578w\" alt=\"\" width=\"182\" height=\"300\" \/><\/a><a class=\"swipebox\" title=\"\" href=\"https:\/\/asti71.org\/wp-content\/uploads\/2025\/05\/Migration-femmes.png\" data-rel=\"lightbox-image-bGlnaHRib3gtaW1hZ2UtNw==\" data-rl_title=\"\" data-rl_caption=\"\" data-rl_title=\"\" data-rl_caption=\"\">\u00a0\u00a0<img loading=\"lazy\" decoding=\"async\" class=\"alignnone size-medium wp-image-2132\" src=\"https:\/\/asti71.org\/wp-content\/uploads\/2025\/05\/Migration-femmes-182x300.png\" sizes=\"auto, (max-width: 182px) 100vw, 182px\" srcset=\"https:\/\/asti71.org\/wp-content\/uploads\/2025\/05\/Migration-femmes-182x300.png 182w, https:\/\/asti71.org\/wp-content\/uploads\/2025\/05\/Migration-femmes-67x110.png 67w, https:\/\/asti71.org\/wp-content\/uploads\/2025\/05\/Migration-femmes-254x420.png 254w, https:\/\/asti71.org\/wp-content\/uploads\/2025\/05\/Migration-femmes-260x430.png 260w, https:\/\/asti71.org\/wp-content\/uploads\/2025\/05\/Migration-femmes.png 578w\" alt=\"\" width=\"182\" height=\"300\" \/><\/a><\/p>\n<\/div>\n","protected":false},"excerpt":{"rendered":"<p>Une demande d&rsquo;asile c&rsquo;est quoi ? Quand un migrant en arrive en France pour demander l&rsquo;asile, il va devoir expliquer les pers\u00e9cutions subies dans son pays et prouver qu&rsquo;un retour serait tr\u00e8s dangereux. La premi\u00e8re instance qui \u00e9tudie sa demande s&rsquo;appelle l&rsquo;Office fran\u00e7ais des R\u00e9fugi\u00e9s et Apatrides (OFPRA). Si la r\u00e9ponse est n\u00e9gative, le demandeur [&hellip;]<\/p>\n","protected":false},"author":1,"featured_media":0,"parent":0,"menu_order":0,"comment_status":"closed","ping_status":"closed","template":"","meta":{"footnotes":""},"class_list":["post-493","page","type-page","status-publish","hentry"],"yoast_head":"<!-- This site is optimized with the Yoast SEO plugin v27.5 - https:\/\/yoast.com\/product\/yoast-seo-wordpress\/ -->\n<title>Les migrants en France - ASTI 71<\/title>\n<meta name=\"description\" content=\"Demande d&#039;asile, Dublin, OQTF, que veut dire tous ces termes ?\" \/>\n<meta name=\"robots\" content=\"index, follow, max-snippet:-1, max-image-preview:large, max-video-preview:-1\" \/>\n<link rel=\"canonical\" href=\"https:\/\/asti71.org\/index.php\/les-migrants-en-france\/\" \/>\n<meta property=\"og:locale\" content=\"fr_FR\" \/>\n<meta property=\"og:type\" content=\"article\" \/>\n<meta property=\"og:title\" content=\"Les migrants en France - ASTI 71\" \/>\n<meta property=\"og:description\" content=\"Demande d&#039;asile, Dublin, OQTF, que veut dire tous ces termes ?\" \/>\n<meta property=\"og:url\" content=\"https:\/\/asti71.org\/index.php\/les-migrants-en-france\/\" \/>\n<meta property=\"og:site_name\" content=\"ASTI 71\" \/>\n<meta property=\"article:publisher\" content=\"https:\/\/www.facebook.com\/asti.chalon\/\" \/>\n<meta property=\"article:modified_time\" content=\"2026-02-04T15:48:50+00:00\" \/>\n<meta property=\"og:image\" content=\"https:\/\/asti71.org\/wp-content\/uploads\/2025\/05\/Mythe-submersion-migratoire.png\" \/>\n\t<meta property=\"og:image:width\" content=\"599\" \/>\n\t<meta property=\"og:image:height\" content=\"858\" \/>\n\t<meta property=\"og:image:type\" content=\"image\/png\" \/>\n<meta name=\"twitter:card\" content=\"summary_large_image\" \/>\n<meta name=\"twitter:label1\" content=\"Dur\u00e9e de lecture estim\u00e9e\" \/>\n\t<meta name=\"twitter:data1\" content=\"3 minutes\" \/>\n<script type=\"application\/ld+json\" class=\"yoast-schema-graph\">{\"@context\":\"https:\\\/\\\/schema.org\",\"@graph\":[{\"@type\":\"WebPage\",\"@id\":\"https:\\\/\\\/asti71.org\\\/index.php\\\/les-migrants-en-france\\\/\",\"url\":\"https:\\\/\\\/asti71.org\\\/index.php\\\/les-migrants-en-france\\\/\",\"name\":\"Les migrants en France - ASTI 71\",\"isPartOf\":{\"@id\":\"https:\\\/\\\/asti71.org\\\/#website\"},\"primaryImageOfPage\":{\"@id\":\"https:\\\/\\\/asti71.org\\\/index.php\\\/les-migrants-en-france\\\/#primaryimage\"},\"image\":{\"@id\":\"https:\\\/\\\/asti71.org\\\/index.php\\\/les-migrants-en-france\\\/#primaryimage\"},\"thumbnailUrl\":\"https:\\\/\\\/asti71.org\\\/wp-content\\\/uploads\\\/2025\\\/05\\\/Mythe-submersion-migratoire-209x300.png\",\"datePublished\":\"2017-11-11T07:38:48+00:00\",\"dateModified\":\"2026-02-04T15:48:50+00:00\",\"description\":\"Demande d'asile, Dublin, OQTF, que veut dire tous ces termes ?\",\"breadcrumb\":{\"@id\":\"https:\\\/\\\/asti71.org\\\/index.php\\\/les-migrants-en-france\\\/#breadcrumb\"},\"inLanguage\":\"fr-FR\",\"potentialAction\":[{\"@type\":\"ReadAction\",\"target\":[\"https:\\\/\\\/asti71.org\\\/index.php\\\/les-migrants-en-france\\\/\"]}]},{\"@type\":\"ImageObject\",\"inLanguage\":\"fr-FR\",\"@id\":\"https:\\\/\\\/asti71.org\\\/index.php\\\/les-migrants-en-france\\\/#primaryimage\",\"url\":\"https:\\\/\\\/asti71.org\\\/wp-content\\\/uploads\\\/2025\\\/05\\\/Mythe-submersion-migratoire.png\",\"contentUrl\":\"https:\\\/\\\/asti71.org\\\/wp-content\\\/uploads\\\/2025\\\/05\\\/Mythe-submersion-migratoire.png\",\"width\":599,\"height\":858},{\"@type\":\"BreadcrumbList\",\"@id\":\"https:\\\/\\\/asti71.org\\\/index.php\\\/les-migrants-en-france\\\/#breadcrumb\",\"itemListElement\":[{\"@type\":\"ListItem\",\"position\":1,\"name\":\"Accueil\",\"item\":\"https:\\\/\\\/asti71.org\\\/\"},{\"@type\":\"ListItem\",\"position\":2,\"name\":\"Les migrants en France\"}]},{\"@type\":\"WebSite\",\"@id\":\"https:\\\/\\\/asti71.org\\\/#website\",\"url\":\"https:\\\/\\\/asti71.org\\\/\",\"name\":\"ASTI 71\",\"description\":\"\",\"publisher\":{\"@id\":\"https:\\\/\\\/asti71.org\\\/#organization\"},\"potentialAction\":[{\"@type\":\"SearchAction\",\"target\":{\"@type\":\"EntryPoint\",\"urlTemplate\":\"https:\\\/\\\/asti71.org\\\/?s={search_term_string}\"},\"query-input\":{\"@type\":\"PropertyValueSpecification\",\"valueRequired\":true,\"valueName\":\"search_term_string\"}}],\"inLanguage\":\"fr-FR\"},{\"@type\":\"Organization\",\"@id\":\"https:\\\/\\\/asti71.org\\\/#organization\",\"name\":\"ASTI 71\",\"url\":\"https:\\\/\\\/asti71.org\\\/\",\"logo\":{\"@type\":\"ImageObject\",\"inLanguage\":\"fr-FR\",\"@id\":\"https:\\\/\\\/asti71.org\\\/#\\\/schema\\\/logo\\\/image\\\/\",\"url\":\"https:\\\/\\\/asti71.org\\\/wp-content\\\/uploads\\\/2017\\\/10\\\/cropped-logo-e1508600698583.png\",\"contentUrl\":\"https:\\\/\\\/asti71.org\\\/wp-content\\\/uploads\\\/2017\\\/10\\\/cropped-logo-e1508600698583.png\",\"width\":100,\"height\":67,\"caption\":\"ASTI 71\"},\"image\":{\"@id\":\"https:\\\/\\\/asti71.org\\\/#\\\/schema\\\/logo\\\/image\\\/\"},\"sameAs\":[\"https:\\\/\\\/www.facebook.com\\\/asti.chalon\\\/\"]}]}<\/script>\n<!-- \/ Yoast SEO plugin. -->","yoast_head_json":{"title":"Les migrants en France - ASTI 71","description":"Demande d'asile, Dublin, OQTF, que veut dire tous ces termes ?","robots":{"index":"index","follow":"follow","max-snippet":"max-snippet:-1","max-image-preview":"max-image-preview:large","max-video-preview":"max-video-preview:-1"},"canonical":"https:\/\/asti71.org\/index.php\/les-migrants-en-france\/","og_locale":"fr_FR","og_type":"article","og_title":"Les migrants en France - ASTI 71","og_description":"Demande d'asile, Dublin, OQTF, que veut dire tous ces termes ?","og_url":"https:\/\/asti71.org\/index.php\/les-migrants-en-france\/","og_site_name":"ASTI 71","article_publisher":"https:\/\/www.facebook.com\/asti.chalon\/","article_modified_time":"2026-02-04T15:48:50+00:00","og_image":[{"width":599,"height":858,"url":"https:\/\/asti71.org\/wp-content\/uploads\/2025\/05\/Mythe-submersion-migratoire.png","type":"image\/png"}],"twitter_card":"summary_large_image","twitter_misc":{"Dur\u00e9e de lecture estim\u00e9e":"3 minutes"},"schema":{"@context":"https:\/\/schema.org","@graph":[{"@type":"WebPage","@id":"https:\/\/asti71.org\/index.php\/les-migrants-en-france\/","url":"https:\/\/asti71.org\/index.php\/les-migrants-en-france\/","name":"Les migrants en France - ASTI 71","isPartOf":{"@id":"https:\/\/asti71.org\/#website"},"primaryImageOfPage":{"@id":"https:\/\/asti71.org\/index.php\/les-migrants-en-france\/#primaryimage"},"image":{"@id":"https:\/\/asti71.org\/index.php\/les-migrants-en-france\/#primaryimage"},"thumbnailUrl":"https:\/\/asti71.org\/wp-content\/uploads\/2025\/05\/Mythe-submersion-migratoire-209x300.png","datePublished":"2017-11-11T07:38:48+00:00","dateModified":"2026-02-04T15:48:50+00:00","description":"Demande d'asile, Dublin, OQTF, que veut dire tous ces termes ?","breadcrumb":{"@id":"https:\/\/asti71.org\/index.php\/les-migrants-en-france\/#breadcrumb"},"inLanguage":"fr-FR","potentialAction":[{"@type":"ReadAction","target":["https:\/\/asti71.org\/index.php\/les-migrants-en-france\/"]}]},{"@type":"ImageObject","inLanguage":"fr-FR","@id":"https:\/\/asti71.org\/index.php\/les-migrants-en-france\/#primaryimage","url":"https:\/\/asti71.org\/wp-content\/uploads\/2025\/05\/Mythe-submersion-migratoire.png","contentUrl":"https:\/\/asti71.org\/wp-content\/uploads\/2025\/05\/Mythe-submersion-migratoire.png","width":599,"height":858},{"@type":"BreadcrumbList","@id":"https:\/\/asti71.org\/index.php\/les-migrants-en-france\/#breadcrumb","itemListElement":[{"@type":"ListItem","position":1,"name":"Accueil","item":"https:\/\/asti71.org\/"},{"@type":"ListItem","position":2,"name":"Les migrants en France"}]},{"@type":"WebSite","@id":"https:\/\/asti71.org\/#website","url":"https:\/\/asti71.org\/","name":"ASTI 71","description":"","publisher":{"@id":"https:\/\/asti71.org\/#organization"},"potentialAction":[{"@type":"SearchAction","target":{"@type":"EntryPoint","urlTemplate":"https:\/\/asti71.org\/?s={search_term_string}"},"query-input":{"@type":"PropertyValueSpecification","valueRequired":true,"valueName":"search_term_string"}}],"inLanguage":"fr-FR"},{"@type":"Organization","@id":"https:\/\/asti71.org\/#organization","name":"ASTI 71","url":"https:\/\/asti71.org\/","logo":{"@type":"ImageObject","inLanguage":"fr-FR","@id":"https:\/\/asti71.org\/#\/schema\/logo\/image\/","url":"https:\/\/asti71.org\/wp-content\/uploads\/2017\/10\/cropped-logo-e1508600698583.png","contentUrl":"https:\/\/asti71.org\/wp-content\/uploads\/2017\/10\/cropped-logo-e1508600698583.png","width":100,"height":67,"caption":"ASTI 71"},"image":{"@id":"https:\/\/asti71.org\/#\/schema\/logo\/image\/"},"sameAs":["https:\/\/www.facebook.com\/asti.chalon\/"]}]}},"_links":{"self":[{"href":"https:\/\/asti71.org\/index.php\/wp-json\/wp\/v2\/pages\/493","targetHints":{"allow":["GET"]}}],"collection":[{"href":"https:\/\/asti71.org\/index.php\/wp-json\/wp\/v2\/pages"}],"about":[{"href":"https:\/\/asti71.org\/index.php\/wp-json\/wp\/v2\/types\/page"}],"author":[{"embeddable":true,"href":"https:\/\/asti71.org\/index.php\/wp-json\/wp\/v2\/users\/1"}],"replies":[{"embeddable":true,"href":"https:\/\/asti71.org\/index.php\/wp-json\/wp\/v2\/comments?post=493"}],"version-history":[{"count":5,"href":"https:\/\/asti71.org\/index.php\/wp-json\/wp\/v2\/pages\/493\/revisions"}],"predecessor-version":[{"id":2291,"href":"https:\/\/asti71.org\/index.php\/wp-json\/wp\/v2\/pages\/493\/revisions\/2291"}],"wp:attachment":[{"href":"https:\/\/asti71.org\/index.php\/wp-json\/wp\/v2\/media?parent=493"}],"curies":[{"name":"wp","href":"https:\/\/api.w.org\/{rel}","templated":true}]}}