{"id":51,"date":"2017-08-17T10:52:44","date_gmt":"2017-08-17T08:52:44","guid":{"rendered":"http:\/\/asti71.org\/?page_id=51"},"modified":"2026-04-02T16:43:06","modified_gmt":"2026-04-02T14:43:06","slug":"la-permanence-juridique","status":"publish","type":"page","link":"https:\/\/asti71.org\/index.php\/nos-actions\/la-permanence-juridique\/","title":{"rendered":"La permanence administrative et juridique"},"content":{"rendered":"<h2><span style=\"font-family: arial,helvetica,sans-serif;\">Pour accueillir et \u00e9couter, pour compl\u00e9ter les dossiers, pour conseiller et orienter, pour soutenir dans le long chemin de l\u2019insertion.<\/span><\/h2>\n<p style=\"text-align: center;\"><span style=\"color: #0000ff; font-size: 14pt; font-family: arial,helvetica,sans-serif;\"><strong><b>Accueil tous les mercredis <\/b><\/strong><\/span><span style=\"font-size: 14pt; font-family: arial, helvetica, sans-serif; color: #ff0000;\"><strong>sans rendez-vous<\/strong><\/span><span style=\"color: #0000ff; font-size: 14pt; font-family: arial,helvetica,sans-serif;\"><strong><b> au <a href=\"https:\/\/maps.google.com\/?q=2+cours+Marcel+Pagnol&amp;entry=gmail&amp;source=g\">2 cours Marcel Pagnol<\/a> de 9h \u00e0 11h<\/b><\/strong><\/span><\/p>\n<p><span style=\"font-family: arial,helvetica,sans-serif;\"><strong>Une dizaine de b\u00e9n\u00e9voles se rendent disponibles pour accueillir toutes personnes migrantes en difficult\u00e9 administratives et sociales dans une ambiance accueillante et amicale.<\/strong><\/span><\/p>\n<p style=\"text-align: justify;\"><span style=\"font-family: arial,helvetica,sans-serif;\">Les situations sont tr\u00e8s diverses :<\/span><\/p>\n<ul>\n<li style=\"text-align: justify;\"><span style=\"font-family: arial,helvetica,sans-serif;\">Personnes venant d\u2019arriver en France.<\/span><\/li>\n<li style=\"text-align: justify;\"><span style=\"font-family: arial,helvetica,sans-serif;\">Demandeurs d\u2019asile.<\/span><\/li>\n<li style=\"text-align: justify;\"><span style=\"font-family: arial,helvetica,sans-serif;\">Personnes expuls\u00e9es des logements de l\u2019OFII quand elles ont re\u00e7u un rejet \u00e0 leur demande d\u2019asile. <\/span><span style=\"font-family: arial,helvetica,sans-serif;\">Elles se retrouvent alors sans titre de s\u00e9jour. Nous les accompagnons pour voir avec elles comment obtenir des papiers et \u00eatre en situation r\u00e9guli\u00e8re.<\/span><br \/>\n<h2 style=\"text-align: justify;\"><span style=\"font-family: arial,helvetica,sans-serif;\"><img loading=\"lazy\" decoding=\"async\" class=\" wp-image-163 alignright\" src=\"http:\/\/asti71.org\/wp-content\/uploads\/2017\/08\/permanence.jpg\" alt=\"\" width=\"425\" height=\"320\" srcset=\"https:\/\/asti71.org\/wp-content\/uploads\/2017\/08\/permanence.jpg 425w, https:\/\/asti71.org\/wp-content\/uploads\/2017\/08\/permanence-300x226.jpg 300w, https:\/\/asti71.org\/wp-content\/uploads\/2017\/08\/permanence-148x111.jpg 148w, https:\/\/asti71.org\/wp-content\/uploads\/2017\/08\/permanence-31x23.jpg 31w, https:\/\/asti71.org\/wp-content\/uploads\/2017\/08\/permanence-38x29.jpg 38w, https:\/\/asti71.org\/wp-content\/uploads\/2017\/08\/permanence-286x215.jpg 286w, https:\/\/asti71.org\/wp-content\/uploads\/2017\/08\/permanence-110x83.jpg 110w, https:\/\/asti71.org\/wp-content\/uploads\/2017\/08\/permanence-420x316.jpg 420w\" sizes=\"auto, (max-width: 425px) 100vw, 425px\" \/><\/span><\/h2>\n<\/li>\n<\/ul>\n<p style=\"text-align: justify;\"><span style=\"font-family: arial,helvetica,sans-serif;\">L\u2019accompagnement demande alors des liens avec des avocats, des professionnels de sant\u00e9. <\/span><span style=\"font-family: arial,helvetica,sans-serif;\">Beaucoup ont souffert dans leur pays et dans le chemin migratoire.<\/span><\/p>\n<p style=\"text-align: justify;\"><span style=\"font-family: arial,helvetica,sans-serif;\">Nous les accompagnons vers les associations qui peuvent les aider \u00e0 progresser en fran\u00e7ais (y compris l\u2019ASTI) et aupr\u00e8s de celles qui peuvent leur permettre de manger.<\/span><\/p>\n<p style=\"text-align: justify;\"><span style=\"font-family: arial,helvetica,sans-serif;\">Nous travaillons les recours administratifs et les demandes de titres de s\u00e9jour \u00e0 la pr\u00e9fecture. <\/span><\/p>\n<p style=\"text-align: justify;\"><span style=\"font-family: arial,helvetica,sans-serif;\">Nous d\u00e9fendons leurs dossiers si n\u00e9cessaire lors de r\u00e9<\/span><span style=\"font-family: arial,helvetica,sans-serif;\">union de concertations avec l\u2019\u00c9tat.<\/span><\/p>\n<p style=\"text-align: justify;\"><span style=\"font-family: arial,helvetica,sans-serif;\">Nous d\u00e9couvrons leur histoire, celle de leur pays, leur culture, les souffrances travers\u00e9es sur le chemin de l\u2019exil (guerre, mafia, trafic d\u2019enfants et d\u2019organes, discriminations li\u00e9es aux minorit\u00e9s ethniques, refus de la justice ou de la police de soutenir les personnes victimes, &#8230;). <\/span><\/p>\n<p style=\"text-align: justify;\"><span style=\"font-family: arial,helvetica,sans-serif;\">Chacun partage \u00e0 sa fa\u00e7on, comme il le peut et le veut.<\/span><\/p>\n<p style=\"text-align: justify;\"><span style=\"font-family: arial,helvetica,sans-serif;\">La permanence demande d\u2019\u00eatre dans le d\u00e9sir d\u2019accompagner avec modestie, en restant dans l\u2019\u00e9coute. <\/span><\/p>\n<p style=\"text-align: justify;\"><span style=\"font-family: arial,helvetica,sans-serif;\">Les b\u00e9n\u00e9voles peuvent acqu\u00e9rir des comp\u00e9tences administratives et juridiques gr\u00e2ce \u00e0 des temps de formation et gr\u00e2ce \u00e0 l&rsquo;exp\u00e9rience partag\u00e9e.<\/span><\/p>\n<p><span style=\"font-family: arial, helvetica, sans-serif;\">Vous souhaitez vous aussi apporter une aide juridique, pratique pour l&rsquo;accompagnement des familles, ou nous faire part d&rsquo;une proposition ou d&rsquo;une id\u00e9e, prenez contact avec nous.<\/span><\/p>\n<p><span style=\"font-family: arial, helvetica, sans-serif;\">\n<div class=\"wpcf7 no-js\" id=\"wpcf7-f572-o1\" lang=\"fr-FR\" dir=\"ltr\" data-wpcf7-id=\"572\">\n<div class=\"screen-reader-response\"><p role=\"status\" aria-live=\"polite\" aria-atomic=\"true\"><\/p> <ul><\/ul><\/div>\n<form action=\"\/index.php\/wp-json\/wp\/v2\/pages\/51#wpcf7-f572-o1\" method=\"post\" class=\"wpcf7-form init\" aria-label=\"Formulaire de contact\" novalidate=\"novalidate\" data-status=\"init\">\n<fieldset class=\"hidden-fields-container\"><input type=\"hidden\" name=\"_wpcf7\" value=\"572\" \/><input type=\"hidden\" name=\"_wpcf7_version\" value=\"6.1.5\" \/><input type=\"hidden\" name=\"_wpcf7_locale\" value=\"fr_FR\" \/><input type=\"hidden\" name=\"_wpcf7_unit_tag\" value=\"wpcf7-f572-o1\" \/><input type=\"hidden\" name=\"_wpcf7_container_post\" value=\"0\" \/><input type=\"hidden\" name=\"_wpcf7_posted_data_hash\" value=\"\" \/><input type=\"hidden\" name=\"_wpcf7cf_hidden_group_fields\" value=\"[]\" \/><input type=\"hidden\" name=\"_wpcf7cf_hidden_groups\" value=\"[]\" \/><input type=\"hidden\" name=\"_wpcf7cf_visible_groups\" value=\"[]\" \/><input type=\"hidden\" name=\"_wpcf7cf_repeaters\" value=\"[]\" \/><input type=\"hidden\" name=\"_wpcf7cf_steps\" value=\"{}\" \/><input type=\"hidden\" name=\"_wpcf7cf_options\" value=\"{&quot;form_id&quot;:572,&quot;conditions&quot;:[],&quot;settings&quot;:{&quot;animation&quot;:&quot;yes&quot;,&quot;animation_intime&quot;:200,&quot;animation_outtime&quot;:200,&quot;conditions_ui&quot;:&quot;normal&quot;,&quot;notice_dismissed&quot;:false,&quot;notice_dismissed_update-cf7-5.8&quot;:true,&quot;notice_dismissed_update-cf7-5.8.2&quot;:true}}\" \/><input type=\"hidden\" name=\"_wpcf7_recaptcha_response\" value=\"\" \/>\n<\/fieldset>\n<p><label> Votre nom (obligatoire)<br \/>\n<span class=\"wpcf7-form-control-wrap\" data-name=\"your-name\"><input size=\"40\" maxlength=\"400\" class=\"wpcf7-form-control wpcf7-text wpcf7-validates-as-required\" aria-required=\"true\" aria-invalid=\"false\" value=\"\" type=\"text\" name=\"your-name\" \/><\/span> <\/label>\n<\/p>\n<p><label> Votre adresse de messagerie (obligatoire)<br \/>\n<span class=\"wpcf7-form-control-wrap\" data-name=\"your-email\"><input size=\"40\" maxlength=\"400\" class=\"wpcf7-form-control wpcf7-email wpcf7-validates-as-required wpcf7-text wpcf7-validates-as-email\" aria-required=\"true\" aria-invalid=\"false\" value=\"\" type=\"email\" name=\"your-email\" \/><\/span> <\/label>\n<\/p>\n<p><label> Objet<br \/>\n<span class=\"wpcf7-form-control-wrap\" data-name=\"your-subject\"><input size=\"40\" maxlength=\"400\" class=\"wpcf7-form-control wpcf7-text\" aria-invalid=\"false\" value=\"\" type=\"text\" name=\"your-subject\" \/><\/span> <\/label>\n<\/p>\n<p><label> Votre message<br \/>\n<span class=\"wpcf7-form-control-wrap\" data-name=\"your-message\"><textarea cols=\"40\" rows=\"10\" maxlength=\"2000\" class=\"wpcf7-form-control wpcf7-textarea\" aria-invalid=\"false\" name=\"your-message\"><\/textarea><\/span> <\/label>\n<\/p>\n<p><input class=\"wpcf7-form-control wpcf7-submit has-spinner\" type=\"submit\" value=\"Envoyer\" \/>\n<\/p><p style=\"display: none !important;\" class=\"akismet-fields-container\" data-prefix=\"_wpcf7_ak_\"><label>&#916;<textarea name=\"_wpcf7_ak_hp_textarea\" cols=\"45\" rows=\"8\" maxlength=\"100\"><\/textarea><\/label><input type=\"hidden\" id=\"ak_js_1\" name=\"_wpcf7_ak_js\" value=\"67\"\/><script>document.getElementById( \"ak_js_1\" ).setAttribute( \"value\", ( new Date() ).getTime() );<\/script><\/p><div class=\"wpcf7-response-output\" aria-hidden=\"true\"><\/div>\n<\/form>\n<\/div>\n<\/span><\/p>\n","protected":false},"excerpt":{"rendered":"<p>Pour accueillir et \u00e9couter, pour compl\u00e9ter les dossiers, pour conseiller et orienter, pour soutenir dans le long chemin de l\u2019insertion. Accueil tous les mercredis sans rendez-vous au 2 cours Marcel Pagnol de 9h \u00e0 11h Une dizaine de b\u00e9n\u00e9voles se rendent disponibles pour accueillir toutes personnes migrantes en difficult\u00e9 administratives et sociales dans une ambiance [&hellip;]<\/p>\n","protected":false},"author":1,"featured_media":0,"parent":17,"menu_order":0,"comment_status":"closed","ping_status":"closed","template":"","meta":{"footnotes":""},"class_list":["post-51","page","type-page","status-publish","hentry"],"yoast_head":"<!-- This site is optimized with the Yoast SEO plugin v27.3 - https:\/\/yoast.com\/product\/yoast-seo-wordpress\/ -->\n<title>La permanence administrative et juridique - ASTI 71<\/title>\n<meta name=\"description\" content=\"Pour accueillir et \u00e9couter, pour compl\u00e9ter les dossiers, pour conseiller et orienter, pour soutenir dans le long chemin de l\u2019insertion.Accueil tous les mercredis sans rendez-vous au 2 cours Marcel Pagnol de 9h \u00e0 11hUne dizaine de b\u00e9n\u00e9voles se rendent disponibles pour accueillir toutes personnes migrantes en difficult\u00e9 administratives et sociales dans une ambiance accueillante et amicale.\" \/>\n<meta name=\"robots\" content=\"index, follow, max-snippet:-1, max-image-preview:large, max-video-preview:-1\" \/>\n<link rel=\"canonical\" href=\"https:\/\/asti71.org\/index.php\/nos-actions\/la-permanence-juridique\/\" \/>\n<meta property=\"og:locale\" content=\"fr_FR\" \/>\n<meta property=\"og:type\" content=\"article\" \/>\n<meta property=\"og:title\" content=\"La permanence administrative et juridique - ASTI 71\" \/>\n<meta property=\"og:description\" content=\"Pour accueillir et \u00e9couter, pour compl\u00e9ter les dossiers, pour conseiller et orienter, pour soutenir dans le long chemin de l\u2019insertion.Accueil tous les mercredis sans rendez-vous au 2 cours Marcel Pagnol de 9h \u00e0 11hUne dizaine de b\u00e9n\u00e9voles se rendent disponibles pour accueillir toutes personnes migrantes en difficult\u00e9 administratives et sociales dans une ambiance accueillante et amicale.\" \/>\n<meta property=\"og:url\" content=\"https:\/\/asti71.org\/index.php\/nos-actions\/la-permanence-juridique\/\" \/>\n<meta property=\"og:site_name\" content=\"ASTI 71\" \/>\n<meta property=\"article:publisher\" content=\"https:\/\/www.facebook.com\/asti.chalon\/\" \/>\n<meta property=\"article:modified_time\" content=\"2026-04-02T14:43:06+00:00\" \/>\n<meta property=\"og:image\" content=\"https:\/\/asti71.org\/wp-content\/uploads\/2017\/08\/permanence.jpg\" \/>\n\t<meta property=\"og:image:width\" content=\"425\" \/>\n\t<meta property=\"og:image:height\" content=\"320\" \/>\n\t<meta property=\"og:image:type\" content=\"image\/jpeg\" \/>\n<meta name=\"twitter:card\" content=\"summary_large_image\" \/>\n<meta name=\"twitter:label1\" content=\"Dur\u00e9e de lecture estim\u00e9e\" \/>\n\t<meta name=\"twitter:data1\" content=\"2 minutes\" \/>\n<script type=\"application\/ld+json\" class=\"yoast-schema-graph\">{\"@context\":\"https:\\\/\\\/schema.org\",\"@graph\":[{\"@type\":\"WebPage\",\"@id\":\"https:\\\/\\\/asti71.org\\\/index.php\\\/nos-actions\\\/la-permanence-juridique\\\/\",\"url\":\"https:\\\/\\\/asti71.org\\\/index.php\\\/nos-actions\\\/la-permanence-juridique\\\/\",\"name\":\"La permanence administrative et juridique - ASTI 71\",\"isPartOf\":{\"@id\":\"https:\\\/\\\/asti71.org\\\/#website\"},\"primaryImageOfPage\":{\"@id\":\"https:\\\/\\\/asti71.org\\\/index.php\\\/nos-actions\\\/la-permanence-juridique\\\/#primaryimage\"},\"image\":{\"@id\":\"https:\\\/\\\/asti71.org\\\/index.php\\\/nos-actions\\\/la-permanence-juridique\\\/#primaryimage\"},\"thumbnailUrl\":\"http:\\\/\\\/asti71.org\\\/wp-content\\\/uploads\\\/2017\\\/08\\\/permanence.jpg\",\"datePublished\":\"2017-08-17T08:52:44+00:00\",\"dateModified\":\"2026-04-02T14:43:06+00:00\",\"description\":\"Pour accueillir et \u00e9couter, pour compl\u00e9ter les dossiers, pour conseiller et orienter, pour soutenir dans le long chemin de l\u2019insertion.Accueil tous les mercredis sans rendez-vous au 2 cours Marcel Pagnol de 9h \u00e0 11hUne dizaine de b\u00e9n\u00e9voles se rendent disponibles pour accueillir toutes personnes migrantes en difficult\u00e9 administratives et sociales dans une ambiance accueillante et amicale.\",\"breadcrumb\":{\"@id\":\"https:\\\/\\\/asti71.org\\\/index.php\\\/nos-actions\\\/la-permanence-juridique\\\/#breadcrumb\"},\"inLanguage\":\"fr-FR\",\"potentialAction\":[{\"@type\":\"ReadAction\",\"target\":[\"https:\\\/\\\/asti71.org\\\/index.php\\\/nos-actions\\\/la-permanence-juridique\\\/\"]}]},{\"@type\":\"ImageObject\",\"inLanguage\":\"fr-FR\",\"@id\":\"https:\\\/\\\/asti71.org\\\/index.php\\\/nos-actions\\\/la-permanence-juridique\\\/#primaryimage\",\"url\":\"http:\\\/\\\/asti71.org\\\/wp-content\\\/uploads\\\/2017\\\/08\\\/permanence.jpg\",\"contentUrl\":\"http:\\\/\\\/asti71.org\\\/wp-content\\\/uploads\\\/2017\\\/08\\\/permanence.jpg\"},{\"@type\":\"BreadcrumbList\",\"@id\":\"https:\\\/\\\/asti71.org\\\/index.php\\\/nos-actions\\\/la-permanence-juridique\\\/#breadcrumb\",\"itemListElement\":[{\"@type\":\"ListItem\",\"position\":1,\"name\":\"Accueil\",\"item\":\"https:\\\/\\\/asti71.org\\\/\"},{\"@type\":\"ListItem\",\"position\":2,\"name\":\"Nos actions\",\"item\":\"https:\\\/\\\/asti71.org\\\/index.php\\\/nos-actions\\\/\"},{\"@type\":\"ListItem\",\"position\":3,\"name\":\"La permanence administrative et juridique\"}]},{\"@type\":\"WebSite\",\"@id\":\"https:\\\/\\\/asti71.org\\\/#website\",\"url\":\"https:\\\/\\\/asti71.org\\\/\",\"name\":\"ASTI 71\",\"description\":\"\",\"publisher\":{\"@id\":\"https:\\\/\\\/asti71.org\\\/#organization\"},\"potentialAction\":[{\"@type\":\"SearchAction\",\"target\":{\"@type\":\"EntryPoint\",\"urlTemplate\":\"https:\\\/\\\/asti71.org\\\/?s={search_term_string}\"},\"query-input\":{\"@type\":\"PropertyValueSpecification\",\"valueRequired\":true,\"valueName\":\"search_term_string\"}}],\"inLanguage\":\"fr-FR\"},{\"@type\":\"Organization\",\"@id\":\"https:\\\/\\\/asti71.org\\\/#organization\",\"name\":\"ASTI 71\",\"url\":\"https:\\\/\\\/asti71.org\\\/\",\"logo\":{\"@type\":\"ImageObject\",\"inLanguage\":\"fr-FR\",\"@id\":\"https:\\\/\\\/asti71.org\\\/#\\\/schema\\\/logo\\\/image\\\/\",\"url\":\"https:\\\/\\\/asti71.org\\\/wp-content\\\/uploads\\\/2017\\\/10\\\/cropped-logo-e1508600698583.png\",\"contentUrl\":\"https:\\\/\\\/asti71.org\\\/wp-content\\\/uploads\\\/2017\\\/10\\\/cropped-logo-e1508600698583.png\",\"width\":100,\"height\":67,\"caption\":\"ASTI 71\"},\"image\":{\"@id\":\"https:\\\/\\\/asti71.org\\\/#\\\/schema\\\/logo\\\/image\\\/\"},\"sameAs\":[\"https:\\\/\\\/www.facebook.com\\\/asti.chalon\\\/\"]}]}<\/script>\n<!-- \/ Yoast SEO plugin. -->","yoast_head_json":{"title":"La permanence administrative et juridique - ASTI 71","description":"Pour accueillir et \u00e9couter, pour compl\u00e9ter les dossiers, pour conseiller et orienter, pour soutenir dans le long chemin de l\u2019insertion.Accueil tous les mercredis sans rendez-vous au 2 cours Marcel Pagnol de 9h \u00e0 11hUne dizaine de b\u00e9n\u00e9voles se rendent disponibles pour accueillir toutes personnes migrantes en difficult\u00e9 administratives et sociales dans une ambiance accueillante et amicale.","robots":{"index":"index","follow":"follow","max-snippet":"max-snippet:-1","max-image-preview":"max-image-preview:large","max-video-preview":"max-video-preview:-1"},"canonical":"https:\/\/asti71.org\/index.php\/nos-actions\/la-permanence-juridique\/","og_locale":"fr_FR","og_type":"article","og_title":"La permanence administrative et juridique - ASTI 71","og_description":"Pour accueillir et \u00e9couter, pour compl\u00e9ter les dossiers, pour conseiller et orienter, pour soutenir dans le long chemin de l\u2019insertion.Accueil tous les mercredis sans rendez-vous au 2 cours Marcel Pagnol de 9h \u00e0 11hUne dizaine de b\u00e9n\u00e9voles se rendent disponibles pour accueillir toutes personnes migrantes en difficult\u00e9 administratives et sociales dans une ambiance accueillante et amicale.","og_url":"https:\/\/asti71.org\/index.php\/nos-actions\/la-permanence-juridique\/","og_site_name":"ASTI 71","article_publisher":"https:\/\/www.facebook.com\/asti.chalon\/","article_modified_time":"2026-04-02T14:43:06+00:00","og_image":[{"width":425,"height":320,"url":"https:\/\/asti71.org\/wp-content\/uploads\/2017\/08\/permanence.jpg","type":"image\/jpeg"}],"twitter_card":"summary_large_image","twitter_misc":{"Dur\u00e9e de lecture estim\u00e9e":"2 minutes"},"schema":{"@context":"https:\/\/schema.org","@graph":[{"@type":"WebPage","@id":"https:\/\/asti71.org\/index.php\/nos-actions\/la-permanence-juridique\/","url":"https:\/\/asti71.org\/index.php\/nos-actions\/la-permanence-juridique\/","name":"La permanence administrative et juridique - ASTI 71","isPartOf":{"@id":"https:\/\/asti71.org\/#website"},"primaryImageOfPage":{"@id":"https:\/\/asti71.org\/index.php\/nos-actions\/la-permanence-juridique\/#primaryimage"},"image":{"@id":"https:\/\/asti71.org\/index.php\/nos-actions\/la-permanence-juridique\/#primaryimage"},"thumbnailUrl":"http:\/\/asti71.org\/wp-content\/uploads\/2017\/08\/permanence.jpg","datePublished":"2017-08-17T08:52:44+00:00","dateModified":"2026-04-02T14:43:06+00:00","description":"Pour accueillir et \u00e9couter, pour compl\u00e9ter les dossiers, pour conseiller et orienter, pour soutenir dans le long chemin de l\u2019insertion.Accueil tous les mercredis sans rendez-vous au 2 cours Marcel Pagnol de 9h \u00e0 11hUne dizaine de b\u00e9n\u00e9voles se rendent disponibles pour accueillir toutes personnes migrantes en difficult\u00e9 administratives et sociales dans une ambiance accueillante et amicale.","breadcrumb":{"@id":"https:\/\/asti71.org\/index.php\/nos-actions\/la-permanence-juridique\/#breadcrumb"},"inLanguage":"fr-FR","potentialAction":[{"@type":"ReadAction","target":["https:\/\/asti71.org\/index.php\/nos-actions\/la-permanence-juridique\/"]}]},{"@type":"ImageObject","inLanguage":"fr-FR","@id":"https:\/\/asti71.org\/index.php\/nos-actions\/la-permanence-juridique\/#primaryimage","url":"http:\/\/asti71.org\/wp-content\/uploads\/2017\/08\/permanence.jpg","contentUrl":"http:\/\/asti71.org\/wp-content\/uploads\/2017\/08\/permanence.jpg"},{"@type":"BreadcrumbList","@id":"https:\/\/asti71.org\/index.php\/nos-actions\/la-permanence-juridique\/#breadcrumb","itemListElement":[{"@type":"ListItem","position":1,"name":"Accueil","item":"https:\/\/asti71.org\/"},{"@type":"ListItem","position":2,"name":"Nos actions","item":"https:\/\/asti71.org\/index.php\/nos-actions\/"},{"@type":"ListItem","position":3,"name":"La permanence administrative et juridique"}]},{"@type":"WebSite","@id":"https:\/\/asti71.org\/#website","url":"https:\/\/asti71.org\/","name":"ASTI 71","description":"","publisher":{"@id":"https:\/\/asti71.org\/#organization"},"potentialAction":[{"@type":"SearchAction","target":{"@type":"EntryPoint","urlTemplate":"https:\/\/asti71.org\/?s={search_term_string}"},"query-input":{"@type":"PropertyValueSpecification","valueRequired":true,"valueName":"search_term_string"}}],"inLanguage":"fr-FR"},{"@type":"Organization","@id":"https:\/\/asti71.org\/#organization","name":"ASTI 71","url":"https:\/\/asti71.org\/","logo":{"@type":"ImageObject","inLanguage":"fr-FR","@id":"https:\/\/asti71.org\/#\/schema\/logo\/image\/","url":"https:\/\/asti71.org\/wp-content\/uploads\/2017\/10\/cropped-logo-e1508600698583.png","contentUrl":"https:\/\/asti71.org\/wp-content\/uploads\/2017\/10\/cropped-logo-e1508600698583.png","width":100,"height":67,"caption":"ASTI 71"},"image":{"@id":"https:\/\/asti71.org\/#\/schema\/logo\/image\/"},"sameAs":["https:\/\/www.facebook.com\/asti.chalon\/"]}]}},"_links":{"self":[{"href":"https:\/\/asti71.org\/index.php\/wp-json\/wp\/v2\/pages\/51","targetHints":{"allow":["GET"]}}],"collection":[{"href":"https:\/\/asti71.org\/index.php\/wp-json\/wp\/v2\/pages"}],"about":[{"href":"https:\/\/asti71.org\/index.php\/wp-json\/wp\/v2\/types\/page"}],"author":[{"embeddable":true,"href":"https:\/\/asti71.org\/index.php\/wp-json\/wp\/v2\/users\/1"}],"replies":[{"embeddable":true,"href":"https:\/\/asti71.org\/index.php\/wp-json\/wp\/v2\/comments?post=51"}],"version-history":[{"count":17,"href":"https:\/\/asti71.org\/index.php\/wp-json\/wp\/v2\/pages\/51\/revisions"}],"predecessor-version":[{"id":2535,"href":"https:\/\/asti71.org\/index.php\/wp-json\/wp\/v2\/pages\/51\/revisions\/2535"}],"up":[{"embeddable":true,"href":"https:\/\/asti71.org\/index.php\/wp-json\/wp\/v2\/pages\/17"}],"wp:attachment":[{"href":"https:\/\/asti71.org\/index.php\/wp-json\/wp\/v2\/media?parent=51"}],"curies":[{"name":"wp","href":"https:\/\/api.w.org\/{rel}","templated":true}]}}