{"id":53,"date":"2017-08-17T10:53:11","date_gmt":"2017-08-17T08:53:11","guid":{"rendered":"http:\/\/asti71.org\/?page_id=53"},"modified":"2026-04-02T16:38:46","modified_gmt":"2026-04-02T14:38:46","slug":"bienvenue-en-francais","status":"publish","type":"page","link":"https:\/\/asti71.org\/index.php\/nos-actions\/bienvenue-en-francais\/","title":{"rendered":"Bienvenue en fran\u00e7ais"},"content":{"rendered":"<h2><span style=\"font-family: arial,helvetica,sans-serif;\">Atelier d\u2019apprentissage du fran\u00e7ais \u00e0 destination des personnes migrantes<\/span><\/h2>\n<p style=\"text-align: justify;\"><span style=\"font-family: arial,helvetica,sans-serif;\"><strong>Une quinzaine de b\u00e9n\u00e9voles accompagne une centaine de personnes migrantes dans l&rsquo;apprentissage du fran\u00e7ais.<\/strong><\/span><\/p>\n<h2><span style=\"font-family: arial,helvetica,sans-serif;\"><a href=\"https:\/\/asti71.org\/wp-content\/uploads\/2021\/07\/PXL_20210706_141406624-scaled.jpg\" data-rel=\"lightbox-image-0\" data-rl_title=\"\" data-rl_caption=\"\" title=\"\"><img loading=\"lazy\" decoding=\"async\" class=\"alignnone wp-image-1504 size-medium\" src=\"https:\/\/asti71.org\/wp-content\/uploads\/2021\/07\/PXL_20210706_141406624-225x300.jpg\" alt=\"\" width=\"225\" height=\"300\" srcset=\"https:\/\/asti71.org\/wp-content\/uploads\/2021\/07\/PXL_20210706_141406624-225x300.jpg 225w, https:\/\/asti71.org\/wp-content\/uploads\/2021\/07\/PXL_20210706_141406624-768x1024.jpg 768w, https:\/\/asti71.org\/wp-content\/uploads\/2021\/07\/PXL_20210706_141406624-1152x1536.jpg 1152w, https:\/\/asti71.org\/wp-content\/uploads\/2021\/07\/PXL_20210706_141406624-1536x2048.jpg 1536w, https:\/\/asti71.org\/wp-content\/uploads\/2021\/07\/PXL_20210706_141406624-83x110.jpg 83w, https:\/\/asti71.org\/wp-content\/uploads\/2021\/07\/PXL_20210706_141406624-315x420.jpg 315w, https:\/\/asti71.org\/wp-content\/uploads\/2021\/07\/PXL_20210706_141406624-323x430.jpg 323w, https:\/\/asti71.org\/wp-content\/uploads\/2021\/07\/PXL_20210706_141406624-scaled.jpg 1920w\" sizes=\"auto, (max-width: 225px) 100vw, 225px\" \/><\/a><a href=\"https:\/\/asti71.org\/wp-content\/uploads\/2022\/10\/Cours-francais.png\" data-rel=\"lightbox-image-1\" data-rl_title=\"\" data-rl_caption=\"\" title=\"\">\u00a0 \u00a0 \u00a0 \u00a0 <img loading=\"lazy\" decoding=\"async\" class=\"alignnone size-medium wp-image-1740\" src=\"https:\/\/asti71.org\/wp-content\/uploads\/2022\/10\/Cours-francais-300x225.png\" alt=\"\" width=\"300\" height=\"225\" srcset=\"https:\/\/asti71.org\/wp-content\/uploads\/2022\/10\/Cours-francais-300x225.png 300w, https:\/\/asti71.org\/wp-content\/uploads\/2022\/10\/Cours-francais-110x83.png 110w, https:\/\/asti71.org\/wp-content\/uploads\/2022\/10\/Cours-francais-420x315.png 420w, https:\/\/asti71.org\/wp-content\/uploads\/2022\/10\/Cours-francais.png 441w\" sizes=\"auto, (max-width: 300px) 100vw, 300px\" \/><\/a><\/span><\/h2>\n<p style=\"text-align: justify;\"><span style=\"font-family: arial, helvetica, sans-serif;\">L&rsquo;atelier est destin\u00e9 aux primo-arrivants. Nous travaillons en individuel ou en groupe.<\/span><br \/>\n<span style=\"font-family: arial, helvetica, sans-serif;\">Les groupes sont mixtes et interg\u00e9n\u00e9rationnels, ils regroupent des personnes de culture et religion <\/span><span style=\"font-family: arial, helvetica, sans-serif;\">diff\u00e9rentes.<\/span><br \/>\n<span style=\"font-family: arial, helvetica, sans-serif;\">Les apprenants sont \u00e9valu\u00e9s et accompagn\u00e9s en fonction de leur niveau (selon le cadre europ\u00e9en <\/span><span style=\"font-family: arial, helvetica, sans-serif;\">commun de r\u00e9f\u00e9rence) : d\u00e9butants non scolaris\u00e9s, d\u00e9butants scolaris\u00e9s, A1.1, A1 et A2.<\/span><br \/>\n<span style=\"font-family: arial, helvetica, sans-serif;\">Le passage du dipl\u00f4me A2 est propos\u00e9 aux personnes ayant le niveau.<\/span><\/p>\n<p style=\"text-align: justify;\"><span style=\"font-family: arial,helvetica,sans-serif;\">Les b\u00e9n\u00e9voles sont libres de choisir leur m\u00e9thode, des outils p\u00e9dagogiques sont \u00e0 leur disposition. Ils se retrouvent tous les deux \u00e0 trois mois pour \u00e9changer sur leurs pratiques et proposer des activit\u00e9s.<\/span><\/p>\n<p style=\"text-align: justify;\"><span style=\"font-family: arial,helvetica,sans-serif;\">Des activit\u00e9s en plus des cours sont propos\u00e9s : visites, mus\u00e9es, biblioth\u00e8que, atelier peinture\u2026 Il s&rsquo;agit de d\u00e9couvrir la France et de partager des moments de convivialit\u00e9.<\/span><\/p>\n<p style=\"text-align: justify;\"><span style=\"font-family: arial,helvetica,sans-serif;\">L&rsquo;esprit d&rsquo;interculturalit\u00e9 nous est cher : accueillir les personnes dans une nouvelle langue, un nouveau pays, sans rompre avec leur origine mais en vivant avec eux la f\u00e9condit\u00e9 de la rencontre entre nos cultures.<\/span><\/p>\n<p>&nbsp;<\/p>\n<div style=\"width: 640px;\" class=\"wp-video\"><video class=\"wp-video-shortcode\" id=\"video-53-1\" width=\"640\" height=\"360\" preload=\"metadata\" controls=\"controls\"><source type=\"video\/mp4\" src=\"http:\/\/asti71.org\/wp-content\/uploads\/2017\/11\/ASTIpresentation6.mp4?_=1\" \/><a href=\"http:\/\/asti71.org\/wp-content\/uploads\/2017\/11\/ASTIpresentation6.mp4\">http:\/\/asti71.org\/wp-content\/uploads\/2017\/11\/ASTIpresentation6.mp4<\/a><\/video><\/div>\n<p>&nbsp;<\/p>\n<p><strong>Nos derniers articles\u00a0\u00a0<\/strong> <a href=\"https:\/\/asti71.org\/index.php\/category\/en-direct-des-ateliers\/bienvenue-en-francais\/\">Bienvenue en Fran\u00e7ais<\/a><\/p>\n<p>&nbsp;<\/p>\n<p><span style=\"font-family: arial, helvetica, sans-serif;\">Vous souhaitez rejoindre notre \u00e9quipe de b\u00e9n\u00e9voles concernant cet atelier, ou simplement leur poser une question, prenez contact avec nous.<\/span><\/p>\n<p><span style=\"font-family: arial, helvetica, sans-serif;\">\n<div class=\"wpcf7 no-js\" id=\"wpcf7-f575-o1\" lang=\"fr-FR\" dir=\"ltr\" data-wpcf7-id=\"575\">\n<div class=\"screen-reader-response\"><p role=\"status\" aria-live=\"polite\" aria-atomic=\"true\"><\/p> <ul><\/ul><\/div>\n<form action=\"\/index.php\/wp-json\/wp\/v2\/pages\/53#wpcf7-f575-o1\" method=\"post\" class=\"wpcf7-form init\" aria-label=\"Formulaire de contact\" novalidate=\"novalidate\" data-status=\"init\">\n<fieldset class=\"hidden-fields-container\"><input type=\"hidden\" name=\"_wpcf7\" value=\"575\" \/><input type=\"hidden\" name=\"_wpcf7_version\" value=\"6.1.5\" \/><input type=\"hidden\" name=\"_wpcf7_locale\" value=\"fr_FR\" \/><input type=\"hidden\" name=\"_wpcf7_unit_tag\" value=\"wpcf7-f575-o1\" \/><input type=\"hidden\" name=\"_wpcf7_container_post\" value=\"0\" \/><input type=\"hidden\" name=\"_wpcf7_posted_data_hash\" value=\"\" \/><input type=\"hidden\" name=\"_wpcf7cf_hidden_group_fields\" value=\"[]\" \/><input type=\"hidden\" name=\"_wpcf7cf_hidden_groups\" value=\"[]\" \/><input type=\"hidden\" name=\"_wpcf7cf_visible_groups\" value=\"[]\" \/><input type=\"hidden\" name=\"_wpcf7cf_repeaters\" value=\"[]\" \/><input type=\"hidden\" name=\"_wpcf7cf_steps\" value=\"{}\" \/><input type=\"hidden\" name=\"_wpcf7cf_options\" value=\"{&quot;form_id&quot;:575,&quot;conditions&quot;:[],&quot;settings&quot;:{&quot;animation&quot;:&quot;yes&quot;,&quot;animation_intime&quot;:200,&quot;animation_outtime&quot;:200,&quot;conditions_ui&quot;:&quot;normal&quot;,&quot;notice_dismissed&quot;:false,&quot;notice_dismissed_update-cf7-5.8&quot;:true,&quot;notice_dismissed_update-cf7-5.8.2&quot;:true}}\" \/><input type=\"hidden\" name=\"_wpcf7_recaptcha_response\" value=\"\" \/>\n<\/fieldset>\n<p><label> Votre nom (obligatoire)<br \/>\n<span class=\"wpcf7-form-control-wrap\" data-name=\"your-name\"><input size=\"40\" maxlength=\"400\" class=\"wpcf7-form-control wpcf7-text wpcf7-validates-as-required\" aria-required=\"true\" aria-invalid=\"false\" value=\"\" type=\"text\" name=\"your-name\" \/><\/span> <\/label>\n<\/p>\n<p><label> Votre adresse de messagerie (obligatoire)<br \/>\n<span class=\"wpcf7-form-control-wrap\" data-name=\"your-email\"><input size=\"40\" maxlength=\"400\" class=\"wpcf7-form-control wpcf7-email wpcf7-validates-as-required wpcf7-text wpcf7-validates-as-email\" aria-required=\"true\" aria-invalid=\"false\" value=\"\" type=\"email\" name=\"your-email\" \/><\/span> <\/label>\n<\/p>\n<p><label> Objet<br \/>\n<span class=\"wpcf7-form-control-wrap\" data-name=\"your-subject\"><input size=\"40\" maxlength=\"400\" class=\"wpcf7-form-control wpcf7-text\" aria-invalid=\"false\" value=\"\" type=\"text\" name=\"your-subject\" \/><\/span> <\/label>\n<\/p>\n<p><label> Votre message<br \/>\n<span class=\"wpcf7-form-control-wrap\" data-name=\"your-message\"><textarea cols=\"40\" rows=\"10\" maxlength=\"2000\" class=\"wpcf7-form-control wpcf7-textarea\" aria-invalid=\"false\" name=\"your-message\"><\/textarea><\/span> <\/label>\n<\/p>\n<p><input class=\"wpcf7-form-control wpcf7-submit has-spinner\" type=\"submit\" value=\"Envoyer\" \/>\n<\/p><p style=\"display: none !important;\" class=\"akismet-fields-container\" data-prefix=\"_wpcf7_ak_\"><label>&#916;<textarea name=\"_wpcf7_ak_hp_textarea\" cols=\"45\" rows=\"8\" maxlength=\"100\"><\/textarea><\/label><input type=\"hidden\" id=\"ak_js_1\" name=\"_wpcf7_ak_js\" value=\"92\"\/><script>document.getElementById( \"ak_js_1\" ).setAttribute( \"value\", ( new Date() ).getTime() );<\/script><\/p><div class=\"wpcf7-response-output\" aria-hidden=\"true\"><\/div>\n<\/form>\n<\/div>\n<\/span><\/p>\n<p>&nbsp;<\/p>\n","protected":false},"excerpt":{"rendered":"<p>Atelier d\u2019apprentissage du fran\u00e7ais \u00e0 destination des personnes migrantes Une quinzaine de b\u00e9n\u00e9voles accompagne une centaine de personnes migrantes dans l&rsquo;apprentissage du fran\u00e7ais. \u00a0 \u00a0 \u00a0 \u00a0 L&rsquo;atelier est destin\u00e9 aux primo-arrivants. Nous travaillons en individuel ou en groupe. Les groupes sont mixtes et interg\u00e9n\u00e9rationnels, ils regroupent des personnes de culture et religion diff\u00e9rentes. Les [&hellip;]<\/p>\n","protected":false},"author":1,"featured_media":0,"parent":17,"menu_order":0,"comment_status":"closed","ping_status":"closed","template":"","meta":{"footnotes":""},"class_list":["post-53","page","type-page","status-publish","hentry"],"yoast_head":"<!-- This site is optimized with the Yoast SEO plugin v27.3 - https:\/\/yoast.com\/product\/yoast-seo-wordpress\/ -->\n<title>Bienvenue en fran\u00e7ais - ASTI 71<\/title>\n<meta name=\"description\" content=\"Atelier d\u2019apprentissage du fran\u00e7ais \u00e0 destination des personnes migrantesUne quinzaine de b\u00e9n\u00e9voles accompagne une centaine de personnes migrantes dans l&#039;apprentissage du fran\u00e7ais.\" \/>\n<meta name=\"robots\" content=\"index, follow, max-snippet:-1, max-image-preview:large, max-video-preview:-1\" \/>\n<link rel=\"canonical\" href=\"https:\/\/asti71.org\/index.php\/nos-actions\/bienvenue-en-francais\/\" \/>\n<meta property=\"og:locale\" content=\"fr_FR\" \/>\n<meta property=\"og:type\" content=\"article\" \/>\n<meta property=\"og:title\" content=\"Bienvenue en fran\u00e7ais - ASTI 71\" \/>\n<meta property=\"og:description\" content=\"Atelier d\u2019apprentissage du fran\u00e7ais \u00e0 destination des personnes migrantesUne quinzaine de b\u00e9n\u00e9voles accompagne une centaine de personnes migrantes dans l&#039;apprentissage du fran\u00e7ais.\" \/>\n<meta property=\"og:url\" content=\"https:\/\/asti71.org\/index.php\/nos-actions\/bienvenue-en-francais\/\" \/>\n<meta property=\"og:site_name\" content=\"ASTI 71\" \/>\n<meta property=\"article:publisher\" content=\"https:\/\/www.facebook.com\/asti.chalon\/\" \/>\n<meta property=\"article:modified_time\" content=\"2026-04-02T14:38:46+00:00\" \/>\n<meta property=\"og:image\" content=\"https:\/\/asti71.org\/wp-content\/uploads\/2021\/07\/PXL_20210706_141406624-scaled.jpg\" \/>\n\t<meta property=\"og:image:width\" content=\"1920\" \/>\n\t<meta property=\"og:image:height\" content=\"2560\" \/>\n\t<meta property=\"og:image:type\" content=\"image\/jpeg\" \/>\n<meta name=\"twitter:card\" content=\"summary_large_image\" \/>\n<meta name=\"twitter:label1\" content=\"Dur\u00e9e de lecture estim\u00e9e\" \/>\n\t<meta name=\"twitter:data1\" content=\"2 minutes\" \/>\n<script type=\"application\/ld+json\" class=\"yoast-schema-graph\">{\"@context\":\"https:\\\/\\\/schema.org\",\"@graph\":[{\"@type\":\"WebPage\",\"@id\":\"https:\\\/\\\/asti71.org\\\/index.php\\\/nos-actions\\\/bienvenue-en-francais\\\/\",\"url\":\"https:\\\/\\\/asti71.org\\\/index.php\\\/nos-actions\\\/bienvenue-en-francais\\\/\",\"name\":\"Bienvenue en fran\u00e7ais - ASTI 71\",\"isPartOf\":{\"@id\":\"https:\\\/\\\/asti71.org\\\/#website\"},\"primaryImageOfPage\":{\"@id\":\"https:\\\/\\\/asti71.org\\\/index.php\\\/nos-actions\\\/bienvenue-en-francais\\\/#primaryimage\"},\"image\":{\"@id\":\"https:\\\/\\\/asti71.org\\\/index.php\\\/nos-actions\\\/bienvenue-en-francais\\\/#primaryimage\"},\"thumbnailUrl\":\"https:\\\/\\\/asti71.org\\\/wp-content\\\/uploads\\\/2021\\\/07\\\/PXL_20210706_141406624-225x300.jpg\",\"datePublished\":\"2017-08-17T08:53:11+00:00\",\"dateModified\":\"2026-04-02T14:38:46+00:00\",\"description\":\"Atelier d\u2019apprentissage du fran\u00e7ais \u00e0 destination des personnes migrantesUne quinzaine de b\u00e9n\u00e9voles accompagne une centaine de personnes migrantes dans l'apprentissage du fran\u00e7ais.\",\"breadcrumb\":{\"@id\":\"https:\\\/\\\/asti71.org\\\/index.php\\\/nos-actions\\\/bienvenue-en-francais\\\/#breadcrumb\"},\"inLanguage\":\"fr-FR\",\"potentialAction\":[{\"@type\":\"ReadAction\",\"target\":[\"https:\\\/\\\/asti71.org\\\/index.php\\\/nos-actions\\\/bienvenue-en-francais\\\/\"]}]},{\"@type\":\"ImageObject\",\"inLanguage\":\"fr-FR\",\"@id\":\"https:\\\/\\\/asti71.org\\\/index.php\\\/nos-actions\\\/bienvenue-en-francais\\\/#primaryimage\",\"url\":\"https:\\\/\\\/asti71.org\\\/wp-content\\\/uploads\\\/2021\\\/07\\\/PXL_20210706_141406624-scaled.jpg\",\"contentUrl\":\"https:\\\/\\\/asti71.org\\\/wp-content\\\/uploads\\\/2021\\\/07\\\/PXL_20210706_141406624-scaled.jpg\",\"width\":1920,\"height\":2560},{\"@type\":\"BreadcrumbList\",\"@id\":\"https:\\\/\\\/asti71.org\\\/index.php\\\/nos-actions\\\/bienvenue-en-francais\\\/#breadcrumb\",\"itemListElement\":[{\"@type\":\"ListItem\",\"position\":1,\"name\":\"Accueil\",\"item\":\"https:\\\/\\\/asti71.org\\\/\"},{\"@type\":\"ListItem\",\"position\":2,\"name\":\"Nos actions\",\"item\":\"https:\\\/\\\/asti71.org\\\/index.php\\\/nos-actions\\\/\"},{\"@type\":\"ListItem\",\"position\":3,\"name\":\"Bienvenue en fran\u00e7ais\"}]},{\"@type\":\"WebSite\",\"@id\":\"https:\\\/\\\/asti71.org\\\/#website\",\"url\":\"https:\\\/\\\/asti71.org\\\/\",\"name\":\"ASTI 71\",\"description\":\"\",\"publisher\":{\"@id\":\"https:\\\/\\\/asti71.org\\\/#organization\"},\"potentialAction\":[{\"@type\":\"SearchAction\",\"target\":{\"@type\":\"EntryPoint\",\"urlTemplate\":\"https:\\\/\\\/asti71.org\\\/?s={search_term_string}\"},\"query-input\":{\"@type\":\"PropertyValueSpecification\",\"valueRequired\":true,\"valueName\":\"search_term_string\"}}],\"inLanguage\":\"fr-FR\"},{\"@type\":\"Organization\",\"@id\":\"https:\\\/\\\/asti71.org\\\/#organization\",\"name\":\"ASTI 71\",\"url\":\"https:\\\/\\\/asti71.org\\\/\",\"logo\":{\"@type\":\"ImageObject\",\"inLanguage\":\"fr-FR\",\"@id\":\"https:\\\/\\\/asti71.org\\\/#\\\/schema\\\/logo\\\/image\\\/\",\"url\":\"https:\\\/\\\/asti71.org\\\/wp-content\\\/uploads\\\/2017\\\/10\\\/cropped-logo-e1508600698583.png\",\"contentUrl\":\"https:\\\/\\\/asti71.org\\\/wp-content\\\/uploads\\\/2017\\\/10\\\/cropped-logo-e1508600698583.png\",\"width\":100,\"height\":67,\"caption\":\"ASTI 71\"},\"image\":{\"@id\":\"https:\\\/\\\/asti71.org\\\/#\\\/schema\\\/logo\\\/image\\\/\"},\"sameAs\":[\"https:\\\/\\\/www.facebook.com\\\/asti.chalon\\\/\"]}]}<\/script>\n<!-- \/ Yoast SEO plugin. -->","yoast_head_json":{"title":"Bienvenue en fran\u00e7ais - ASTI 71","description":"Atelier d\u2019apprentissage du fran\u00e7ais \u00e0 destination des personnes migrantesUne quinzaine de b\u00e9n\u00e9voles accompagne une centaine de personnes migrantes dans l'apprentissage du fran\u00e7ais.","robots":{"index":"index","follow":"follow","max-snippet":"max-snippet:-1","max-image-preview":"max-image-preview:large","max-video-preview":"max-video-preview:-1"},"canonical":"https:\/\/asti71.org\/index.php\/nos-actions\/bienvenue-en-francais\/","og_locale":"fr_FR","og_type":"article","og_title":"Bienvenue en fran\u00e7ais - ASTI 71","og_description":"Atelier d\u2019apprentissage du fran\u00e7ais \u00e0 destination des personnes migrantesUne quinzaine de b\u00e9n\u00e9voles accompagne une centaine de personnes migrantes dans l'apprentissage du fran\u00e7ais.","og_url":"https:\/\/asti71.org\/index.php\/nos-actions\/bienvenue-en-francais\/","og_site_name":"ASTI 71","article_publisher":"https:\/\/www.facebook.com\/asti.chalon\/","article_modified_time":"2026-04-02T14:38:46+00:00","og_image":[{"width":1920,"height":2560,"url":"https:\/\/asti71.org\/wp-content\/uploads\/2021\/07\/PXL_20210706_141406624-scaled.jpg","type":"image\/jpeg"}],"twitter_card":"summary_large_image","twitter_misc":{"Dur\u00e9e de lecture estim\u00e9e":"2 minutes"},"schema":{"@context":"https:\/\/schema.org","@graph":[{"@type":"WebPage","@id":"https:\/\/asti71.org\/index.php\/nos-actions\/bienvenue-en-francais\/","url":"https:\/\/asti71.org\/index.php\/nos-actions\/bienvenue-en-francais\/","name":"Bienvenue en fran\u00e7ais - ASTI 71","isPartOf":{"@id":"https:\/\/asti71.org\/#website"},"primaryImageOfPage":{"@id":"https:\/\/asti71.org\/index.php\/nos-actions\/bienvenue-en-francais\/#primaryimage"},"image":{"@id":"https:\/\/asti71.org\/index.php\/nos-actions\/bienvenue-en-francais\/#primaryimage"},"thumbnailUrl":"https:\/\/asti71.org\/wp-content\/uploads\/2021\/07\/PXL_20210706_141406624-225x300.jpg","datePublished":"2017-08-17T08:53:11+00:00","dateModified":"2026-04-02T14:38:46+00:00","description":"Atelier d\u2019apprentissage du fran\u00e7ais \u00e0 destination des personnes migrantesUne quinzaine de b\u00e9n\u00e9voles accompagne une centaine de personnes migrantes dans l'apprentissage du fran\u00e7ais.","breadcrumb":{"@id":"https:\/\/asti71.org\/index.php\/nos-actions\/bienvenue-en-francais\/#breadcrumb"},"inLanguage":"fr-FR","potentialAction":[{"@type":"ReadAction","target":["https:\/\/asti71.org\/index.php\/nos-actions\/bienvenue-en-francais\/"]}]},{"@type":"ImageObject","inLanguage":"fr-FR","@id":"https:\/\/asti71.org\/index.php\/nos-actions\/bienvenue-en-francais\/#primaryimage","url":"https:\/\/asti71.org\/wp-content\/uploads\/2021\/07\/PXL_20210706_141406624-scaled.jpg","contentUrl":"https:\/\/asti71.org\/wp-content\/uploads\/2021\/07\/PXL_20210706_141406624-scaled.jpg","width":1920,"height":2560},{"@type":"BreadcrumbList","@id":"https:\/\/asti71.org\/index.php\/nos-actions\/bienvenue-en-francais\/#breadcrumb","itemListElement":[{"@type":"ListItem","position":1,"name":"Accueil","item":"https:\/\/asti71.org\/"},{"@type":"ListItem","position":2,"name":"Nos actions","item":"https:\/\/asti71.org\/index.php\/nos-actions\/"},{"@type":"ListItem","position":3,"name":"Bienvenue en fran\u00e7ais"}]},{"@type":"WebSite","@id":"https:\/\/asti71.org\/#website","url":"https:\/\/asti71.org\/","name":"ASTI 71","description":"","publisher":{"@id":"https:\/\/asti71.org\/#organization"},"potentialAction":[{"@type":"SearchAction","target":{"@type":"EntryPoint","urlTemplate":"https:\/\/asti71.org\/?s={search_term_string}"},"query-input":{"@type":"PropertyValueSpecification","valueRequired":true,"valueName":"search_term_string"}}],"inLanguage":"fr-FR"},{"@type":"Organization","@id":"https:\/\/asti71.org\/#organization","name":"ASTI 71","url":"https:\/\/asti71.org\/","logo":{"@type":"ImageObject","inLanguage":"fr-FR","@id":"https:\/\/asti71.org\/#\/schema\/logo\/image\/","url":"https:\/\/asti71.org\/wp-content\/uploads\/2017\/10\/cropped-logo-e1508600698583.png","contentUrl":"https:\/\/asti71.org\/wp-content\/uploads\/2017\/10\/cropped-logo-e1508600698583.png","width":100,"height":67,"caption":"ASTI 71"},"image":{"@id":"https:\/\/asti71.org\/#\/schema\/logo\/image\/"},"sameAs":["https:\/\/www.facebook.com\/asti.chalon\/"]}]}},"_links":{"self":[{"href":"https:\/\/asti71.org\/index.php\/wp-json\/wp\/v2\/pages\/53","targetHints":{"allow":["GET"]}}],"collection":[{"href":"https:\/\/asti71.org\/index.php\/wp-json\/wp\/v2\/pages"}],"about":[{"href":"https:\/\/asti71.org\/index.php\/wp-json\/wp\/v2\/types\/page"}],"author":[{"embeddable":true,"href":"https:\/\/asti71.org\/index.php\/wp-json\/wp\/v2\/users\/1"}],"replies":[{"embeddable":true,"href":"https:\/\/asti71.org\/index.php\/wp-json\/wp\/v2\/comments?post=53"}],"version-history":[{"count":16,"href":"https:\/\/asti71.org\/index.php\/wp-json\/wp\/v2\/pages\/53\/revisions"}],"predecessor-version":[{"id":2532,"href":"https:\/\/asti71.org\/index.php\/wp-json\/wp\/v2\/pages\/53\/revisions\/2532"}],"up":[{"embeddable":true,"href":"https:\/\/asti71.org\/index.php\/wp-json\/wp\/v2\/pages\/17"}],"wp:attachment":[{"href":"https:\/\/asti71.org\/index.php\/wp-json\/wp\/v2\/media?parent=53"}],"curies":[{"name":"wp","href":"https:\/\/api.w.org\/{rel}","templated":true}]}}