{"id":55,"date":"2017-08-17T10:53:33","date_gmt":"2017-08-17T08:53:33","guid":{"rendered":"http:\/\/asti71.org\/?page_id=55"},"modified":"2026-04-02T16:39:28","modified_gmt":"2026-04-02T14:39:28","slug":"latelier-femmes-du-monde","status":"publish","type":"page","link":"https:\/\/asti71.org\/index.php\/nos-actions\/latelier-femmes-du-monde\/","title":{"rendered":"Femmes du monde"},"content":{"rendered":"<h2><span style=\"font-family: arial,helvetica,sans-serif;\">Atelier \u00e0 destination des femmes immigr\u00e9es<\/span><\/h2>\n<p style=\"text-align: justify;\"><span style=\"font-family: arial,helvetica,sans-serif;\"><strong>Une dizaine de b\u00e9n\u00e9voles accompagnent une vingtaine de femmes ayant besoin d&rsquo;un soutien en fran\u00e7ais, au del\u00e0 de la langue, cet atelier permet de cr\u00e9er du lien social.<\/strong><\/span><\/p>\n<p style=\"text-align: justify;\"><span style=\"font-family: arial,helvetica,sans-serif;\">Cet atelier a pour but de :<\/span><\/p>\n<ul style=\"text-align: justify;\">\n<li><span style=\"font-family: arial,helvetica,sans-serif;\">lutter contre illettrisme et favoriser l\u2019alphab\u00e9tisation en travaillant sur l\u2019apprentissage de la langue. L&rsquo;accompagnement est soit individuel, soit par petits groupes de m\u00eame niveau (3 personnes maximum). Les cours sont dispens\u00e9s en g\u00e9n\u00e9ral les mardis et jeudis apr\u00e8s-midi et durent en moyenne de 1h \u00e0 1h30 ;<\/span><\/li>\n<li><span style=\"font-family: arial,helvetica,sans-serif;\">renforcer les acquis par la lecture, la compr\u00e9hension et la r\u00e9flexion sur l\u2019histoire et les valeurs culturelles ;<\/span><\/li>\n<li><span style=\"font-family: arial,helvetica,sans-serif;\">sortir les femmes de leur isolement en leur permettant d&rsquo;acqu\u00e9rir plus d&rsquo;autonomie pour la ma\u00eetrise de leurs d\u00e9marches administratives et leur implication en tant que parents d&rsquo;\u00e9l\u00e8ves ;<\/span><\/li>\n<li><span style=\"font-family: arial,helvetica,sans-serif;\">D\u00e9velopper le lien social en organisant des animations, pi\u00e8ces de th\u00e9\u00e2tres, po\u00e8mes, films, sorties dans les des mus\u00e9es et \u00e0 la d\u00e9couverte du patrimoine local ou r\u00e9gional ;<\/span><\/li>\n<li><span style=\"font-family: arial,helvetica,sans-serif;\">Dynamiser les relations avec les acteurs des quartiers en participant aux f\u00eates, sorties et animations.<\/span><\/li>\n<\/ul>\n<p style=\"text-align: justify;\"><span style=\"font-family: arial,helvetica,sans-serif;\">Des outils p\u00e9dagogiques sont mis \u00e0 disposition des b\u00e9n\u00e9voles qui peuvent choisir leur m\u00e9thode en fonction du niveau de leurs apprenantes.<\/span><\/p>\n<p style=\"text-align: justify;\"><span style=\"font-family: arial,helvetica,sans-serif;\">Une r\u00e9union par trimestre permet de faire le point et de pr\u00e9parer les projets de l&rsquo;atelier.<\/span><\/p>\n<p><a href=\"https:\/\/asti71.org\/wp-content\/uploads\/2022\/04\/20211123112053_IMG_5031-scaled.jpg\" data-rel=\"lightbox-image-0\" data-rl_title=\"\" data-rl_caption=\"\" title=\"\"><img loading=\"lazy\" decoding=\"async\" class=\"alignnone size-medium wp-image-1643\" src=\"https:\/\/asti71.org\/wp-content\/uploads\/2022\/04\/20211123112053_IMG_5031-300x225.jpg\" alt=\"\" width=\"300\" height=\"225\" srcset=\"https:\/\/asti71.org\/wp-content\/uploads\/2022\/04\/20211123112053_IMG_5031-300x225.jpg 300w, https:\/\/asti71.org\/wp-content\/uploads\/2022\/04\/20211123112053_IMG_5031-1024x768.jpg 1024w, https:\/\/asti71.org\/wp-content\/uploads\/2022\/04\/20211123112053_IMG_5031-768x576.jpg 768w, https:\/\/asti71.org\/wp-content\/uploads\/2022\/04\/20211123112053_IMG_5031-1536x1152.jpg 1536w, https:\/\/asti71.org\/wp-content\/uploads\/2022\/04\/20211123112053_IMG_5031-2048x1536.jpg 2048w, https:\/\/asti71.org\/wp-content\/uploads\/2022\/04\/20211123112053_IMG_5031-110x83.jpg 110w, https:\/\/asti71.org\/wp-content\/uploads\/2022\/04\/20211123112053_IMG_5031-420x315.jpg 420w, https:\/\/asti71.org\/wp-content\/uploads\/2022\/04\/20211123112053_IMG_5031-573x430.jpg 573w\" sizes=\"auto, (max-width: 300px) 100vw, 300px\" \/><\/a><a href=\"https:\/\/asti71.org\/wp-content\/uploads\/2022\/10\/PXL_20210603_121221947-scaled.jpg\" data-rel=\"lightbox-image-1\" data-rl_title=\"\" data-rl_caption=\"\" title=\"\">\u00a0 \u00a0 \u00a0 \u00a0 \u00a0 \u00a0<img loading=\"lazy\" decoding=\"async\" class=\"alignnone size-medium wp-image-1743\" src=\"https:\/\/asti71.org\/wp-content\/uploads\/2022\/10\/PXL_20210603_121221947-300x225.jpg\" alt=\"\" width=\"300\" height=\"225\" srcset=\"https:\/\/asti71.org\/wp-content\/uploads\/2022\/10\/PXL_20210603_121221947-300x225.jpg 300w, https:\/\/asti71.org\/wp-content\/uploads\/2022\/10\/PXL_20210603_121221947-1024x768.jpg 1024w, https:\/\/asti71.org\/wp-content\/uploads\/2022\/10\/PXL_20210603_121221947-768x576.jpg 768w, https:\/\/asti71.org\/wp-content\/uploads\/2022\/10\/PXL_20210603_121221947-1536x1152.jpg 1536w, https:\/\/asti71.org\/wp-content\/uploads\/2022\/10\/PXL_20210603_121221947-2048x1536.jpg 2048w, https:\/\/asti71.org\/wp-content\/uploads\/2022\/10\/PXL_20210603_121221947-110x83.jpg 110w, https:\/\/asti71.org\/wp-content\/uploads\/2022\/10\/PXL_20210603_121221947-420x315.jpg 420w, https:\/\/asti71.org\/wp-content\/uploads\/2022\/10\/PXL_20210603_121221947-573x430.jpg 573w\" sizes=\"auto, (max-width: 300px) 100vw, 300px\" \/><\/a><\/p>\n<p>&nbsp;<\/p>\n<p><strong>Nos derniers articles\u00a0 \u00a0<a href=\"https:\/\/asti71.org\/index.php\/category\/en-direct-des-ateliers\/femmes-du-monde\/\">Femmes du Monde<\/a><\/strong><\/p>\n<p>&nbsp;<\/p>\n<p><span style=\"font-family: arial, helvetica, sans-serif;\">Vous souhaitez rejoindre notre \u00e9quipe de b\u00e9n\u00e9voles concernant cet atelier, ou simplement leur poser une question, prenez contact avec nous.<\/span><\/p>\n<p><span style=\"font-family: arial, helvetica, sans-serif;\">\n<div class=\"wpcf7 no-js\" id=\"wpcf7-f580-o1\" lang=\"fr-FR\" dir=\"ltr\" data-wpcf7-id=\"580\">\n<div class=\"screen-reader-response\"><p role=\"status\" aria-live=\"polite\" aria-atomic=\"true\"><\/p> <ul><\/ul><\/div>\n<form action=\"\/index.php\/wp-json\/wp\/v2\/pages\/55#wpcf7-f580-o1\" method=\"post\" class=\"wpcf7-form init\" aria-label=\"Formulaire de contact\" novalidate=\"novalidate\" data-status=\"init\">\n<fieldset class=\"hidden-fields-container\"><input type=\"hidden\" name=\"_wpcf7\" value=\"580\" \/><input type=\"hidden\" name=\"_wpcf7_version\" value=\"6.1.5\" \/><input type=\"hidden\" name=\"_wpcf7_locale\" value=\"fr_FR\" \/><input type=\"hidden\" name=\"_wpcf7_unit_tag\" value=\"wpcf7-f580-o1\" \/><input type=\"hidden\" name=\"_wpcf7_container_post\" value=\"0\" \/><input type=\"hidden\" name=\"_wpcf7_posted_data_hash\" value=\"\" \/><input type=\"hidden\" name=\"_wpcf7cf_hidden_group_fields\" value=\"[]\" \/><input type=\"hidden\" name=\"_wpcf7cf_hidden_groups\" value=\"[]\" \/><input type=\"hidden\" name=\"_wpcf7cf_visible_groups\" value=\"[]\" \/><input type=\"hidden\" name=\"_wpcf7cf_repeaters\" value=\"[]\" \/><input type=\"hidden\" name=\"_wpcf7cf_steps\" value=\"{}\" \/><input type=\"hidden\" name=\"_wpcf7cf_options\" value=\"{&quot;form_id&quot;:580,&quot;conditions&quot;:[],&quot;settings&quot;:{&quot;animation&quot;:&quot;yes&quot;,&quot;animation_intime&quot;:200,&quot;animation_outtime&quot;:200,&quot;conditions_ui&quot;:&quot;normal&quot;,&quot;notice_dismissed&quot;:false,&quot;notice_dismissed_update-cf7-5.8&quot;:true,&quot;notice_dismissed_update-cf7-5.8.2&quot;:true}}\" \/><input type=\"hidden\" name=\"_wpcf7_recaptcha_response\" value=\"\" \/>\n<\/fieldset>\n<p><label> Votre nom (obligatoire)<br \/>\n<span class=\"wpcf7-form-control-wrap\" data-name=\"your-name\"><input size=\"40\" maxlength=\"400\" class=\"wpcf7-form-control wpcf7-text wpcf7-validates-as-required\" aria-required=\"true\" aria-invalid=\"false\" value=\"\" type=\"text\" name=\"your-name\" \/><\/span> <\/label>\n<\/p>\n<p><label> Votre adresse de messagerie (obligatoire)<br \/>\n<span class=\"wpcf7-form-control-wrap\" data-name=\"your-email\"><input size=\"40\" maxlength=\"400\" class=\"wpcf7-form-control wpcf7-email wpcf7-validates-as-required wpcf7-text wpcf7-validates-as-email\" aria-required=\"true\" aria-invalid=\"false\" value=\"\" type=\"email\" name=\"your-email\" \/><\/span> <\/label>\n<\/p>\n<p><label> Objet<br \/>\n<span class=\"wpcf7-form-control-wrap\" data-name=\"your-subject\"><input size=\"40\" maxlength=\"400\" class=\"wpcf7-form-control wpcf7-text\" aria-invalid=\"false\" value=\"\" type=\"text\" name=\"your-subject\" \/><\/span> <\/label>\n<\/p>\n<p><label> Votre message<br \/>\n<span class=\"wpcf7-form-control-wrap\" data-name=\"your-message\"><textarea cols=\"40\" rows=\"10\" maxlength=\"2000\" class=\"wpcf7-form-control wpcf7-textarea\" aria-invalid=\"false\" name=\"your-message\"><\/textarea><\/span> <\/label>\n<\/p>\n<p><input class=\"wpcf7-form-control wpcf7-submit has-spinner\" type=\"submit\" value=\"Envoyer\" \/>\n<\/p><p style=\"display: none !important;\" class=\"akismet-fields-container\" data-prefix=\"_wpcf7_ak_\"><label>&#916;<textarea name=\"_wpcf7_ak_hp_textarea\" cols=\"45\" rows=\"8\" maxlength=\"100\"><\/textarea><\/label><input type=\"hidden\" id=\"ak_js_1\" name=\"_wpcf7_ak_js\" value=\"135\"\/><script>document.getElementById( \"ak_js_1\" ).setAttribute( \"value\", ( new Date() ).getTime() );<\/script><\/p><div class=\"wpcf7-response-output\" aria-hidden=\"true\"><\/div>\n<\/form>\n<\/div>\n<\/span><\/p>\n","protected":false},"excerpt":{"rendered":"<p>Atelier \u00e0 destination des femmes immigr\u00e9es Une dizaine de b\u00e9n\u00e9voles accompagnent une vingtaine de femmes ayant besoin d&rsquo;un soutien en fran\u00e7ais, au del\u00e0 de la langue, cet atelier permet de cr\u00e9er du lien social. Cet atelier a pour but de : lutter contre illettrisme et favoriser l\u2019alphab\u00e9tisation en travaillant sur l\u2019apprentissage de la langue. L&rsquo;accompagnement [&hellip;]<\/p>\n","protected":false},"author":1,"featured_media":0,"parent":17,"menu_order":0,"comment_status":"closed","ping_status":"closed","template":"","meta":{"footnotes":""},"class_list":["post-55","page","type-page","status-publish","hentry"],"yoast_head":"<!-- This site is optimized with the Yoast SEO plugin v27.3 - https:\/\/yoast.com\/product\/yoast-seo-wordpress\/ -->\n<title>Femmes du monde - ASTI 71<\/title>\n<meta name=\"description\" content=\"Atelier \u00e0 destination des femmes immigr\u00e9esUne dizaine de b\u00e9n\u00e9voles accompagnent une vingtaine de femmes ayant besoin d&#039;un soutien en fran\u00e7ais, au del\u00e0 de la langue, cet atelier permet de cr\u00e9er du lien social.\" \/>\n<meta name=\"robots\" content=\"index, follow, max-snippet:-1, max-image-preview:large, max-video-preview:-1\" \/>\n<link rel=\"canonical\" href=\"https:\/\/asti71.org\/index.php\/nos-actions\/latelier-femmes-du-monde\/\" \/>\n<meta property=\"og:locale\" content=\"fr_FR\" \/>\n<meta property=\"og:type\" content=\"article\" \/>\n<meta property=\"og:title\" content=\"Femmes du monde - ASTI 71\" \/>\n<meta property=\"og:description\" content=\"Atelier \u00e0 destination des femmes immigr\u00e9esUne dizaine de b\u00e9n\u00e9voles accompagnent une vingtaine de femmes ayant besoin d&#039;un soutien en fran\u00e7ais, au del\u00e0 de la langue, cet atelier permet de cr\u00e9er du lien social.\" \/>\n<meta property=\"og:url\" content=\"https:\/\/asti71.org\/index.php\/nos-actions\/latelier-femmes-du-monde\/\" \/>\n<meta property=\"og:site_name\" content=\"ASTI 71\" \/>\n<meta property=\"article:publisher\" content=\"https:\/\/www.facebook.com\/asti.chalon\/\" \/>\n<meta property=\"article:modified_time\" content=\"2026-04-02T14:39:28+00:00\" \/>\n<meta property=\"og:image\" content=\"https:\/\/asti71.org\/wp-content\/uploads\/2022\/04\/20211123112053_IMG_5031-scaled.jpg\" \/>\n\t<meta property=\"og:image:width\" content=\"2560\" \/>\n\t<meta property=\"og:image:height\" content=\"1920\" \/>\n\t<meta property=\"og:image:type\" content=\"image\/jpeg\" \/>\n<meta name=\"twitter:card\" content=\"summary_large_image\" \/>\n<meta name=\"twitter:label1\" content=\"Dur\u00e9e de lecture estim\u00e9e\" \/>\n\t<meta name=\"twitter:data1\" content=\"2 minutes\" \/>\n<script type=\"application\/ld+json\" class=\"yoast-schema-graph\">{\"@context\":\"https:\\\/\\\/schema.org\",\"@graph\":[{\"@type\":\"WebPage\",\"@id\":\"https:\\\/\\\/asti71.org\\\/index.php\\\/nos-actions\\\/latelier-femmes-du-monde\\\/\",\"url\":\"https:\\\/\\\/asti71.org\\\/index.php\\\/nos-actions\\\/latelier-femmes-du-monde\\\/\",\"name\":\"Femmes du monde - ASTI 71\",\"isPartOf\":{\"@id\":\"https:\\\/\\\/asti71.org\\\/#website\"},\"primaryImageOfPage\":{\"@id\":\"https:\\\/\\\/asti71.org\\\/index.php\\\/nos-actions\\\/latelier-femmes-du-monde\\\/#primaryimage\"},\"image\":{\"@id\":\"https:\\\/\\\/asti71.org\\\/index.php\\\/nos-actions\\\/latelier-femmes-du-monde\\\/#primaryimage\"},\"thumbnailUrl\":\"https:\\\/\\\/asti71.org\\\/wp-content\\\/uploads\\\/2022\\\/04\\\/20211123112053_IMG_5031-300x225.jpg\",\"datePublished\":\"2017-08-17T08:53:33+00:00\",\"dateModified\":\"2026-04-02T14:39:28+00:00\",\"description\":\"Atelier \u00e0 destination des femmes immigr\u00e9esUne dizaine de b\u00e9n\u00e9voles accompagnent une vingtaine de femmes ayant besoin d'un soutien en fran\u00e7ais, au del\u00e0 de la langue, cet atelier permet de cr\u00e9er du lien social.\",\"breadcrumb\":{\"@id\":\"https:\\\/\\\/asti71.org\\\/index.php\\\/nos-actions\\\/latelier-femmes-du-monde\\\/#breadcrumb\"},\"inLanguage\":\"fr-FR\",\"potentialAction\":[{\"@type\":\"ReadAction\",\"target\":[\"https:\\\/\\\/asti71.org\\\/index.php\\\/nos-actions\\\/latelier-femmes-du-monde\\\/\"]}]},{\"@type\":\"ImageObject\",\"inLanguage\":\"fr-FR\",\"@id\":\"https:\\\/\\\/asti71.org\\\/index.php\\\/nos-actions\\\/latelier-femmes-du-monde\\\/#primaryimage\",\"url\":\"https:\\\/\\\/asti71.org\\\/wp-content\\\/uploads\\\/2022\\\/04\\\/20211123112053_IMG_5031-scaled.jpg\",\"contentUrl\":\"https:\\\/\\\/asti71.org\\\/wp-content\\\/uploads\\\/2022\\\/04\\\/20211123112053_IMG_5031-scaled.jpg\",\"width\":2560,\"height\":1920},{\"@type\":\"BreadcrumbList\",\"@id\":\"https:\\\/\\\/asti71.org\\\/index.php\\\/nos-actions\\\/latelier-femmes-du-monde\\\/#breadcrumb\",\"itemListElement\":[{\"@type\":\"ListItem\",\"position\":1,\"name\":\"Accueil\",\"item\":\"https:\\\/\\\/asti71.org\\\/\"},{\"@type\":\"ListItem\",\"position\":2,\"name\":\"Nos actions\",\"item\":\"https:\\\/\\\/asti71.org\\\/index.php\\\/nos-actions\\\/\"},{\"@type\":\"ListItem\",\"position\":3,\"name\":\"Femmes du monde\"}]},{\"@type\":\"WebSite\",\"@id\":\"https:\\\/\\\/asti71.org\\\/#website\",\"url\":\"https:\\\/\\\/asti71.org\\\/\",\"name\":\"ASTI 71\",\"description\":\"\",\"publisher\":{\"@id\":\"https:\\\/\\\/asti71.org\\\/#organization\"},\"potentialAction\":[{\"@type\":\"SearchAction\",\"target\":{\"@type\":\"EntryPoint\",\"urlTemplate\":\"https:\\\/\\\/asti71.org\\\/?s={search_term_string}\"},\"query-input\":{\"@type\":\"PropertyValueSpecification\",\"valueRequired\":true,\"valueName\":\"search_term_string\"}}],\"inLanguage\":\"fr-FR\"},{\"@type\":\"Organization\",\"@id\":\"https:\\\/\\\/asti71.org\\\/#organization\",\"name\":\"ASTI 71\",\"url\":\"https:\\\/\\\/asti71.org\\\/\",\"logo\":{\"@type\":\"ImageObject\",\"inLanguage\":\"fr-FR\",\"@id\":\"https:\\\/\\\/asti71.org\\\/#\\\/schema\\\/logo\\\/image\\\/\",\"url\":\"https:\\\/\\\/asti71.org\\\/wp-content\\\/uploads\\\/2017\\\/10\\\/cropped-logo-e1508600698583.png\",\"contentUrl\":\"https:\\\/\\\/asti71.org\\\/wp-content\\\/uploads\\\/2017\\\/10\\\/cropped-logo-e1508600698583.png\",\"width\":100,\"height\":67,\"caption\":\"ASTI 71\"},\"image\":{\"@id\":\"https:\\\/\\\/asti71.org\\\/#\\\/schema\\\/logo\\\/image\\\/\"},\"sameAs\":[\"https:\\\/\\\/www.facebook.com\\\/asti.chalon\\\/\"]}]}<\/script>\n<!-- \/ Yoast SEO plugin. -->","yoast_head_json":{"title":"Femmes du monde - ASTI 71","description":"Atelier \u00e0 destination des femmes immigr\u00e9esUne dizaine de b\u00e9n\u00e9voles accompagnent une vingtaine de femmes ayant besoin d'un soutien en fran\u00e7ais, au del\u00e0 de la langue, cet atelier permet de cr\u00e9er du lien social.","robots":{"index":"index","follow":"follow","max-snippet":"max-snippet:-1","max-image-preview":"max-image-preview:large","max-video-preview":"max-video-preview:-1"},"canonical":"https:\/\/asti71.org\/index.php\/nos-actions\/latelier-femmes-du-monde\/","og_locale":"fr_FR","og_type":"article","og_title":"Femmes du monde - ASTI 71","og_description":"Atelier \u00e0 destination des femmes immigr\u00e9esUne dizaine de b\u00e9n\u00e9voles accompagnent une vingtaine de femmes ayant besoin d'un soutien en fran\u00e7ais, au del\u00e0 de la langue, cet atelier permet de cr\u00e9er du lien social.","og_url":"https:\/\/asti71.org\/index.php\/nos-actions\/latelier-femmes-du-monde\/","og_site_name":"ASTI 71","article_publisher":"https:\/\/www.facebook.com\/asti.chalon\/","article_modified_time":"2026-04-02T14:39:28+00:00","og_image":[{"width":2560,"height":1920,"url":"https:\/\/asti71.org\/wp-content\/uploads\/2022\/04\/20211123112053_IMG_5031-scaled.jpg","type":"image\/jpeg"}],"twitter_card":"summary_large_image","twitter_misc":{"Dur\u00e9e de lecture estim\u00e9e":"2 minutes"},"schema":{"@context":"https:\/\/schema.org","@graph":[{"@type":"WebPage","@id":"https:\/\/asti71.org\/index.php\/nos-actions\/latelier-femmes-du-monde\/","url":"https:\/\/asti71.org\/index.php\/nos-actions\/latelier-femmes-du-monde\/","name":"Femmes du monde - ASTI 71","isPartOf":{"@id":"https:\/\/asti71.org\/#website"},"primaryImageOfPage":{"@id":"https:\/\/asti71.org\/index.php\/nos-actions\/latelier-femmes-du-monde\/#primaryimage"},"image":{"@id":"https:\/\/asti71.org\/index.php\/nos-actions\/latelier-femmes-du-monde\/#primaryimage"},"thumbnailUrl":"https:\/\/asti71.org\/wp-content\/uploads\/2022\/04\/20211123112053_IMG_5031-300x225.jpg","datePublished":"2017-08-17T08:53:33+00:00","dateModified":"2026-04-02T14:39:28+00:00","description":"Atelier \u00e0 destination des femmes immigr\u00e9esUne dizaine de b\u00e9n\u00e9voles accompagnent une vingtaine de femmes ayant besoin d'un soutien en fran\u00e7ais, au del\u00e0 de la langue, cet atelier permet de cr\u00e9er du lien social.","breadcrumb":{"@id":"https:\/\/asti71.org\/index.php\/nos-actions\/latelier-femmes-du-monde\/#breadcrumb"},"inLanguage":"fr-FR","potentialAction":[{"@type":"ReadAction","target":["https:\/\/asti71.org\/index.php\/nos-actions\/latelier-femmes-du-monde\/"]}]},{"@type":"ImageObject","inLanguage":"fr-FR","@id":"https:\/\/asti71.org\/index.php\/nos-actions\/latelier-femmes-du-monde\/#primaryimage","url":"https:\/\/asti71.org\/wp-content\/uploads\/2022\/04\/20211123112053_IMG_5031-scaled.jpg","contentUrl":"https:\/\/asti71.org\/wp-content\/uploads\/2022\/04\/20211123112053_IMG_5031-scaled.jpg","width":2560,"height":1920},{"@type":"BreadcrumbList","@id":"https:\/\/asti71.org\/index.php\/nos-actions\/latelier-femmes-du-monde\/#breadcrumb","itemListElement":[{"@type":"ListItem","position":1,"name":"Accueil","item":"https:\/\/asti71.org\/"},{"@type":"ListItem","position":2,"name":"Nos actions","item":"https:\/\/asti71.org\/index.php\/nos-actions\/"},{"@type":"ListItem","position":3,"name":"Femmes du monde"}]},{"@type":"WebSite","@id":"https:\/\/asti71.org\/#website","url":"https:\/\/asti71.org\/","name":"ASTI 71","description":"","publisher":{"@id":"https:\/\/asti71.org\/#organization"},"potentialAction":[{"@type":"SearchAction","target":{"@type":"EntryPoint","urlTemplate":"https:\/\/asti71.org\/?s={search_term_string}"},"query-input":{"@type":"PropertyValueSpecification","valueRequired":true,"valueName":"search_term_string"}}],"inLanguage":"fr-FR"},{"@type":"Organization","@id":"https:\/\/asti71.org\/#organization","name":"ASTI 71","url":"https:\/\/asti71.org\/","logo":{"@type":"ImageObject","inLanguage":"fr-FR","@id":"https:\/\/asti71.org\/#\/schema\/logo\/image\/","url":"https:\/\/asti71.org\/wp-content\/uploads\/2017\/10\/cropped-logo-e1508600698583.png","contentUrl":"https:\/\/asti71.org\/wp-content\/uploads\/2017\/10\/cropped-logo-e1508600698583.png","width":100,"height":67,"caption":"ASTI 71"},"image":{"@id":"https:\/\/asti71.org\/#\/schema\/logo\/image\/"},"sameAs":["https:\/\/www.facebook.com\/asti.chalon\/"]}]}},"_links":{"self":[{"href":"https:\/\/asti71.org\/index.php\/wp-json\/wp\/v2\/pages\/55","targetHints":{"allow":["GET"]}}],"collection":[{"href":"https:\/\/asti71.org\/index.php\/wp-json\/wp\/v2\/pages"}],"about":[{"href":"https:\/\/asti71.org\/index.php\/wp-json\/wp\/v2\/types\/page"}],"author":[{"embeddable":true,"href":"https:\/\/asti71.org\/index.php\/wp-json\/wp\/v2\/users\/1"}],"replies":[{"embeddable":true,"href":"https:\/\/asti71.org\/index.php\/wp-json\/wp\/v2\/comments?post=55"}],"version-history":[{"count":12,"href":"https:\/\/asti71.org\/index.php\/wp-json\/wp\/v2\/pages\/55\/revisions"}],"predecessor-version":[{"id":2533,"href":"https:\/\/asti71.org\/index.php\/wp-json\/wp\/v2\/pages\/55\/revisions\/2533"}],"up":[{"embeddable":true,"href":"https:\/\/asti71.org\/index.php\/wp-json\/wp\/v2\/pages\/17"}],"wp:attachment":[{"href":"https:\/\/asti71.org\/index.php\/wp-json\/wp\/v2\/media?parent=55"}],"curies":[{"name":"wp","href":"https:\/\/api.w.org\/{rel}","templated":true}]}}