{"id":59,"date":"2017-08-17T10:54:19","date_gmt":"2017-08-17T08:54:19","guid":{"rendered":"http:\/\/asti71.org\/?page_id=59"},"modified":"2026-02-04T16:54:02","modified_gmt":"2026-02-04T15:54:02","slug":"hebergement","status":"publish","type":"page","link":"https:\/\/asti71.org\/index.php\/nos-actions\/hebergement\/","title":{"rendered":"H\u00e9bergement"},"content":{"rendered":"<h2><span style=\"font-size: 12pt;\"><span style=\"color: #993300;\"><strong>Attention, l&rsquo;ASTI ne peut pas faire d&rsquo;h\u00e9bergement d&rsquo;urgence. <\/strong><\/span><\/span><\/h2>\n<h2><span style=\"font-size: 12pt;\"><span style=\"color: #993300;\"><strong>Pour un h\u00e9bergement d&rsquo;urgence, il faut appeler le 115 t\u00f4t le matin d\u00e8s 8h.<\/strong><\/span><\/span><\/h2>\n<h2><span style=\"font-family: arial, helvetica, sans-serif; font-size: 14pt;\">L&rsquo;<span class=\"il\">Asti<\/span> h\u00e9berge une centaine de personnes dans une trentaine d&rsquo;appartements sur toute la Sa\u00f4ne et Loire, en majorit\u00e9 \u00e0 Chalon sur Sa\u00f4ne et aux alentours.<\/span><\/h2>\n<div id=\"m_-8284760972004221133m_-512410982133037084yMail_cursorElementTracker_1506886869041\"><span style=\"font-family: arial,helvetica,sans-serif;\">Il y a quelques c\u00e9libataires et une majorit\u00e9 de familles, parfois monoparentale, principalement originaires d&rsquo;Europe centrale et du Caucase. Parmi les personnes h\u00e9berg\u00e9es, beaucoup ont des probl\u00e8mes de sant\u00e9.<\/span><\/div>\n<div id=\"m_-8284760972004221133m_-512410982133037084yMail_cursorElementTracker_1506886935299\"><span style=\"font-family: arial,helvetica,sans-serif;\">\u00a0<\/span><\/div>\n<div id=\"m_-8284760972004221133m_-512410982133037084yMail_cursorElementTracker_1506887024636\"><span style=\"font-family: arial,helvetica,sans-serif;\">Ces h\u00e9bergements se sont mis en place depuis l&rsquo;automne 2015, <\/span><span style=\"font-family: arial,helvetica,sans-serif;\">afin de loger des <a href=\"https:\/\/asti71.org\/index.php\/les-migrants-en-france\/\">migrants<\/a> d\u00e9bout\u00e9s de l&rsquo;asile, expuls\u00e9s de leur foyer,\u00a0<\/span><span style=\"font-family: arial,helvetica,sans-serif;\">pour de leur permettre de faire une demande de titre de s\u00e9jour (car la pr\u00e9fecture exige une adresse personnelle pour \u00e9tudier les demandes de r\u00e9gularisation).<\/span><\/div>\n<div id=\"m_-8284760972004221133m_-512410982133037084yMail_cursorElementTracker_1506887238014\"><span style=\"font-family: arial,helvetica,sans-serif;\">\u00a0<\/span><\/div>\n<div id=\"m_-8284760972004221133m_-512410982133037084yMail_cursorElementTracker_1506887238191\"><span style=\"font-family: arial,helvetica,sans-serif;\">Autour de chaque logement, une \u00e9quipe de <a href=\"https:\/\/asti71.org\/index.php\/agir-avec-nous\/devenir-benevole\/\">b\u00e9n\u00e9voles<\/a> accompagne les h\u00e9berg\u00e9s dans leur quotidien :<\/span><\/div>\n<div id=\"m_-8284760972004221133m_-512410982133037084yMail_cursorElementTracker_1506889510967\"><span style=\"font-family: arial,helvetica,sans-serif;\">scolarit\u00e9 des enfants, apprentissage du fran\u00e7ais pour les parents, activit\u00e9s diverses et vari\u00e9es, sant\u00e9, alimentation&#8230;<\/span><\/div>\n<div id=\"m_-8284760972004221133m_-512410982133037084yMail_cursorElementTracker_1506889318506\"><span style=\"font-family: arial,helvetica,sans-serif;\">\u00c0 chaque fois, entre les uns et les autres, c&rsquo;est une histoire forte qui s&rsquo;\u00e9crit, avec ses difficult\u00e9s parfois et une grande fraternit\u00e9 surtout.<\/span><\/div>\n<div id=\"m_-8284760972004221133m_-512410982133037084yMail_cursorElementTracker_1506889506095\"><span style=\"font-family: arial,helvetica,sans-serif;\">\u00a0<\/span><\/div>\n<div id=\"m_-8284760972004221133m_-512410982133037084yMail_cursorElementTracker_1506887511629\"><span style=\"font-family: arial,helvetica,sans-serif;\">Pour ces migrants un retour au pays est inenvisageable et l&rsquo;objectif de l&rsquo;<span class=\"il\">Asti<\/span> est de travailler \u00e0 leur int\u00e9gration, \u00e0 la r\u00e9gularisation de leur situation administrative (c&rsquo;est-\u00e0-dire leur acc\u00e8s au droit travail) et de les accompagner vers l&rsquo;autonomie.<\/span><\/div>\n<div><\/div>\n<div><span style=\"font-family: arial, helvetica, sans-serif;\">Il nous est bien s\u00fbr malheureusement impossible d&rsquo;h\u00e9berger toutes les personnes qui en ont besoin.<\/span><\/div>\n<div><\/div>\n<div><span style=\"font-family: arial, helvetica, sans-serif;\">Une commission h\u00e9bergement se r\u00e9unie tous les 2-3 mois afin d&rsquo;\u00e9tudier les demandes et de faire les points sur les besoins des personnes h\u00e9berg\u00e9es.<\/span><\/div>\n<div><span style=\"font-family: arial, helvetica, sans-serif;\">Des parrainages &#8211; des donateurs qui s&rsquo;engagent \u00e0 financer le temps de l&rsquo;h\u00e9bergement le co\u00fbt du logement &#8211; sont n\u00e9cessaires afin de mettre en place de nouveaux h\u00e9bergements.<\/span><\/div>\n<div id=\"m_-8284760972004221133m_-512410982133037084yMail_cursorElementTracker_1506889037920\"><\/div>\n<h2 id=\"m_-8284760972004221133m_-512410982133037084yMail_cursorElementTracker_1506887730632\"><span style=\"font-family: arial,helvetica,sans-serif;\">Comment nous aider ?\u00a0<\/span><\/h2>\n<div id=\"m_-8284760972004221133m_-512410982133037084yMail_cursorElementTracker_1506889039978\"><span style=\"font-family: arial,helvetica,sans-serif;\">Ces logements sont financ\u00e9s par des dons priv\u00e9s donc un soutien financier de votre part est toujours bienvenu. Rejoignez la page <a href=\"http:\/\/asti71.org\/index.php\/nous-soutenir\/faire-un-don-financier\/\">Faire un don financier.<\/a><br \/>\n<\/span><\/div>\n<div><span style=\"font-family: arial, helvetica, sans-serif;\">Nous pouvons avoir besoin de <a href=\"https:\/\/asti71.org\/index.php\/nous-soutenir\/dons-de-materiel\/\">mobilier ou d&rsquo;appareils \u00e9lectrom\u00e9nagers <u>en bon \u00e9tat<\/u><\/a>, de vos qualit\u00e9s de plombier ou d&rsquo;\u00e9lectricien, de vos propositions de sorties pour les h\u00e9berg\u00e9s, surtout si ces activit\u00e9s permettent le partage, la rencontre (sortie \u00e0 la campagne, au mus\u00e9e, autour du lac ou toute autre id\u00e9e qui sera la bienvenue).<\/span><\/div>\n<div><\/div>\n<div>\n<p><span style=\"font-family: arial, helvetica, sans-serif;\">Vous souhaitez rejoindre notre \u00e9quipe de b\u00e9n\u00e9voles, ou simplement leur poser une question, prenez contact avec nous.<\/span><\/p>\n<\/div>\n<div><span style=\"font-family: arial, helvetica, sans-serif;\">\n<div class=\"wpcf7 no-js\" id=\"wpcf7-f585-o1\" lang=\"fr-FR\" dir=\"ltr\" data-wpcf7-id=\"585\">\n<div class=\"screen-reader-response\"><p role=\"status\" aria-live=\"polite\" aria-atomic=\"true\"><\/p> <ul><\/ul><\/div>\n<form action=\"\/index.php\/wp-json\/wp\/v2\/pages\/59#wpcf7-f585-o1\" method=\"post\" class=\"wpcf7-form init\" aria-label=\"Formulaire de contact\" novalidate=\"novalidate\" data-status=\"init\">\n<fieldset class=\"hidden-fields-container\"><input type=\"hidden\" name=\"_wpcf7\" value=\"585\" \/><input type=\"hidden\" name=\"_wpcf7_version\" value=\"6.1.5\" \/><input type=\"hidden\" name=\"_wpcf7_locale\" value=\"fr_FR\" \/><input type=\"hidden\" name=\"_wpcf7_unit_tag\" value=\"wpcf7-f585-o1\" \/><input type=\"hidden\" name=\"_wpcf7_container_post\" value=\"0\" \/><input type=\"hidden\" name=\"_wpcf7_posted_data_hash\" value=\"\" \/><input type=\"hidden\" name=\"_wpcf7cf_hidden_group_fields\" value=\"[]\" \/><input type=\"hidden\" name=\"_wpcf7cf_hidden_groups\" value=\"[]\" \/><input type=\"hidden\" name=\"_wpcf7cf_visible_groups\" value=\"[]\" \/><input type=\"hidden\" name=\"_wpcf7cf_repeaters\" value=\"[]\" \/><input type=\"hidden\" name=\"_wpcf7cf_steps\" value=\"{}\" \/><input type=\"hidden\" name=\"_wpcf7cf_options\" value=\"{&quot;form_id&quot;:585,&quot;conditions&quot;:[],&quot;settings&quot;:{&quot;animation&quot;:&quot;yes&quot;,&quot;animation_intime&quot;:200,&quot;animation_outtime&quot;:200,&quot;conditions_ui&quot;:&quot;normal&quot;,&quot;notice_dismissed&quot;:false,&quot;notice_dismissed_update-cf7-5.8&quot;:true,&quot;notice_dismissed_update-cf7-5.8.2&quot;:true}}\" \/><input type=\"hidden\" name=\"_wpcf7_recaptcha_response\" value=\"\" \/>\n<\/fieldset>\n<p><label> Votre nom (obligatoire)<br \/>\n<span class=\"wpcf7-form-control-wrap\" data-name=\"your-name\"><input size=\"40\" maxlength=\"400\" class=\"wpcf7-form-control wpcf7-text wpcf7-validates-as-required\" aria-required=\"true\" aria-invalid=\"false\" value=\"\" type=\"text\" name=\"your-name\" \/><\/span> <\/label>\n<\/p>\n<p><label> Votre adresse de messagerie (obligatoire)<br \/>\n<span class=\"wpcf7-form-control-wrap\" data-name=\"your-email\"><input size=\"40\" maxlength=\"400\" class=\"wpcf7-form-control wpcf7-email wpcf7-validates-as-required wpcf7-text wpcf7-validates-as-email\" aria-required=\"true\" aria-invalid=\"false\" value=\"\" type=\"email\" name=\"your-email\" \/><\/span> <\/label>\n<\/p>\n<p><label> Objet<br \/>\n<span class=\"wpcf7-form-control-wrap\" data-name=\"your-subject\"><input size=\"40\" maxlength=\"400\" class=\"wpcf7-form-control wpcf7-text\" aria-invalid=\"false\" value=\"\" type=\"text\" name=\"your-subject\" \/><\/span> <\/label>\n<\/p>\n<p><label> Votre message<br \/>\n<span class=\"wpcf7-form-control-wrap\" data-name=\"your-message\"><textarea cols=\"40\" rows=\"10\" maxlength=\"2000\" class=\"wpcf7-form-control wpcf7-textarea\" aria-invalid=\"false\" name=\"your-message\"><\/textarea><\/span> <\/label>\n<\/p>\n<p><input class=\"wpcf7-form-control wpcf7-submit has-spinner\" type=\"submit\" value=\"Envoyer\" \/>\n<\/p><p style=\"display: none !important;\" class=\"akismet-fields-container\" data-prefix=\"_wpcf7_ak_\"><label>&#916;<textarea name=\"_wpcf7_ak_hp_textarea\" cols=\"45\" rows=\"8\" maxlength=\"100\"><\/textarea><\/label><input type=\"hidden\" id=\"ak_js_1\" name=\"_wpcf7_ak_js\" value=\"116\"\/><script>document.getElementById( \"ak_js_1\" ).setAttribute( \"value\", ( new Date() ).getTime() );<\/script><\/p><div class=\"wpcf7-response-output\" aria-hidden=\"true\"><\/div>\n<\/form>\n<\/div>\n<\/span><\/div>\n<p>&nbsp;<\/p>\n<div id=\"m_-8284760972004221133m_-512410982133037084yMail_cursorElementTracker_1506887439698\"><span style=\"font-family: arial,helvetica,sans-serif;\">\u00a0<\/span><\/div>\n","protected":false},"excerpt":{"rendered":"<p>Attention, l&rsquo;ASTI ne peut pas faire d&rsquo;h\u00e9bergement d&rsquo;urgence. Pour un h\u00e9bergement d&rsquo;urgence, il faut appeler le 115 t\u00f4t le matin d\u00e8s 8h. L&rsquo;Asti h\u00e9berge une centaine de personnes dans une trentaine d&rsquo;appartements sur toute la Sa\u00f4ne et Loire, en majorit\u00e9 \u00e0 Chalon sur Sa\u00f4ne et aux alentours. Il y a quelques c\u00e9libataires et une majorit\u00e9 [&hellip;]<\/p>\n","protected":false},"author":1,"featured_media":0,"parent":17,"menu_order":0,"comment_status":"closed","ping_status":"closed","template":"","meta":{"footnotes":""},"class_list":["post-59","page","type-page","status-publish","hentry"],"yoast_head":"<!-- This site is optimized with the Yoast SEO plugin v27.3 - https:\/\/yoast.com\/product\/yoast-seo-wordpress\/ -->\n<title>H\u00e9bergement - ASTI 71<\/title>\n<meta name=\"description\" content=\"Asti h\u00e9berge une centaine de personnes.Attention, l&#039;ASTI ne peut pas faire d&#039;h\u00e9bergement d&#039;urgence.Pour un h\u00e9bergement d&#039;urgence, il faut appeler le 115.\" \/>\n<meta name=\"robots\" content=\"index, follow, max-snippet:-1, max-image-preview:large, max-video-preview:-1\" \/>\n<link rel=\"canonical\" href=\"https:\/\/asti71.org\/index.php\/nos-actions\/hebergement\/\" \/>\n<meta property=\"og:locale\" content=\"fr_FR\" \/>\n<meta property=\"og:type\" content=\"article\" \/>\n<meta property=\"og:title\" content=\"H\u00e9bergement - ASTI 71\" \/>\n<meta property=\"og:description\" content=\"Asti h\u00e9berge une centaine de personnes.Attention, l&#039;ASTI ne peut pas faire d&#039;h\u00e9bergement d&#039;urgence.Pour un h\u00e9bergement d&#039;urgence, il faut appeler le 115.\" \/>\n<meta property=\"og:url\" content=\"https:\/\/asti71.org\/index.php\/nos-actions\/hebergement\/\" \/>\n<meta property=\"og:site_name\" content=\"ASTI 71\" \/>\n<meta property=\"article:publisher\" content=\"https:\/\/www.facebook.com\/asti.chalon\/\" \/>\n<meta property=\"article:modified_time\" content=\"2026-02-04T15:54:02+00:00\" \/>\n<meta name=\"twitter:card\" content=\"summary_large_image\" \/>\n<meta name=\"twitter:label1\" content=\"Dur\u00e9e de lecture estim\u00e9e\" \/>\n\t<meta name=\"twitter:data1\" content=\"2 minutes\" \/>\n<script type=\"application\/ld+json\" class=\"yoast-schema-graph\">{\"@context\":\"https:\\\/\\\/schema.org\",\"@graph\":[{\"@type\":\"WebPage\",\"@id\":\"https:\\\/\\\/asti71.org\\\/index.php\\\/nos-actions\\\/hebergement\\\/\",\"url\":\"https:\\\/\\\/asti71.org\\\/index.php\\\/nos-actions\\\/hebergement\\\/\",\"name\":\"H\u00e9bergement - ASTI 71\",\"isPartOf\":{\"@id\":\"https:\\\/\\\/asti71.org\\\/#website\"},\"datePublished\":\"2017-08-17T08:54:19+00:00\",\"dateModified\":\"2026-02-04T15:54:02+00:00\",\"description\":\"Asti h\u00e9berge une centaine de personnes.Attention, l'ASTI ne peut pas faire d'h\u00e9bergement d'urgence.Pour un h\u00e9bergement d'urgence, il faut appeler le 115.\",\"breadcrumb\":{\"@id\":\"https:\\\/\\\/asti71.org\\\/index.php\\\/nos-actions\\\/hebergement\\\/#breadcrumb\"},\"inLanguage\":\"fr-FR\",\"potentialAction\":[{\"@type\":\"ReadAction\",\"target\":[\"https:\\\/\\\/asti71.org\\\/index.php\\\/nos-actions\\\/hebergement\\\/\"]}]},{\"@type\":\"BreadcrumbList\",\"@id\":\"https:\\\/\\\/asti71.org\\\/index.php\\\/nos-actions\\\/hebergement\\\/#breadcrumb\",\"itemListElement\":[{\"@type\":\"ListItem\",\"position\":1,\"name\":\"Accueil\",\"item\":\"https:\\\/\\\/asti71.org\\\/\"},{\"@type\":\"ListItem\",\"position\":2,\"name\":\"Nos actions\",\"item\":\"https:\\\/\\\/asti71.org\\\/index.php\\\/nos-actions\\\/\"},{\"@type\":\"ListItem\",\"position\":3,\"name\":\"H\u00e9bergement\"}]},{\"@type\":\"WebSite\",\"@id\":\"https:\\\/\\\/asti71.org\\\/#website\",\"url\":\"https:\\\/\\\/asti71.org\\\/\",\"name\":\"ASTI 71\",\"description\":\"\",\"publisher\":{\"@id\":\"https:\\\/\\\/asti71.org\\\/#organization\"},\"potentialAction\":[{\"@type\":\"SearchAction\",\"target\":{\"@type\":\"EntryPoint\",\"urlTemplate\":\"https:\\\/\\\/asti71.org\\\/?s={search_term_string}\"},\"query-input\":{\"@type\":\"PropertyValueSpecification\",\"valueRequired\":true,\"valueName\":\"search_term_string\"}}],\"inLanguage\":\"fr-FR\"},{\"@type\":\"Organization\",\"@id\":\"https:\\\/\\\/asti71.org\\\/#organization\",\"name\":\"ASTI 71\",\"url\":\"https:\\\/\\\/asti71.org\\\/\",\"logo\":{\"@type\":\"ImageObject\",\"inLanguage\":\"fr-FR\",\"@id\":\"https:\\\/\\\/asti71.org\\\/#\\\/schema\\\/logo\\\/image\\\/\",\"url\":\"https:\\\/\\\/asti71.org\\\/wp-content\\\/uploads\\\/2017\\\/10\\\/cropped-logo-e1508600698583.png\",\"contentUrl\":\"https:\\\/\\\/asti71.org\\\/wp-content\\\/uploads\\\/2017\\\/10\\\/cropped-logo-e1508600698583.png\",\"width\":100,\"height\":67,\"caption\":\"ASTI 71\"},\"image\":{\"@id\":\"https:\\\/\\\/asti71.org\\\/#\\\/schema\\\/logo\\\/image\\\/\"},\"sameAs\":[\"https:\\\/\\\/www.facebook.com\\\/asti.chalon\\\/\"]}]}<\/script>\n<!-- \/ Yoast SEO plugin. -->","yoast_head_json":{"title":"H\u00e9bergement - ASTI 71","description":"Asti h\u00e9berge une centaine de personnes.Attention, l'ASTI ne peut pas faire d'h\u00e9bergement d'urgence.Pour un h\u00e9bergement d'urgence, il faut appeler le 115.","robots":{"index":"index","follow":"follow","max-snippet":"max-snippet:-1","max-image-preview":"max-image-preview:large","max-video-preview":"max-video-preview:-1"},"canonical":"https:\/\/asti71.org\/index.php\/nos-actions\/hebergement\/","og_locale":"fr_FR","og_type":"article","og_title":"H\u00e9bergement - ASTI 71","og_description":"Asti h\u00e9berge une centaine de personnes.Attention, l'ASTI ne peut pas faire d'h\u00e9bergement d'urgence.Pour un h\u00e9bergement d'urgence, il faut appeler le 115.","og_url":"https:\/\/asti71.org\/index.php\/nos-actions\/hebergement\/","og_site_name":"ASTI 71","article_publisher":"https:\/\/www.facebook.com\/asti.chalon\/","article_modified_time":"2026-02-04T15:54:02+00:00","twitter_card":"summary_large_image","twitter_misc":{"Dur\u00e9e de lecture estim\u00e9e":"2 minutes"},"schema":{"@context":"https:\/\/schema.org","@graph":[{"@type":"WebPage","@id":"https:\/\/asti71.org\/index.php\/nos-actions\/hebergement\/","url":"https:\/\/asti71.org\/index.php\/nos-actions\/hebergement\/","name":"H\u00e9bergement - ASTI 71","isPartOf":{"@id":"https:\/\/asti71.org\/#website"},"datePublished":"2017-08-17T08:54:19+00:00","dateModified":"2026-02-04T15:54:02+00:00","description":"Asti h\u00e9berge une centaine de personnes.Attention, l'ASTI ne peut pas faire d'h\u00e9bergement d'urgence.Pour un h\u00e9bergement d'urgence, il faut appeler le 115.","breadcrumb":{"@id":"https:\/\/asti71.org\/index.php\/nos-actions\/hebergement\/#breadcrumb"},"inLanguage":"fr-FR","potentialAction":[{"@type":"ReadAction","target":["https:\/\/asti71.org\/index.php\/nos-actions\/hebergement\/"]}]},{"@type":"BreadcrumbList","@id":"https:\/\/asti71.org\/index.php\/nos-actions\/hebergement\/#breadcrumb","itemListElement":[{"@type":"ListItem","position":1,"name":"Accueil","item":"https:\/\/asti71.org\/"},{"@type":"ListItem","position":2,"name":"Nos actions","item":"https:\/\/asti71.org\/index.php\/nos-actions\/"},{"@type":"ListItem","position":3,"name":"H\u00e9bergement"}]},{"@type":"WebSite","@id":"https:\/\/asti71.org\/#website","url":"https:\/\/asti71.org\/","name":"ASTI 71","description":"","publisher":{"@id":"https:\/\/asti71.org\/#organization"},"potentialAction":[{"@type":"SearchAction","target":{"@type":"EntryPoint","urlTemplate":"https:\/\/asti71.org\/?s={search_term_string}"},"query-input":{"@type":"PropertyValueSpecification","valueRequired":true,"valueName":"search_term_string"}}],"inLanguage":"fr-FR"},{"@type":"Organization","@id":"https:\/\/asti71.org\/#organization","name":"ASTI 71","url":"https:\/\/asti71.org\/","logo":{"@type":"ImageObject","inLanguage":"fr-FR","@id":"https:\/\/asti71.org\/#\/schema\/logo\/image\/","url":"https:\/\/asti71.org\/wp-content\/uploads\/2017\/10\/cropped-logo-e1508600698583.png","contentUrl":"https:\/\/asti71.org\/wp-content\/uploads\/2017\/10\/cropped-logo-e1508600698583.png","width":100,"height":67,"caption":"ASTI 71"},"image":{"@id":"https:\/\/asti71.org\/#\/schema\/logo\/image\/"},"sameAs":["https:\/\/www.facebook.com\/asti.chalon\/"]}]}},"_links":{"self":[{"href":"https:\/\/asti71.org\/index.php\/wp-json\/wp\/v2\/pages\/59","targetHints":{"allow":["GET"]}}],"collection":[{"href":"https:\/\/asti71.org\/index.php\/wp-json\/wp\/v2\/pages"}],"about":[{"href":"https:\/\/asti71.org\/index.php\/wp-json\/wp\/v2\/types\/page"}],"author":[{"embeddable":true,"href":"https:\/\/asti71.org\/index.php\/wp-json\/wp\/v2\/users\/1"}],"replies":[{"embeddable":true,"href":"https:\/\/asti71.org\/index.php\/wp-json\/wp\/v2\/comments?post=59"}],"version-history":[{"count":19,"href":"https:\/\/asti71.org\/index.php\/wp-json\/wp\/v2\/pages\/59\/revisions"}],"predecessor-version":[{"id":2292,"href":"https:\/\/asti71.org\/index.php\/wp-json\/wp\/v2\/pages\/59\/revisions\/2292"}],"up":[{"embeddable":true,"href":"https:\/\/asti71.org\/index.php\/wp-json\/wp\/v2\/pages\/17"}],"wp:attachment":[{"href":"https:\/\/asti71.org\/index.php\/wp-json\/wp\/v2\/media?parent=59"}],"curies":[{"name":"wp","href":"https:\/\/api.w.org\/{rel}","templated":true}]}}