{"id":65,"date":"2017-08-17T10:56:43","date_gmt":"2017-08-17T08:56:43","guid":{"rendered":"http:\/\/asti71.org\/?page_id=65"},"modified":"2023-10-30T17:18:39","modified_gmt":"2023-10-30T16:18:39","slug":"faire-un-don-financier","status":"publish","type":"page","link":"https:\/\/asti71.org\/index.php\/nous-soutenir\/faire-un-don-financier\/","title":{"rendered":"Faire un don financier"},"content":{"rendered":"<h2><span style=\"font-family: arial,helvetica,sans-serif;\">En faisant un don, vous devenez un maillon important de la vie des personnes h\u00e9berg\u00e9es par l&rsquo;ASTI 71. <\/span><\/h2>\n<p><span style=\"font-family: arial, helvetica, sans-serif;\">Parce que chaque don compte, parce que votre geste fera la diff\u00e9rence, participez maintenant du montant que vous souhaitez.<\/span><\/p>\n<p align=\"justify\"><span style=\"font-family: arial, helvetica, sans-serif;\">Les dons servent \u00e0 soutenir les personnes dans le cadre de nos actions :<\/span><\/p>\n<ul>\n<li><span style=\"font-family: arial, helvetica, sans-serif;\"> h\u00e9bergement temporaire de familles ou personnes isol\u00e9es faute de places disponibles dans les dispositifs existants<\/span><\/li>\n<li><span style=\"font-family: arial, helvetica, sans-serif;\"> accompagnement \u00e0 la scolarit\u00e9, d\u00e9couvertes culturelles, pour les primaires et les coll\u00e9giens<\/span><\/li>\n<li><span style=\"font-family: arial, helvetica, sans-serif;\"> apprentissage du fran\u00e7ais et d\u00e9couverte des valeurs de la R\u00e9publique pour des adultes<\/span><\/li>\n<li><span style=\"font-family: arial, helvetica, sans-serif;\"> soutien aux d\u00e9marches juridiques et administratives<\/span><\/li>\n<li><span style=\"font-family: arial, helvetica, sans-serif;\"> aide \u00e0 l&rsquo;insertion professionnelle<\/span><\/li>\n<\/ul>\n<p align=\"justify\"><span style=\"font-family: arial, helvetica, sans-serif;\">L\u2019ASTI 71 est une Association reconnue d\u2019int\u00e9r\u00eat g\u00e9n\u00e9ral et favorise le logement de personnes en difficult\u00e9 :<\/span><\/p>\n<ul>\n<li><span style=\"font-family: arial, helvetica, sans-serif;\">Pour les particuliers,\u00a0r\u00e9duction d&rsquo;imp\u00f4t \u00e9gale \u00e0 75 % du montant de votre don, dans la limite de 1 000 \u20ac de don par an. Au del\u00e0, la r\u00e9duction est de 66 % du montant du don dans la limite de 20 % de votre revenu net imposable, avec possibilit\u00e9 de report de l&rsquo;exc\u00e9dent sur un total de 5 ans.<\/span><\/li>\n<li><span style=\"font-family: arial, helvetica, sans-serif;\">Pour les entreprises, r\u00e9duction d\u2019imp\u00f4t sur les soci\u00e9t\u00e9s de 60 % du montant de ces versements, plafonn\u00e9e \u00e0 20 000 \u20ac ou 5 \u2030 (5 pour mille) du chiffre d&rsquo;affaires annuel hors taxe de l\u2019entreprise. En cas de d\u00e9passement de plafond, l&rsquo;exc\u00e9dent est reportable sur les 5 exercices suivants.<\/span><\/li>\n<\/ul>\n<p align=\"justify\"><span style=\"font-family: arial, helvetica, sans-serif;\">Vous pouvez faire un don mensuel et r\u00e9gulier ou un don ponctuel en cliquant sur le lien suivant <a href=\"https:\/\/www.helloasso.com\/associations\/asti-71\/formulaires\/2\/widget\" target=\"_blank\" rel=\"noopener noreferrer\" data-saferedirecturl=\"https:\/\/www.google.com\/url?q=https:\/\/www.helloasso.com\/associations\/asti-71\/formulaires\/2\/widget&amp;source=gmail&amp;ust=1550134434048000&amp;usg=AFQjCNHLf03bsJ4cq4fRpifNd_NdHJ5cLg\">https:\/\/www.helloasso.com\/<wbr \/>associations\/asti-71\/<wbr \/>formulaires\/2\/widget<\/a><\/span><\/p>\n<p align=\"justify\"><span style=\"font-family: arial, helvetica, sans-serif;\">HelloAsso est notre partenaire. Les paiements en ligne y sont s\u00e9curis\u00e9s. Vous pouvez r\u00e9cup\u00e9rer votre re\u00e7u fiscal directement apr\u00e8s votre don.<\/span><\/p>\n<p><span style=\"font-family: arial, helvetica, sans-serif;\">Il est aussi possible de proc\u00e9der autrement pour ceux qui le souhaitent, vous pouvez envoyer un ch\u00e8que \u00e0\u00a0 ASTI &#8211; BP30258 &#8211; 71106 CHALON SUR SAONE CEDEX ou remplir le formulaire ci-dessous et nous vous enverrons les modalit\u00e9s n\u00e9cessaires pour effectuer un virement. Dans ces deux cas, vous recevrez votre re\u00e7u fiscal en f\u00e9vrier de l&rsquo;ann\u00e9e suivant votre don.<\/span><\/p>\n<p align=\"justify\"><span style=\"font-family: arial, helvetica, sans-serif;\">\u00a0\n<div class=\"wpcf7 no-js\" id=\"wpcf7-f605-o1\" lang=\"fr-FR\" dir=\"ltr\" data-wpcf7-id=\"605\">\n<div class=\"screen-reader-response\"><p role=\"status\" aria-live=\"polite\" aria-atomic=\"true\"><\/p> <ul><\/ul><\/div>\n<form action=\"\/index.php\/wp-json\/wp\/v2\/pages\/65#wpcf7-f605-o1\" method=\"post\" class=\"wpcf7-form init\" aria-label=\"Formulaire de contact\" novalidate=\"novalidate\" data-status=\"init\">\n<fieldset class=\"hidden-fields-container\"><input type=\"hidden\" name=\"_wpcf7\" value=\"605\" \/><input type=\"hidden\" name=\"_wpcf7_version\" value=\"6.1.5\" \/><input type=\"hidden\" name=\"_wpcf7_locale\" value=\"fr_FR\" \/><input type=\"hidden\" name=\"_wpcf7_unit_tag\" value=\"wpcf7-f605-o1\" \/><input type=\"hidden\" name=\"_wpcf7_container_post\" value=\"0\" \/><input type=\"hidden\" name=\"_wpcf7_posted_data_hash\" value=\"\" \/><input type=\"hidden\" name=\"_wpcf7cf_hidden_group_fields\" value=\"[]\" \/><input type=\"hidden\" name=\"_wpcf7cf_hidden_groups\" value=\"[]\" \/><input type=\"hidden\" name=\"_wpcf7cf_visible_groups\" value=\"[]\" \/><input type=\"hidden\" name=\"_wpcf7cf_repeaters\" value=\"[]\" \/><input type=\"hidden\" name=\"_wpcf7cf_steps\" value=\"{}\" \/><input type=\"hidden\" name=\"_wpcf7cf_options\" value=\"{&quot;form_id&quot;:605,&quot;conditions&quot;:[],&quot;settings&quot;:{&quot;animation&quot;:&quot;yes&quot;,&quot;animation_intime&quot;:200,&quot;animation_outtime&quot;:200,&quot;conditions_ui&quot;:&quot;normal&quot;,&quot;notice_dismissed&quot;:false,&quot;notice_dismissed_update-cf7-5.8&quot;:true,&quot;notice_dismissed_update-cf7-5.8.2&quot;:true}}\" \/><input type=\"hidden\" name=\"_wpcf7_recaptcha_response\" value=\"\" \/>\n<\/fieldset>\n<p>Mes coordonn\u00e9es inscrites ci-apr\u00e8s seront automatiquement transmises \u00e0 notre tr\u00e9sorier qui vous enverra les modalit\u00e9s n\u00e9cessaires pour effectuer un virement r\u00e9gulier.\n<\/p>\n<p><label> Votre nom*<br \/>\n<span class=\"wpcf7-form-control-wrap\" data-name=\"your-name\"><input size=\"40\" maxlength=\"400\" class=\"wpcf7-form-control wpcf7-text wpcf7-validates-as-required\" aria-required=\"true\" aria-invalid=\"false\" value=\"\" type=\"text\" name=\"your-name\" \/><\/span> <\/label>\n<\/p>\n<p><label> Votre pr\u00e9nom*<br \/>\n<span class=\"wpcf7-form-control-wrap\" data-name=\"your-firstname\"><input size=\"40\" maxlength=\"400\" class=\"wpcf7-form-control wpcf7-text wpcf7-validates-as-required\" aria-required=\"true\" aria-invalid=\"false\" value=\"\" type=\"text\" name=\"your-firstname\" \/><\/span> <\/label>\n<\/p>\n<p>votre adresse :<br \/>\n<label> Votre rue (n\u00b0 et nom de la voie)*<br \/>\n<span class=\"wpcf7-form-control-wrap\" data-name=\"your-adress\"><input size=\"40\" maxlength=\"400\" class=\"wpcf7-form-control wpcf7-text wpcf7-validates-as-required\" aria-required=\"true\" aria-invalid=\"false\" value=\"\" type=\"text\" name=\"your-adress\" \/><\/span> <\/label>\n<\/p>\n<p><label> Votre code postal*<br \/>\n<span class=\"wpcf7-form-control-wrap\" data-name=\"your-cp\"><input size=\"40\" maxlength=\"400\" class=\"wpcf7-form-control wpcf7-text wpcf7-validates-as-required\" aria-required=\"true\" aria-invalid=\"false\" value=\"\" type=\"text\" name=\"your-cp\" \/><\/span> <\/label>\n<\/p>\n<p><label> Votre ville*<br \/>\n<span class=\"wpcf7-form-control-wrap\" data-name=\"your-ville\"><input size=\"40\" maxlength=\"400\" class=\"wpcf7-form-control wpcf7-text wpcf7-validates-as-required\" aria-required=\"true\" aria-invalid=\"false\" value=\"\" type=\"text\" name=\"your-ville\" \/><\/span> <\/label>\n<\/p>\n<p><label> Votre adresse de messagerie*<br \/>\n<span class=\"wpcf7-form-control-wrap\" data-name=\"your-email\"><input size=\"40\" maxlength=\"400\" class=\"wpcf7-form-control wpcf7-email wpcf7-validates-as-required wpcf7-text wpcf7-validates-as-email\" aria-required=\"true\" aria-invalid=\"false\" value=\"\" type=\"email\" name=\"your-email\" \/><\/span> <\/label>\n<\/p>\n<p>*champs obligatoires\n<\/p>\n<p><span class=\"wpcf7-form-control-wrap\" data-name=\"reu\"><span class=\"wpcf7-form-control wpcf7-radio\"><span class=\"wpcf7-list-item first\"><span class=\"wpcf7-list-item-label\">je souhaite recevoir un re\u00e7u fiscal<\/span><input type=\"radio\" name=\"reu\" value=\"je souhaite recevoir un re\u00e7u fiscal\" checked=\"checked\" \/><\/span><span class=\"wpcf7-list-item last\"><span class=\"wpcf7-list-item-label\">je ne souhaite pas recevoir de re\u00e7u fiscal<\/span><input type=\"radio\" name=\"reu\" value=\"je ne souhaite pas recevoir de re\u00e7u fiscal\" \/><\/span><\/span><\/span>\n<\/p>\n<p><input class=\"wpcf7-form-control wpcf7-submit has-spinner\" type=\"submit\" value=\"Envoyer\" \/>\n<\/p><p style=\"display: none !important;\" class=\"akismet-fields-container\" data-prefix=\"_wpcf7_ak_\"><label>&#916;<textarea name=\"_wpcf7_ak_hp_textarea\" cols=\"45\" rows=\"8\" maxlength=\"100\"><\/textarea><\/label><input type=\"hidden\" id=\"ak_js_1\" name=\"_wpcf7_ak_js\" value=\"71\"\/><script>document.getElementById( \"ak_js_1\" ).setAttribute( \"value\", ( new Date() ).getTime() );<\/script><\/p><div class=\"wpcf7-response-output\" aria-hidden=\"true\"><\/div>\n<\/form>\n<\/div>\n<\/span><\/p>\n","protected":false},"excerpt":{"rendered":"<p>En faisant un don, vous devenez un maillon important de la vie des personnes h\u00e9berg\u00e9es par l&rsquo;ASTI 71. Parce que chaque don compte, parce que votre geste fera la diff\u00e9rence, participez maintenant du montant que vous souhaitez. Les dons servent \u00e0 soutenir les personnes dans le cadre de nos actions : h\u00e9bergement temporaire de familles [&hellip;]<\/p>\n","protected":false},"author":1,"featured_media":0,"parent":20,"menu_order":0,"comment_status":"closed","ping_status":"closed","template":"template-fullwidth.php","meta":{"footnotes":""},"class_list":["post-65","page","type-page","status-publish","hentry"],"yoast_head":"<!-- This site is optimized with the Yoast SEO plugin v27.3 - https:\/\/yoast.com\/product\/yoast-seo-wordpress\/ -->\n<title>Faire un don financier - ASTI 71<\/title>\n<meta name=\"robots\" content=\"index, follow, max-snippet:-1, max-image-preview:large, max-video-preview:-1\" \/>\n<link rel=\"canonical\" href=\"https:\/\/asti71.org\/index.php\/nous-soutenir\/faire-un-don-financier\/\" \/>\n<meta property=\"og:locale\" content=\"fr_FR\" \/>\n<meta property=\"og:type\" content=\"article\" \/>\n<meta property=\"og:title\" content=\"Faire un don financier - ASTI 71\" \/>\n<meta property=\"og:description\" content=\"En faisant un don, vous devenez un maillon important de la vie des personnes h\u00e9berg\u00e9es par l&rsquo;ASTI 71. Parce que chaque don compte, parce que votre geste fera la diff\u00e9rence, participez maintenant du montant que vous souhaitez. Les dons servent \u00e0 soutenir les personnes dans le cadre de nos actions : h\u00e9bergement temporaire de familles [&hellip;]\" \/>\n<meta property=\"og:url\" content=\"https:\/\/asti71.org\/index.php\/nous-soutenir\/faire-un-don-financier\/\" \/>\n<meta property=\"og:site_name\" content=\"ASTI 71\" \/>\n<meta property=\"article:publisher\" content=\"https:\/\/www.facebook.com\/asti.chalon\/\" \/>\n<meta property=\"article:modified_time\" content=\"2023-10-30T16:18:39+00:00\" \/>\n<meta name=\"twitter:card\" content=\"summary_large_image\" \/>\n<meta name=\"twitter:label1\" content=\"Dur\u00e9e de lecture estim\u00e9e\" \/>\n\t<meta name=\"twitter:data1\" content=\"2 minutes\" \/>\n<script type=\"application\/ld+json\" class=\"yoast-schema-graph\">{\"@context\":\"https:\\\/\\\/schema.org\",\"@graph\":[{\"@type\":\"WebPage\",\"@id\":\"https:\\\/\\\/asti71.org\\\/index.php\\\/nous-soutenir\\\/faire-un-don-financier\\\/\",\"url\":\"https:\\\/\\\/asti71.org\\\/index.php\\\/nous-soutenir\\\/faire-un-don-financier\\\/\",\"name\":\"Faire un don financier - ASTI 71\",\"isPartOf\":{\"@id\":\"https:\\\/\\\/asti71.org\\\/#website\"},\"datePublished\":\"2017-08-17T08:56:43+00:00\",\"dateModified\":\"2023-10-30T16:18:39+00:00\",\"breadcrumb\":{\"@id\":\"https:\\\/\\\/asti71.org\\\/index.php\\\/nous-soutenir\\\/faire-un-don-financier\\\/#breadcrumb\"},\"inLanguage\":\"fr-FR\",\"potentialAction\":[{\"@type\":\"ReadAction\",\"target\":[\"https:\\\/\\\/asti71.org\\\/index.php\\\/nous-soutenir\\\/faire-un-don-financier\\\/\"]}]},{\"@type\":\"BreadcrumbList\",\"@id\":\"https:\\\/\\\/asti71.org\\\/index.php\\\/nous-soutenir\\\/faire-un-don-financier\\\/#breadcrumb\",\"itemListElement\":[{\"@type\":\"ListItem\",\"position\":1,\"name\":\"Accueil\",\"item\":\"https:\\\/\\\/asti71.org\\\/\"},{\"@type\":\"ListItem\",\"position\":2,\"name\":\"Nous soutenir\",\"item\":\"https:\\\/\\\/asti71.org\\\/index.php\\\/nous-soutenir\\\/\"},{\"@type\":\"ListItem\",\"position\":3,\"name\":\"Faire un don financier\"}]},{\"@type\":\"WebSite\",\"@id\":\"https:\\\/\\\/asti71.org\\\/#website\",\"url\":\"https:\\\/\\\/asti71.org\\\/\",\"name\":\"ASTI 71\",\"description\":\"\",\"publisher\":{\"@id\":\"https:\\\/\\\/asti71.org\\\/#organization\"},\"potentialAction\":[{\"@type\":\"SearchAction\",\"target\":{\"@type\":\"EntryPoint\",\"urlTemplate\":\"https:\\\/\\\/asti71.org\\\/?s={search_term_string}\"},\"query-input\":{\"@type\":\"PropertyValueSpecification\",\"valueRequired\":true,\"valueName\":\"search_term_string\"}}],\"inLanguage\":\"fr-FR\"},{\"@type\":\"Organization\",\"@id\":\"https:\\\/\\\/asti71.org\\\/#organization\",\"name\":\"ASTI 71\",\"url\":\"https:\\\/\\\/asti71.org\\\/\",\"logo\":{\"@type\":\"ImageObject\",\"inLanguage\":\"fr-FR\",\"@id\":\"https:\\\/\\\/asti71.org\\\/#\\\/schema\\\/logo\\\/image\\\/\",\"url\":\"https:\\\/\\\/asti71.org\\\/wp-content\\\/uploads\\\/2017\\\/10\\\/cropped-logo-e1508600698583.png\",\"contentUrl\":\"https:\\\/\\\/asti71.org\\\/wp-content\\\/uploads\\\/2017\\\/10\\\/cropped-logo-e1508600698583.png\",\"width\":100,\"height\":67,\"caption\":\"ASTI 71\"},\"image\":{\"@id\":\"https:\\\/\\\/asti71.org\\\/#\\\/schema\\\/logo\\\/image\\\/\"},\"sameAs\":[\"https:\\\/\\\/www.facebook.com\\\/asti.chalon\\\/\"]}]}<\/script>\n<!-- \/ Yoast SEO plugin. -->","yoast_head_json":{"title":"Faire un don financier - ASTI 71","robots":{"index":"index","follow":"follow","max-snippet":"max-snippet:-1","max-image-preview":"max-image-preview:large","max-video-preview":"max-video-preview:-1"},"canonical":"https:\/\/asti71.org\/index.php\/nous-soutenir\/faire-un-don-financier\/","og_locale":"fr_FR","og_type":"article","og_title":"Faire un don financier - ASTI 71","og_description":"En faisant un don, vous devenez un maillon important de la vie des personnes h\u00e9berg\u00e9es par l&rsquo;ASTI 71. Parce que chaque don compte, parce que votre geste fera la diff\u00e9rence, participez maintenant du montant que vous souhaitez. Les dons servent \u00e0 soutenir les personnes dans le cadre de nos actions : h\u00e9bergement temporaire de familles [&hellip;]","og_url":"https:\/\/asti71.org\/index.php\/nous-soutenir\/faire-un-don-financier\/","og_site_name":"ASTI 71","article_publisher":"https:\/\/www.facebook.com\/asti.chalon\/","article_modified_time":"2023-10-30T16:18:39+00:00","twitter_card":"summary_large_image","twitter_misc":{"Dur\u00e9e de lecture estim\u00e9e":"2 minutes"},"schema":{"@context":"https:\/\/schema.org","@graph":[{"@type":"WebPage","@id":"https:\/\/asti71.org\/index.php\/nous-soutenir\/faire-un-don-financier\/","url":"https:\/\/asti71.org\/index.php\/nous-soutenir\/faire-un-don-financier\/","name":"Faire un don financier - ASTI 71","isPartOf":{"@id":"https:\/\/asti71.org\/#website"},"datePublished":"2017-08-17T08:56:43+00:00","dateModified":"2023-10-30T16:18:39+00:00","breadcrumb":{"@id":"https:\/\/asti71.org\/index.php\/nous-soutenir\/faire-un-don-financier\/#breadcrumb"},"inLanguage":"fr-FR","potentialAction":[{"@type":"ReadAction","target":["https:\/\/asti71.org\/index.php\/nous-soutenir\/faire-un-don-financier\/"]}]},{"@type":"BreadcrumbList","@id":"https:\/\/asti71.org\/index.php\/nous-soutenir\/faire-un-don-financier\/#breadcrumb","itemListElement":[{"@type":"ListItem","position":1,"name":"Accueil","item":"https:\/\/asti71.org\/"},{"@type":"ListItem","position":2,"name":"Nous soutenir","item":"https:\/\/asti71.org\/index.php\/nous-soutenir\/"},{"@type":"ListItem","position":3,"name":"Faire un don financier"}]},{"@type":"WebSite","@id":"https:\/\/asti71.org\/#website","url":"https:\/\/asti71.org\/","name":"ASTI 71","description":"","publisher":{"@id":"https:\/\/asti71.org\/#organization"},"potentialAction":[{"@type":"SearchAction","target":{"@type":"EntryPoint","urlTemplate":"https:\/\/asti71.org\/?s={search_term_string}"},"query-input":{"@type":"PropertyValueSpecification","valueRequired":true,"valueName":"search_term_string"}}],"inLanguage":"fr-FR"},{"@type":"Organization","@id":"https:\/\/asti71.org\/#organization","name":"ASTI 71","url":"https:\/\/asti71.org\/","logo":{"@type":"ImageObject","inLanguage":"fr-FR","@id":"https:\/\/asti71.org\/#\/schema\/logo\/image\/","url":"https:\/\/asti71.org\/wp-content\/uploads\/2017\/10\/cropped-logo-e1508600698583.png","contentUrl":"https:\/\/asti71.org\/wp-content\/uploads\/2017\/10\/cropped-logo-e1508600698583.png","width":100,"height":67,"caption":"ASTI 71"},"image":{"@id":"https:\/\/asti71.org\/#\/schema\/logo\/image\/"},"sameAs":["https:\/\/www.facebook.com\/asti.chalon\/"]}]}},"_links":{"self":[{"href":"https:\/\/asti71.org\/index.php\/wp-json\/wp\/v2\/pages\/65","targetHints":{"allow":["GET"]}}],"collection":[{"href":"https:\/\/asti71.org\/index.php\/wp-json\/wp\/v2\/pages"}],"about":[{"href":"https:\/\/asti71.org\/index.php\/wp-json\/wp\/v2\/types\/page"}],"author":[{"embeddable":true,"href":"https:\/\/asti71.org\/index.php\/wp-json\/wp\/v2\/users\/1"}],"replies":[{"embeddable":true,"href":"https:\/\/asti71.org\/index.php\/wp-json\/wp\/v2\/comments?post=65"}],"version-history":[{"count":37,"href":"https:\/\/asti71.org\/index.php\/wp-json\/wp\/v2\/pages\/65\/revisions"}],"predecessor-version":[{"id":1871,"href":"https:\/\/asti71.org\/index.php\/wp-json\/wp\/v2\/pages\/65\/revisions\/1871"}],"up":[{"embeddable":true,"href":"https:\/\/asti71.org\/index.php\/wp-json\/wp\/v2\/pages\/20"}],"wp:attachment":[{"href":"https:\/\/asti71.org\/index.php\/wp-json\/wp\/v2\/media?parent=65"}],"curies":[{"name":"wp","href":"https:\/\/api.w.org\/{rel}","templated":true}]}}