{"id":68,"date":"2017-08-17T10:57:01","date_gmt":"2017-08-17T08:57:01","guid":{"rendered":"http:\/\/asti71.org\/?page_id=68"},"modified":"2026-04-02T16:47:06","modified_gmt":"2026-04-02T14:47:06","slug":"don-et-defiscalisation","status":"publish","type":"page","link":"https:\/\/asti71.org\/index.php\/nous-soutenir\/don-et-defiscalisation\/","title":{"rendered":"Don et d\u00e9fiscalisation"},"content":{"rendered":"<p align=\"justify\"><span style=\"font-family: arial, helvetica, sans-serif;\">L\u2019ASTI 71 est une Association reconnue d\u2019int\u00e9r\u00eat g\u00e9n\u00e9ral et favorise le logement de personnes en difficult\u00e9 :<\/span><\/p>\n<ul>\n<li><span style=\"font-family: arial, helvetica, sans-serif;\"><strong>Pour les particuliers<\/strong>,\u00a0r\u00e9duction d&rsquo;imp\u00f4t \u00e9gale \u00e0 75 % du montant de votre don, dans la limite de 1 000 \u20ac de don par an. Au del\u00e0, la r\u00e9duction est de 66 % du montant du don dans la limite de 20 % de votre revenu net imposable, avec possibilit\u00e9 de report de l&rsquo;exc\u00e9dent sur un total de 5 ans.<\/span><\/li>\n<\/ul>\n<p><span style=\"font-family: arial, helvetica, sans-serif;\"><a href=\"https:\/\/asti71.org\/wp-content\/uploads\/2023\/10\/Deduction-fiscale-ASTI-75.png\" data-rel=\"lightbox-image-0\" data-rl_title=\"\" data-rl_caption=\"\" title=\"\">\u00a0 \u00a0 \u00a0 \u00a0 <img loading=\"lazy\" decoding=\"async\" class=\"alignnone wp-image-1873 size-full\" src=\"https:\/\/asti71.org\/wp-content\/uploads\/2023\/10\/Deduction-fiscale-ASTI-75.png\" alt=\"\" width=\"561\" height=\"169\" srcset=\"https:\/\/asti71.org\/wp-content\/uploads\/2023\/10\/Deduction-fiscale-ASTI-75.png 561w, https:\/\/asti71.org\/wp-content\/uploads\/2023\/10\/Deduction-fiscale-ASTI-75-300x90.png 300w, https:\/\/asti71.org\/wp-content\/uploads\/2023\/10\/Deduction-fiscale-ASTI-75-110x33.png 110w, https:\/\/asti71.org\/wp-content\/uploads\/2023\/10\/Deduction-fiscale-ASTI-75-420x127.png 420w\" sizes=\"auto, (max-width: 561px) 100vw, 561px\" \/><\/a><\/span><\/p>\n<p><span style=\"font-family: arial, helvetica, sans-serif;\">\u00a0 \u00a0 \u00a0 \u00a0 \u00a0Si vous faites un don par ch\u00e8que ou virement, vous recevrez votre re\u00e7u fiscal par courrier au d\u00e9but de l&rsquo;ann\u00e9e suivante de votre don.<\/span><\/p>\n<p><span style=\"font-family: arial, helvetica, sans-serif;\">\u00a0 \u00a0 \u00a0 \u00a0 \u00a0Si vous faites un don \u00e0 l&rsquo;ASTI via <a href=\"https:\/\/www.helloasso.com\/associations\/asti-71\/formulaires\/2\/widget\">Hello Asso<\/a>, votre re\u00e7u fiscal est disponible en t\u00e9l\u00e9chargement juste apr\u00e8s validation de votre virement sur le site d&rsquo;Hello Asso.<\/span><\/p>\n<ul>\n<li><span style=\"font-family: arial, helvetica, sans-serif;\"><strong>Pour les entreprises<\/strong>, r\u00e9duction d\u2019imp\u00f4t sur les soci\u00e9t\u00e9s de 60 % du montant de ces versements, plafonn\u00e9e \u00e0 20 000 \u20ac ou 5 \u2030 (5 pour mille) du chiffre d&rsquo;affaires annuel hors taxe de l\u2019entreprise. En cas de d\u00e9passement de plafond, l&rsquo;exc\u00e9dent est reportable sur les 5 exercices suivants.<\/span><\/li>\n<\/ul>\n<p><span style=\"font-family: arial, helvetica, sans-serif;\">\u00a0 \u00a0 \u00a0 \u00a0 \u00a0 N&rsquo;h\u00e9sitez pas \u00e0 nous contacter<\/span><\/p>\n<p><a href=\"https:\/\/asti71.org\/wp-content\/uploads\/2023\/11\/Don-entreprises.jpg\" data-rel=\"lightbox-image-1\" data-rl_title=\"\" data-rl_caption=\"\" title=\"\">\u00a0 \u00a0 \u00a0 \u00a0 <img loading=\"lazy\" decoding=\"async\" class=\"alignnone wp-image-1886 \" src=\"https:\/\/asti71.org\/wp-content\/uploads\/2023\/11\/Don-entreprises.jpg\" alt=\"\" width=\"600\" height=\"382\" srcset=\"https:\/\/asti71.org\/wp-content\/uploads\/2023\/11\/Don-entreprises.jpg 1100w, https:\/\/asti71.org\/wp-content\/uploads\/2023\/11\/Don-entreprises-300x191.jpg 300w, https:\/\/asti71.org\/wp-content\/uploads\/2023\/11\/Don-entreprises-1024x652.jpg 1024w, https:\/\/asti71.org\/wp-content\/uploads\/2023\/11\/Don-entreprises-768x489.jpg 768w, https:\/\/asti71.org\/wp-content\/uploads\/2023\/11\/Don-entreprises-110x70.jpg 110w, https:\/\/asti71.org\/wp-content\/uploads\/2023\/11\/Don-entreprises-420x267.jpg 420w, https:\/\/asti71.org\/wp-content\/uploads\/2023\/11\/Don-entreprises-676x430.jpg 676w\" sizes=\"auto, (max-width: 600px) 100vw, 600px\" \/><\/a><\/p>\n","protected":false},"excerpt":{"rendered":"<p>L\u2019ASTI 71 est une Association reconnue d\u2019int\u00e9r\u00eat g\u00e9n\u00e9ral et favorise le logement de personnes en difficult\u00e9 : Pour les particuliers,\u00a0r\u00e9duction d&rsquo;imp\u00f4t \u00e9gale \u00e0 75 % du montant de votre don, dans la limite de 1 000 \u20ac de don par an. Au del\u00e0, la r\u00e9duction est de 66 % du montant du don dans la [&hellip;]<\/p>\n","protected":false},"author":1,"featured_media":0,"parent":20,"menu_order":0,"comment_status":"closed","ping_status":"closed","template":"","meta":{"footnotes":""},"class_list":["post-68","page","type-page","status-publish","hentry"],"yoast_head":"<!-- This site is optimized with the Yoast SEO plugin v27.6 - https:\/\/yoast.com\/product\/yoast-seo-wordpress\/ -->\n<title>Don et d\u00e9fiscalisation - ASTI 71<\/title>\n<meta name=\"description\" content=\"L\u2019ASTI 71 est une Association reconnue d\u2019int\u00e9r\u00eat g\u00e9n\u00e9ral et favorise le logement de personnes en difficult\u00e9 :Pour les particuliers,\u00a0r\u00e9duction d&#039;imp\u00f4t \u00e9gale \u00e0 75 % du montant de votre don, dans la limite de 1 000 \u20ac de don par an. Au del\u00e0, la r\u00e9duction est de 66 % du montant du don dans la limite de 20 % de votre revenu net imposable, avec possibilit\u00e9 de report de l&#039;exc\u00e9dent sur un total de 5 ans. Pour les entreprises, r\u00e9duction d\u2019imp\u00f4t sur les soci\u00e9t\u00e9s de 60 % du montant de ces versements, plafonn\u00e9e \u00e0 20 000 \u20ac ou 5 \u2030 (5 pour mille) du chiffre d&#039;affaires annuel hors taxe de l\u2019entreprise. En cas de d\u00e9passement de plafond, l&#039;exc\u00e9dent est reportable sur les 5 exercices suivants.\u00a0 \u00a0 \u00a0 \u00a0 \u00a0 N&#039;h\u00e9sitez pas \u00e0 nous contacter.\" \/>\n<meta name=\"robots\" content=\"index, follow, max-snippet:-1, max-image-preview:large, max-video-preview:-1\" \/>\n<link rel=\"canonical\" href=\"https:\/\/asti71.org\/index.php\/nous-soutenir\/don-et-defiscalisation\/\" \/>\n<meta property=\"og:locale\" content=\"fr_FR\" \/>\n<meta property=\"og:type\" content=\"article\" \/>\n<meta property=\"og:title\" content=\"Don et d\u00e9fiscalisation - ASTI 71\" \/>\n<meta property=\"og:description\" content=\"L\u2019ASTI 71 est une Association reconnue d\u2019int\u00e9r\u00eat g\u00e9n\u00e9ral et favorise le logement de personnes en difficult\u00e9 :Pour les particuliers,\u00a0r\u00e9duction d&#039;imp\u00f4t \u00e9gale \u00e0 75 % du montant de votre don, dans la limite de 1 000 \u20ac de don par an. Au del\u00e0, la r\u00e9duction est de 66 % du montant du don dans la limite de 20 % de votre revenu net imposable, avec possibilit\u00e9 de report de l&#039;exc\u00e9dent sur un total de 5 ans. Pour les entreprises, r\u00e9duction d\u2019imp\u00f4t sur les soci\u00e9t\u00e9s de 60 % du montant de ces versements, plafonn\u00e9e \u00e0 20 000 \u20ac ou 5 \u2030 (5 pour mille) du chiffre d&#039;affaires annuel hors taxe de l\u2019entreprise. En cas de d\u00e9passement de plafond, l&#039;exc\u00e9dent est reportable sur les 5 exercices suivants.\u00a0 \u00a0 \u00a0 \u00a0 \u00a0 N&#039;h\u00e9sitez pas \u00e0 nous contacter.\" \/>\n<meta property=\"og:url\" content=\"https:\/\/asti71.org\/index.php\/nous-soutenir\/don-et-defiscalisation\/\" \/>\n<meta property=\"og:site_name\" content=\"ASTI 71\" \/>\n<meta property=\"article:publisher\" content=\"https:\/\/www.facebook.com\/asti.chalon\/\" \/>\n<meta property=\"article:modified_time\" content=\"2026-04-02T14:47:06+00:00\" \/>\n<meta property=\"og:image\" content=\"https:\/\/asti71.org\/wp-content\/uploads\/2023\/10\/Deduction-fiscale-ASTI-75.png\" \/>\n\t<meta property=\"og:image:width\" content=\"561\" \/>\n\t<meta property=\"og:image:height\" content=\"169\" \/>\n\t<meta property=\"og:image:type\" content=\"image\/png\" \/>\n<meta name=\"twitter:card\" content=\"summary_large_image\" \/>\n<meta name=\"twitter:label1\" content=\"Dur\u00e9e de lecture estim\u00e9e\" \/>\n\t<meta name=\"twitter:data1\" content=\"2 minutes\" \/>\n<script type=\"application\/ld+json\" class=\"yoast-schema-graph\">{\"@context\":\"https:\\\/\\\/schema.org\",\"@graph\":[{\"@type\":\"WebPage\",\"@id\":\"https:\\\/\\\/asti71.org\\\/index.php\\\/nous-soutenir\\\/don-et-defiscalisation\\\/\",\"url\":\"https:\\\/\\\/asti71.org\\\/index.php\\\/nous-soutenir\\\/don-et-defiscalisation\\\/\",\"name\":\"Don et d\u00e9fiscalisation - ASTI 71\",\"isPartOf\":{\"@id\":\"https:\\\/\\\/asti71.org\\\/#website\"},\"primaryImageOfPage\":{\"@id\":\"https:\\\/\\\/asti71.org\\\/index.php\\\/nous-soutenir\\\/don-et-defiscalisation\\\/#primaryimage\"},\"image\":{\"@id\":\"https:\\\/\\\/asti71.org\\\/index.php\\\/nous-soutenir\\\/don-et-defiscalisation\\\/#primaryimage\"},\"thumbnailUrl\":\"https:\\\/\\\/asti71.org\\\/wp-content\\\/uploads\\\/2023\\\/10\\\/Deduction-fiscale-ASTI-75.png\",\"datePublished\":\"2017-08-17T08:57:01+00:00\",\"dateModified\":\"2026-04-02T14:47:06+00:00\",\"description\":\"L\u2019ASTI 71 est une Association reconnue d\u2019int\u00e9r\u00eat g\u00e9n\u00e9ral et favorise le logement de personnes en difficult\u00e9 :Pour les particuliers,\u00a0r\u00e9duction d'imp\u00f4t \u00e9gale \u00e0 75 % du montant de votre don, dans la limite de 1 000 \u20ac de don par an. Au del\u00e0, la r\u00e9duction est de 66 % du montant du don dans la limite de 20 % de votre revenu net imposable, avec possibilit\u00e9 de report de l'exc\u00e9dent sur un total de 5 ans. Pour les entreprises, r\u00e9duction d\u2019imp\u00f4t sur les soci\u00e9t\u00e9s de 60 % du montant de ces versements, plafonn\u00e9e \u00e0 20 000 \u20ac ou 5 \u2030 (5 pour mille) du chiffre d'affaires annuel hors taxe de l\u2019entreprise. En cas de d\u00e9passement de plafond, l'exc\u00e9dent est reportable sur les 5 exercices suivants.\u00a0 \u00a0 \u00a0 \u00a0 \u00a0 N'h\u00e9sitez pas \u00e0 nous contacter.\",\"breadcrumb\":{\"@id\":\"https:\\\/\\\/asti71.org\\\/index.php\\\/nous-soutenir\\\/don-et-defiscalisation\\\/#breadcrumb\"},\"inLanguage\":\"fr-FR\",\"potentialAction\":[{\"@type\":\"ReadAction\",\"target\":[\"https:\\\/\\\/asti71.org\\\/index.php\\\/nous-soutenir\\\/don-et-defiscalisation\\\/\"]}]},{\"@type\":\"ImageObject\",\"inLanguage\":\"fr-FR\",\"@id\":\"https:\\\/\\\/asti71.org\\\/index.php\\\/nous-soutenir\\\/don-et-defiscalisation\\\/#primaryimage\",\"url\":\"https:\\\/\\\/asti71.org\\\/wp-content\\\/uploads\\\/2023\\\/10\\\/Deduction-fiscale-ASTI-75.png\",\"contentUrl\":\"https:\\\/\\\/asti71.org\\\/wp-content\\\/uploads\\\/2023\\\/10\\\/Deduction-fiscale-ASTI-75.png\",\"width\":561,\"height\":169},{\"@type\":\"BreadcrumbList\",\"@id\":\"https:\\\/\\\/asti71.org\\\/index.php\\\/nous-soutenir\\\/don-et-defiscalisation\\\/#breadcrumb\",\"itemListElement\":[{\"@type\":\"ListItem\",\"position\":1,\"name\":\"Accueil\",\"item\":\"https:\\\/\\\/asti71.org\\\/\"},{\"@type\":\"ListItem\",\"position\":2,\"name\":\"Nous soutenir\",\"item\":\"https:\\\/\\\/asti71.org\\\/index.php\\\/nous-soutenir\\\/\"},{\"@type\":\"ListItem\",\"position\":3,\"name\":\"Don et d\u00e9fiscalisation\"}]},{\"@type\":\"WebSite\",\"@id\":\"https:\\\/\\\/asti71.org\\\/#website\",\"url\":\"https:\\\/\\\/asti71.org\\\/\",\"name\":\"ASTI 71\",\"description\":\"\",\"publisher\":{\"@id\":\"https:\\\/\\\/asti71.org\\\/#organization\"},\"potentialAction\":[{\"@type\":\"SearchAction\",\"target\":{\"@type\":\"EntryPoint\",\"urlTemplate\":\"https:\\\/\\\/asti71.org\\\/?s={search_term_string}\"},\"query-input\":{\"@type\":\"PropertyValueSpecification\",\"valueRequired\":true,\"valueName\":\"search_term_string\"}}],\"inLanguage\":\"fr-FR\"},{\"@type\":\"Organization\",\"@id\":\"https:\\\/\\\/asti71.org\\\/#organization\",\"name\":\"ASTI 71\",\"url\":\"https:\\\/\\\/asti71.org\\\/\",\"logo\":{\"@type\":\"ImageObject\",\"inLanguage\":\"fr-FR\",\"@id\":\"https:\\\/\\\/asti71.org\\\/#\\\/schema\\\/logo\\\/image\\\/\",\"url\":\"https:\\\/\\\/asti71.org\\\/wp-content\\\/uploads\\\/2017\\\/10\\\/cropped-logo-e1508600698583.png\",\"contentUrl\":\"https:\\\/\\\/asti71.org\\\/wp-content\\\/uploads\\\/2017\\\/10\\\/cropped-logo-e1508600698583.png\",\"width\":100,\"height\":67,\"caption\":\"ASTI 71\"},\"image\":{\"@id\":\"https:\\\/\\\/asti71.org\\\/#\\\/schema\\\/logo\\\/image\\\/\"},\"sameAs\":[\"https:\\\/\\\/www.facebook.com\\\/asti.chalon\\\/\"]}]}<\/script>\n<!-- \/ Yoast SEO plugin. -->","yoast_head_json":{"title":"Don et d\u00e9fiscalisation - ASTI 71","description":"L\u2019ASTI 71 est une Association reconnue d\u2019int\u00e9r\u00eat g\u00e9n\u00e9ral et favorise le logement de personnes en difficult\u00e9 :Pour les particuliers,\u00a0r\u00e9duction d'imp\u00f4t \u00e9gale \u00e0 75 % du montant de votre don, dans la limite de 1 000 \u20ac de don par an. Au del\u00e0, la r\u00e9duction est de 66 % du montant du don dans la limite de 20 % de votre revenu net imposable, avec possibilit\u00e9 de report de l'exc\u00e9dent sur un total de 5 ans. Pour les entreprises, r\u00e9duction d\u2019imp\u00f4t sur les soci\u00e9t\u00e9s de 60 % du montant de ces versements, plafonn\u00e9e \u00e0 20 000 \u20ac ou 5 \u2030 (5 pour mille) du chiffre d'affaires annuel hors taxe de l\u2019entreprise. En cas de d\u00e9passement de plafond, l'exc\u00e9dent est reportable sur les 5 exercices suivants.\u00a0 \u00a0 \u00a0 \u00a0 \u00a0 N'h\u00e9sitez pas \u00e0 nous contacter.","robots":{"index":"index","follow":"follow","max-snippet":"max-snippet:-1","max-image-preview":"max-image-preview:large","max-video-preview":"max-video-preview:-1"},"canonical":"https:\/\/asti71.org\/index.php\/nous-soutenir\/don-et-defiscalisation\/","og_locale":"fr_FR","og_type":"article","og_title":"Don et d\u00e9fiscalisation - ASTI 71","og_description":"L\u2019ASTI 71 est une Association reconnue d\u2019int\u00e9r\u00eat g\u00e9n\u00e9ral et favorise le logement de personnes en difficult\u00e9 :Pour les particuliers,\u00a0r\u00e9duction d'imp\u00f4t \u00e9gale \u00e0 75 % du montant de votre don, dans la limite de 1 000 \u20ac de don par an. Au del\u00e0, la r\u00e9duction est de 66 % du montant du don dans la limite de 20 % de votre revenu net imposable, avec possibilit\u00e9 de report de l'exc\u00e9dent sur un total de 5 ans. Pour les entreprises, r\u00e9duction d\u2019imp\u00f4t sur les soci\u00e9t\u00e9s de 60 % du montant de ces versements, plafonn\u00e9e \u00e0 20 000 \u20ac ou 5 \u2030 (5 pour mille) du chiffre d'affaires annuel hors taxe de l\u2019entreprise. En cas de d\u00e9passement de plafond, l'exc\u00e9dent est reportable sur les 5 exercices suivants.\u00a0 \u00a0 \u00a0 \u00a0 \u00a0 N'h\u00e9sitez pas \u00e0 nous contacter.","og_url":"https:\/\/asti71.org\/index.php\/nous-soutenir\/don-et-defiscalisation\/","og_site_name":"ASTI 71","article_publisher":"https:\/\/www.facebook.com\/asti.chalon\/","article_modified_time":"2026-04-02T14:47:06+00:00","og_image":[{"width":561,"height":169,"url":"https:\/\/asti71.org\/wp-content\/uploads\/2023\/10\/Deduction-fiscale-ASTI-75.png","type":"image\/png"}],"twitter_card":"summary_large_image","twitter_misc":{"Dur\u00e9e de lecture estim\u00e9e":"2 minutes"},"schema":{"@context":"https:\/\/schema.org","@graph":[{"@type":"WebPage","@id":"https:\/\/asti71.org\/index.php\/nous-soutenir\/don-et-defiscalisation\/","url":"https:\/\/asti71.org\/index.php\/nous-soutenir\/don-et-defiscalisation\/","name":"Don et d\u00e9fiscalisation - ASTI 71","isPartOf":{"@id":"https:\/\/asti71.org\/#website"},"primaryImageOfPage":{"@id":"https:\/\/asti71.org\/index.php\/nous-soutenir\/don-et-defiscalisation\/#primaryimage"},"image":{"@id":"https:\/\/asti71.org\/index.php\/nous-soutenir\/don-et-defiscalisation\/#primaryimage"},"thumbnailUrl":"https:\/\/asti71.org\/wp-content\/uploads\/2023\/10\/Deduction-fiscale-ASTI-75.png","datePublished":"2017-08-17T08:57:01+00:00","dateModified":"2026-04-02T14:47:06+00:00","description":"L\u2019ASTI 71 est une Association reconnue d\u2019int\u00e9r\u00eat g\u00e9n\u00e9ral et favorise le logement de personnes en difficult\u00e9 :Pour les particuliers,\u00a0r\u00e9duction d'imp\u00f4t \u00e9gale \u00e0 75 % du montant de votre don, dans la limite de 1 000 \u20ac de don par an. Au del\u00e0, la r\u00e9duction est de 66 % du montant du don dans la limite de 20 % de votre revenu net imposable, avec possibilit\u00e9 de report de l'exc\u00e9dent sur un total de 5 ans. Pour les entreprises, r\u00e9duction d\u2019imp\u00f4t sur les soci\u00e9t\u00e9s de 60 % du montant de ces versements, plafonn\u00e9e \u00e0 20 000 \u20ac ou 5 \u2030 (5 pour mille) du chiffre d'affaires annuel hors taxe de l\u2019entreprise. En cas de d\u00e9passement de plafond, l'exc\u00e9dent est reportable sur les 5 exercices suivants.\u00a0 \u00a0 \u00a0 \u00a0 \u00a0 N'h\u00e9sitez pas \u00e0 nous contacter.","breadcrumb":{"@id":"https:\/\/asti71.org\/index.php\/nous-soutenir\/don-et-defiscalisation\/#breadcrumb"},"inLanguage":"fr-FR","potentialAction":[{"@type":"ReadAction","target":["https:\/\/asti71.org\/index.php\/nous-soutenir\/don-et-defiscalisation\/"]}]},{"@type":"ImageObject","inLanguage":"fr-FR","@id":"https:\/\/asti71.org\/index.php\/nous-soutenir\/don-et-defiscalisation\/#primaryimage","url":"https:\/\/asti71.org\/wp-content\/uploads\/2023\/10\/Deduction-fiscale-ASTI-75.png","contentUrl":"https:\/\/asti71.org\/wp-content\/uploads\/2023\/10\/Deduction-fiscale-ASTI-75.png","width":561,"height":169},{"@type":"BreadcrumbList","@id":"https:\/\/asti71.org\/index.php\/nous-soutenir\/don-et-defiscalisation\/#breadcrumb","itemListElement":[{"@type":"ListItem","position":1,"name":"Accueil","item":"https:\/\/asti71.org\/"},{"@type":"ListItem","position":2,"name":"Nous soutenir","item":"https:\/\/asti71.org\/index.php\/nous-soutenir\/"},{"@type":"ListItem","position":3,"name":"Don et d\u00e9fiscalisation"}]},{"@type":"WebSite","@id":"https:\/\/asti71.org\/#website","url":"https:\/\/asti71.org\/","name":"ASTI 71","description":"","publisher":{"@id":"https:\/\/asti71.org\/#organization"},"potentialAction":[{"@type":"SearchAction","target":{"@type":"EntryPoint","urlTemplate":"https:\/\/asti71.org\/?s={search_term_string}"},"query-input":{"@type":"PropertyValueSpecification","valueRequired":true,"valueName":"search_term_string"}}],"inLanguage":"fr-FR"},{"@type":"Organization","@id":"https:\/\/asti71.org\/#organization","name":"ASTI 71","url":"https:\/\/asti71.org\/","logo":{"@type":"ImageObject","inLanguage":"fr-FR","@id":"https:\/\/asti71.org\/#\/schema\/logo\/image\/","url":"https:\/\/asti71.org\/wp-content\/uploads\/2017\/10\/cropped-logo-e1508600698583.png","contentUrl":"https:\/\/asti71.org\/wp-content\/uploads\/2017\/10\/cropped-logo-e1508600698583.png","width":100,"height":67,"caption":"ASTI 71"},"image":{"@id":"https:\/\/asti71.org\/#\/schema\/logo\/image\/"},"sameAs":["https:\/\/www.facebook.com\/asti.chalon\/"]}]}},"_links":{"self":[{"href":"https:\/\/asti71.org\/index.php\/wp-json\/wp\/v2\/pages\/68","targetHints":{"allow":["GET"]}}],"collection":[{"href":"https:\/\/asti71.org\/index.php\/wp-json\/wp\/v2\/pages"}],"about":[{"href":"https:\/\/asti71.org\/index.php\/wp-json\/wp\/v2\/types\/page"}],"author":[{"embeddable":true,"href":"https:\/\/asti71.org\/index.php\/wp-json\/wp\/v2\/users\/1"}],"replies":[{"embeddable":true,"href":"https:\/\/asti71.org\/index.php\/wp-json\/wp\/v2\/comments?post=68"}],"version-history":[{"count":8,"href":"https:\/\/asti71.org\/index.php\/wp-json\/wp\/v2\/pages\/68\/revisions"}],"predecessor-version":[{"id":1888,"href":"https:\/\/asti71.org\/index.php\/wp-json\/wp\/v2\/pages\/68\/revisions\/1888"}],"up":[{"embeddable":true,"href":"https:\/\/asti71.org\/index.php\/wp-json\/wp\/v2\/pages\/20"}],"wp:attachment":[{"href":"https:\/\/asti71.org\/index.php\/wp-json\/wp\/v2\/media?parent=68"}],"curies":[{"name":"wp","href":"https:\/\/api.w.org\/{rel}","templated":true}]}}