{"id":822,"date":"2018-06-29T16:27:27","date_gmt":"2018-06-29T14:27:27","guid":{"rendered":"https:\/\/asti71.org\/?page_id=822"},"modified":"2026-04-02T16:34:10","modified_gmt":"2026-04-02T14:34:10","slug":"insertion-professionnelle","status":"publish","type":"page","link":"https:\/\/asti71.org\/index.php\/insertion-professionnelle\/","title":{"rendered":"Insertion sociale et professionnelle"},"content":{"rendered":"<p>Les personnes log\u00e9es par l&rsquo;ASTI ont autour d\u2019elles une \u00e9quipe de b\u00e9n\u00e9voles qui les accompagnent au quotidien cela leur permet de cr\u00e9er des liens sociaux et amicaux et contribue \u00e0 une meilleure int\u00e9gration.<\/p>\n<p>Elles suivent les cours de fran\u00e7ais propos\u00e9s dans nos ateliers d\u2019apprentissage du fran\u00e7ais (et\/ou ceux d&rsquo;autres associations si elles le souhaitent) et peuvent participer aux ateliers occupationnels (bricolage, jardinage).<\/p>\n<p>Lorsque les titres de s\u00e9jour sont obtenus, elles sont accompagn\u00e9es par la coordinatrice dans l&rsquo;ouverture aux droits (Assurance Maladie, CAF, &#8230;) et l&rsquo;insertion professionnelle afin de leur permettre de devenir financi\u00e8rement ind\u00e9pendant et obtenir un logement autonome.<\/p>\n","protected":false},"excerpt":{"rendered":"<p>Les personnes log\u00e9es par l&rsquo;ASTI ont autour d\u2019elles une \u00e9quipe de b\u00e9n\u00e9voles qui les accompagnent au quotidien cela leur permet de cr\u00e9er des liens sociaux et amicaux et contribue \u00e0 une meilleure int\u00e9gration. Elles suivent les cours de fran\u00e7ais propos\u00e9s dans nos ateliers d\u2019apprentissage du fran\u00e7ais (et\/ou ceux d&rsquo;autres associations si elles le souhaitent) et [&hellip;]<\/p>\n","protected":false},"author":1,"featured_media":0,"parent":0,"menu_order":0,"comment_status":"closed","ping_status":"closed","template":"","meta":{"footnotes":""},"class_list":["post-822","page","type-page","status-publish","hentry"],"yoast_head":"<!-- This site is optimized with the Yoast SEO plugin v27.3 - https:\/\/yoast.com\/product\/yoast-seo-wordpress\/ -->\n<title>Insertion sociale et professionnelle - ASTI 71<\/title>\n<meta name=\"description\" content=\"Les personnes log\u00e9es par l&#039;ASTI ont autour d\u2019elles une \u00e9quipe de b\u00e9n\u00e9voles qui les accompagnent au quotidien cela leur permet de cr\u00e9er des liens sociaux et amicaux et contribue \u00e0 une meilleure int\u00e9gration.Elles suivent les cours de fran\u00e7ais propos\u00e9s dans nos ateliers d\u2019apprentissage du fran\u00e7ais (et\/ou ceux d&#039;autres associations si elles le souhaitent) et peuvent participer aux ateliers occupationnels (bricolage, jardinage).Lorsque les titres de s\u00e9jour sont obtenus, elles sont accompagn\u00e9es par la coordinatrice dans l&#039;ouverture aux droits (Assurance Maladie, CAF, ...) et l&#039;insertion professionnelle afin de leur permettre de devenir financi\u00e8rement ind\u00e9pendant et obtenir un logement autonome.\" \/>\n<meta name=\"robots\" content=\"index, follow, max-snippet:-1, max-image-preview:large, max-video-preview:-1\" \/>\n<link rel=\"canonical\" href=\"https:\/\/asti71.org\/index.php\/insertion-professionnelle\/\" \/>\n<meta property=\"og:locale\" content=\"fr_FR\" \/>\n<meta property=\"og:type\" content=\"article\" \/>\n<meta property=\"og:title\" content=\"Insertion sociale et professionnelle - ASTI 71\" \/>\n<meta property=\"og:description\" content=\"Les personnes log\u00e9es par l&#039;ASTI ont autour d\u2019elles une \u00e9quipe de b\u00e9n\u00e9voles qui les accompagnent au quotidien cela leur permet de cr\u00e9er des liens sociaux et amicaux et contribue \u00e0 une meilleure int\u00e9gration.Elles suivent les cours de fran\u00e7ais propos\u00e9s dans nos ateliers d\u2019apprentissage du fran\u00e7ais (et\/ou ceux d&#039;autres associations si elles le souhaitent) et peuvent participer aux ateliers occupationnels (bricolage, jardinage).Lorsque les titres de s\u00e9jour sont obtenus, elles sont accompagn\u00e9es par la coordinatrice dans l&#039;ouverture aux droits (Assurance Maladie, CAF, ...) et l&#039;insertion professionnelle afin de leur permettre de devenir financi\u00e8rement ind\u00e9pendant et obtenir un logement autonome.\" \/>\n<meta property=\"og:url\" content=\"https:\/\/asti71.org\/index.php\/insertion-professionnelle\/\" \/>\n<meta property=\"og:site_name\" content=\"ASTI 71\" \/>\n<meta property=\"article:publisher\" content=\"https:\/\/www.facebook.com\/asti.chalon\/\" \/>\n<meta property=\"article:modified_time\" content=\"2026-04-02T14:34:10+00:00\" \/>\n<meta name=\"twitter:card\" content=\"summary_large_image\" \/>\n<meta name=\"twitter:label1\" content=\"Dur\u00e9e de lecture estim\u00e9e\" \/>\n\t<meta name=\"twitter:data1\" content=\"1 minute\" \/>\n<script type=\"application\/ld+json\" class=\"yoast-schema-graph\">{\"@context\":\"https:\\\/\\\/schema.org\",\"@graph\":[{\"@type\":\"WebPage\",\"@id\":\"https:\\\/\\\/asti71.org\\\/index.php\\\/insertion-professionnelle\\\/\",\"url\":\"https:\\\/\\\/asti71.org\\\/index.php\\\/insertion-professionnelle\\\/\",\"name\":\"Insertion sociale et professionnelle - ASTI 71\",\"isPartOf\":{\"@id\":\"https:\\\/\\\/asti71.org\\\/#website\"},\"datePublished\":\"2018-06-29T14:27:27+00:00\",\"dateModified\":\"2026-04-02T14:34:10+00:00\",\"description\":\"Les personnes log\u00e9es par l'ASTI ont autour d\u2019elles une \u00e9quipe de b\u00e9n\u00e9voles qui les accompagnent au quotidien cela leur permet de cr\u00e9er des liens sociaux et amicaux et contribue \u00e0 une meilleure int\u00e9gration.Elles suivent les cours de fran\u00e7ais propos\u00e9s dans nos ateliers d\u2019apprentissage du fran\u00e7ais (et\\\/ou ceux d'autres associations si elles le souhaitent) et peuvent participer aux ateliers occupationnels (bricolage, jardinage).Lorsque les titres de s\u00e9jour sont obtenus, elles sont accompagn\u00e9es par la coordinatrice dans l'ouverture aux droits (Assurance Maladie, CAF, ...) et l'insertion professionnelle afin de leur permettre de devenir financi\u00e8rement ind\u00e9pendant et obtenir un logement autonome.\",\"breadcrumb\":{\"@id\":\"https:\\\/\\\/asti71.org\\\/index.php\\\/insertion-professionnelle\\\/#breadcrumb\"},\"inLanguage\":\"fr-FR\",\"potentialAction\":[{\"@type\":\"ReadAction\",\"target\":[\"https:\\\/\\\/asti71.org\\\/index.php\\\/insertion-professionnelle\\\/\"]}]},{\"@type\":\"BreadcrumbList\",\"@id\":\"https:\\\/\\\/asti71.org\\\/index.php\\\/insertion-professionnelle\\\/#breadcrumb\",\"itemListElement\":[{\"@type\":\"ListItem\",\"position\":1,\"name\":\"Accueil\",\"item\":\"https:\\\/\\\/asti71.org\\\/\"},{\"@type\":\"ListItem\",\"position\":2,\"name\":\"Insertion sociale et professionnelle\"}]},{\"@type\":\"WebSite\",\"@id\":\"https:\\\/\\\/asti71.org\\\/#website\",\"url\":\"https:\\\/\\\/asti71.org\\\/\",\"name\":\"ASTI 71\",\"description\":\"\",\"publisher\":{\"@id\":\"https:\\\/\\\/asti71.org\\\/#organization\"},\"potentialAction\":[{\"@type\":\"SearchAction\",\"target\":{\"@type\":\"EntryPoint\",\"urlTemplate\":\"https:\\\/\\\/asti71.org\\\/?s={search_term_string}\"},\"query-input\":{\"@type\":\"PropertyValueSpecification\",\"valueRequired\":true,\"valueName\":\"search_term_string\"}}],\"inLanguage\":\"fr-FR\"},{\"@type\":\"Organization\",\"@id\":\"https:\\\/\\\/asti71.org\\\/#organization\",\"name\":\"ASTI 71\",\"url\":\"https:\\\/\\\/asti71.org\\\/\",\"logo\":{\"@type\":\"ImageObject\",\"inLanguage\":\"fr-FR\",\"@id\":\"https:\\\/\\\/asti71.org\\\/#\\\/schema\\\/logo\\\/image\\\/\",\"url\":\"https:\\\/\\\/asti71.org\\\/wp-content\\\/uploads\\\/2017\\\/10\\\/cropped-logo-e1508600698583.png\",\"contentUrl\":\"https:\\\/\\\/asti71.org\\\/wp-content\\\/uploads\\\/2017\\\/10\\\/cropped-logo-e1508600698583.png\",\"width\":100,\"height\":67,\"caption\":\"ASTI 71\"},\"image\":{\"@id\":\"https:\\\/\\\/asti71.org\\\/#\\\/schema\\\/logo\\\/image\\\/\"},\"sameAs\":[\"https:\\\/\\\/www.facebook.com\\\/asti.chalon\\\/\"]}]}<\/script>\n<!-- \/ Yoast SEO plugin. -->","yoast_head_json":{"title":"Insertion sociale et professionnelle - ASTI 71","description":"Les personnes log\u00e9es par l'ASTI ont autour d\u2019elles une \u00e9quipe de b\u00e9n\u00e9voles qui les accompagnent au quotidien cela leur permet de cr\u00e9er des liens sociaux et amicaux et contribue \u00e0 une meilleure int\u00e9gration.Elles suivent les cours de fran\u00e7ais propos\u00e9s dans nos ateliers d\u2019apprentissage du fran\u00e7ais (et\/ou ceux d'autres associations si elles le souhaitent) et peuvent participer aux ateliers occupationnels (bricolage, jardinage).Lorsque les titres de s\u00e9jour sont obtenus, elles sont accompagn\u00e9es par la coordinatrice dans l'ouverture aux droits (Assurance Maladie, CAF, ...) et l'insertion professionnelle afin de leur permettre de devenir financi\u00e8rement ind\u00e9pendant et obtenir un logement autonome.","robots":{"index":"index","follow":"follow","max-snippet":"max-snippet:-1","max-image-preview":"max-image-preview:large","max-video-preview":"max-video-preview:-1"},"canonical":"https:\/\/asti71.org\/index.php\/insertion-professionnelle\/","og_locale":"fr_FR","og_type":"article","og_title":"Insertion sociale et professionnelle - ASTI 71","og_description":"Les personnes log\u00e9es par l'ASTI ont autour d\u2019elles une \u00e9quipe de b\u00e9n\u00e9voles qui les accompagnent au quotidien cela leur permet de cr\u00e9er des liens sociaux et amicaux et contribue \u00e0 une meilleure int\u00e9gration.Elles suivent les cours de fran\u00e7ais propos\u00e9s dans nos ateliers d\u2019apprentissage du fran\u00e7ais (et\/ou ceux d'autres associations si elles le souhaitent) et peuvent participer aux ateliers occupationnels (bricolage, jardinage).Lorsque les titres de s\u00e9jour sont obtenus, elles sont accompagn\u00e9es par la coordinatrice dans l'ouverture aux droits (Assurance Maladie, CAF, ...) et l'insertion professionnelle afin de leur permettre de devenir financi\u00e8rement ind\u00e9pendant et obtenir un logement autonome.","og_url":"https:\/\/asti71.org\/index.php\/insertion-professionnelle\/","og_site_name":"ASTI 71","article_publisher":"https:\/\/www.facebook.com\/asti.chalon\/","article_modified_time":"2026-04-02T14:34:10+00:00","twitter_card":"summary_large_image","twitter_misc":{"Dur\u00e9e de lecture estim\u00e9e":"1 minute"},"schema":{"@context":"https:\/\/schema.org","@graph":[{"@type":"WebPage","@id":"https:\/\/asti71.org\/index.php\/insertion-professionnelle\/","url":"https:\/\/asti71.org\/index.php\/insertion-professionnelle\/","name":"Insertion sociale et professionnelle - ASTI 71","isPartOf":{"@id":"https:\/\/asti71.org\/#website"},"datePublished":"2018-06-29T14:27:27+00:00","dateModified":"2026-04-02T14:34:10+00:00","description":"Les personnes log\u00e9es par l'ASTI ont autour d\u2019elles une \u00e9quipe de b\u00e9n\u00e9voles qui les accompagnent au quotidien cela leur permet de cr\u00e9er des liens sociaux et amicaux et contribue \u00e0 une meilleure int\u00e9gration.Elles suivent les cours de fran\u00e7ais propos\u00e9s dans nos ateliers d\u2019apprentissage du fran\u00e7ais (et\/ou ceux d'autres associations si elles le souhaitent) et peuvent participer aux ateliers occupationnels (bricolage, jardinage).Lorsque les titres de s\u00e9jour sont obtenus, elles sont accompagn\u00e9es par la coordinatrice dans l'ouverture aux droits (Assurance Maladie, CAF, ...) et l'insertion professionnelle afin de leur permettre de devenir financi\u00e8rement ind\u00e9pendant et obtenir un logement autonome.","breadcrumb":{"@id":"https:\/\/asti71.org\/index.php\/insertion-professionnelle\/#breadcrumb"},"inLanguage":"fr-FR","potentialAction":[{"@type":"ReadAction","target":["https:\/\/asti71.org\/index.php\/insertion-professionnelle\/"]}]},{"@type":"BreadcrumbList","@id":"https:\/\/asti71.org\/index.php\/insertion-professionnelle\/#breadcrumb","itemListElement":[{"@type":"ListItem","position":1,"name":"Accueil","item":"https:\/\/asti71.org\/"},{"@type":"ListItem","position":2,"name":"Insertion sociale et professionnelle"}]},{"@type":"WebSite","@id":"https:\/\/asti71.org\/#website","url":"https:\/\/asti71.org\/","name":"ASTI 71","description":"","publisher":{"@id":"https:\/\/asti71.org\/#organization"},"potentialAction":[{"@type":"SearchAction","target":{"@type":"EntryPoint","urlTemplate":"https:\/\/asti71.org\/?s={search_term_string}"},"query-input":{"@type":"PropertyValueSpecification","valueRequired":true,"valueName":"search_term_string"}}],"inLanguage":"fr-FR"},{"@type":"Organization","@id":"https:\/\/asti71.org\/#organization","name":"ASTI 71","url":"https:\/\/asti71.org\/","logo":{"@type":"ImageObject","inLanguage":"fr-FR","@id":"https:\/\/asti71.org\/#\/schema\/logo\/image\/","url":"https:\/\/asti71.org\/wp-content\/uploads\/2017\/10\/cropped-logo-e1508600698583.png","contentUrl":"https:\/\/asti71.org\/wp-content\/uploads\/2017\/10\/cropped-logo-e1508600698583.png","width":100,"height":67,"caption":"ASTI 71"},"image":{"@id":"https:\/\/asti71.org\/#\/schema\/logo\/image\/"},"sameAs":["https:\/\/www.facebook.com\/asti.chalon\/"]}]}},"_links":{"self":[{"href":"https:\/\/asti71.org\/index.php\/wp-json\/wp\/v2\/pages\/822","targetHints":{"allow":["GET"]}}],"collection":[{"href":"https:\/\/asti71.org\/index.php\/wp-json\/wp\/v2\/pages"}],"about":[{"href":"https:\/\/asti71.org\/index.php\/wp-json\/wp\/v2\/types\/page"}],"author":[{"embeddable":true,"href":"https:\/\/asti71.org\/index.php\/wp-json\/wp\/v2\/users\/1"}],"replies":[{"embeddable":true,"href":"https:\/\/asti71.org\/index.php\/wp-json\/wp\/v2\/comments?post=822"}],"version-history":[{"count":5,"href":"https:\/\/asti71.org\/index.php\/wp-json\/wp\/v2\/pages\/822\/revisions"}],"predecessor-version":[{"id":1306,"href":"https:\/\/asti71.org\/index.php\/wp-json\/wp\/v2\/pages\/822\/revisions\/1306"}],"wp:attachment":[{"href":"https:\/\/asti71.org\/index.php\/wp-json\/wp\/v2\/media?parent=822"}],"curies":[{"name":"wp","href":"https:\/\/api.w.org\/{rel}","templated":true}]}}